{"id":6012,"date":"2024-06-06T14:38:33","date_gmt":"2024-06-06T14:38:33","guid":{"rendered":"https:\/\/www.ticol.pl\/sklep\/?post_type=product&#038;p=6012"},"modified":"2026-04-17T08:30:13","modified_gmt":"2026-04-17T08:30:13","slug":"naroznik-piankowy-100x100x100-gr-12-1300-szt","status":"publish","type":"product","link":"https:\/\/www.ticol.pl\/sklep\/produkty\/naroznik-piankowy-100x100x100-gr-12-1300-szt\/","title":{"rendered":"Naro\u017cnik Piankowy CutCorner 100\/12 &#8211; 1300 szt"},"content":{"rendered":"<p><strong>Pakowane po 1300 sztuk<\/strong><\/p>\n<p>Naro\u017cniki polietylenowe Cut Corner sprawdz\u0105 si\u0119 idealnie do ochrony kraw\u0119dzi szczeg\u00f3lnie nara\u017conych na uszkodzeniach. Nadadz\u0105 si\u0119 one do wype\u0142nienia i zabezpieczenia produkt\u00f3w w paczkach.<\/p>\n<p>Pianka PE jest elastyczna, odporna na uderzenia, a w dodatku sprawdzi si\u0119 jako izolacja.<\/p>\n<p><strong>Podlega ona w 100% recyklingowi i zdatna jest do wielokrotnego u\u017cycia.<\/strong><\/p>\n<p>W\u0142a\u015bciwo\u015bci:<\/p>\n<ul>\n<li>elastyczne<\/li>\n<li>bezwonne<\/li>\n<li>ekologiczne<\/li>\n<li>odporne na uderzenia<\/li>\n<li>niekrusz\u0105ce si\u0119<\/li>\n<\/ul>\n<p>&nbsp;<\/p>\n<p>Wymiary:<\/p>\n<p>A &#8211; 100 (mm)<\/p>\n<p>B &#8211; 100 (mm)<\/p>\n<p>C &#8211; 100 (mm)<\/p>\n<p>D &#8211; 12 (mm)<\/p>\n","protected":false},"excerpt":{"rendered":"<p>Pakowane po 1300 sztuk Naro\u017cniki polietylenowe Cut Corner sprawdz\u0105 si\u0119 idealnie do ochrony kraw\u0119dzi szczeg\u00f3lnie nara\u017conych na uszkodzeniach. Nadadz\u0105 si\u0119 one do wype\u0142nienia i zabezpieczenia produkt\u00f3w w paczkach. Pianka PE jest elastyczna, odporna na uderzenia, a w dodatku sprawdzi si\u0119 jako izolacja. Podlega ona w 100% recyklingowi i zdatna jest do wielokrotnego u\u017cycia. W\u0142a\u015bciwo\u015bci: elastyczne [&hellip;]<\/p>\n","protected":false},"featured_media":6009,"comment_status":"open","ping_status":"closed","template":"","meta":[],"product_brand":[],"product_cat":[66,50,67,15],"product_tag":[],"class_list":{"0":"post-6012","1":"product","2":"type-product","3":"status-publish","4":"has-post-thumbnail","6":"product_cat-narozniki-piankowe","7":"product_cat-pianka-pe","8":"product_cat-profile-i-narozniki-typ-u","9":"product_cat-wszystkie","10":"product_shipping_class-paczka","12":"first","13":"instock","14":"taxable","15":"shipping-taxable","16":"purchasable","17":"product-type-simple"},"yoast_head":"<!-- This site is optimized with the Yoast SEO plugin v27.1.1 - https:\/\/yoast.com\/product\/yoast-seo-wordpress\/ -->\n<title>Naro\u017cnik Piankowy CutCorner 100\/12 - 1300 szt &#8226; Ticol<\/title>\n<meta name=\"description\" content=\"Naro\u017cnik Piankowy CutCorner 100\/12 - 1300 szt \u2714\ufe0f Wysokiej jako\u015bci materia\u0142y! \u2714\ufe0f Ochrona produkt\u00f3w! \u2714\ufe0f Korzystne ceny! Sprawd\u017a teraz!\" \/>\n<meta name=\"robots\" content=\"index, follow, max-snippet:-1, max-image-preview:large, max-video-preview:-1\" \/>\n<link rel=\"canonical\" href=\"https:\/\/www.ticol.pl\/sklep\/produkty\/naroznik-piankowy-100x100x100-gr-12-1300-szt\/\" \/>\n<meta property=\"og:locale\" content=\"pl_PL\" \/>\n<meta property=\"og:type\" content=\"article\" \/>\n<meta property=\"og:title\" content=\"Naro\u017cnik Piankowy CutCorner 100\/12 - 1300 szt &#8226; Ticol\" \/>\n<meta property=\"og:description\" content=\"Naro\u017cnik Piankowy CutCorner 100\/12 - 1300 szt \u2714\ufe0f Wysokiej jako\u015bci materia\u0142y! \u2714\ufe0f Ochrona produkt\u00f3w! \u2714\ufe0f Korzystne ceny! Sprawd\u017a teraz!\" \/>\n<meta property=\"og:url\" content=\"https:\/\/www.ticol.pl\/sklep\/produkty\/naroznik-piankowy-100x100x100-gr-12-1300-szt\/\" \/>\n<meta property=\"og:site_name\" content=\"Ticol\" \/>\n<meta property=\"article:publisher\" content=\"https:\/\/www.facebook.com\/ticolspzoo\" \/>\n<meta property=\"article:modified_time\" content=\"2026-04-17T08:30:13+00:00\" \/>\n<meta property=\"og:image\" content=\"https:\/\/www.ticol.pl\/sklep\/wp-content\/uploads\/2022\/07\/corner100-scaled.jpeg\" \/>\n\t<meta property=\"og:image:width\" content=\"2560\" \/>\n\t<meta property=\"og:image:height\" content=\"2560\" \/>\n\t<meta property=\"og:image:type\" content=\"image\/jpeg\" \/>\n<meta name=\"twitter:card\" content=\"summary_large_image\" \/>\n<meta name=\"twitter:label1\" content=\"Szacowany czas czytania\" \/>\n\t<meta name=\"twitter:data1\" content=\"1 minuta\" \/>\n<script type=\"application\/ld+json\" class=\"yoast-schema-graph\">{\"@context\":\"https:\/\/schema.org\",\"@graph\":[{\"@type\":\"WebPage\",\"@id\":\"https:\/\/www.ticol.pl\/sklep\/produkty\/naroznik-piankowy-100x100x100-gr-12-1300-szt\/\",\"url\":\"https:\/\/www.ticol.pl\/sklep\/produkty\/naroznik-piankowy-100x100x100-gr-12-1300-szt\/\",\"name\":\"Naro\u017cnik Piankowy CutCorner 100\/12 - 1300 szt &#8226; Ticol\",\"isPartOf\":{\"@id\":\"https:\/\/www.ticol.pl\/sklep\/#website\"},\"primaryImageOfPage\":{\"@id\":\"https:\/\/www.ticol.pl\/sklep\/produkty\/naroznik-piankowy-100x100x100-gr-12-1300-szt\/#primaryimage\"},\"image\":{\"@id\":\"https:\/\/www.ticol.pl\/sklep\/produkty\/naroznik-piankowy-100x100x100-gr-12-1300-szt\/#primaryimage\"},\"thumbnailUrl\":\"https:\/\/www.ticol.pl\/sklep\/wp-content\/uploads\/2022\/07\/corner100-scaled.jpeg\",\"datePublished\":\"2024-06-06T14:38:33+00:00\",\"dateModified\":\"2026-04-17T08:30:13+00:00\",\"description\":\"Naro\u017cnik Piankowy CutCorner 100\/12 - 1300 szt \u2714\ufe0f Wysokiej jako\u015bci materia\u0142y! \u2714\ufe0f Ochrona produkt\u00f3w! \u2714\ufe0f Korzystne ceny! Sprawd\u017a teraz!\",\"breadcrumb\":{\"@id\":\"https:\/\/www.ticol.pl\/sklep\/produkty\/naroznik-piankowy-100x100x100-gr-12-1300-szt\/#breadcrumb\"},\"inLanguage\":\"pl-PL\",\"potentialAction\":[{\"@type\":\"ReadAction\",\"target\":[\"https:\/\/www.ticol.pl\/sklep\/produkty\/naroznik-piankowy-100x100x100-gr-12-1300-szt\/\"]}]},{\"@type\":\"ImageObject\",\"inLanguage\":\"pl-PL\",\"@id\":\"https:\/\/www.ticol.pl\/sklep\/produkty\/naroznik-piankowy-100x100x100-gr-12-1300-szt\/#primaryimage\",\"url\":\"https:\/\/www.ticol.pl\/sklep\/wp-content\/uploads\/2022\/07\/corner100-scaled.jpeg\",\"contentUrl\":\"https:\/\/www.ticol.pl\/sklep\/wp-content\/uploads\/2022\/07\/corner100-scaled.jpeg\",\"width\":2560,\"height\":2560,\"caption\":\"corner100\"},{\"@type\":\"BreadcrumbList\",\"@id\":\"https:\/\/www.ticol.pl\/sklep\/produkty\/naroznik-piankowy-100x100x100-gr-12-1300-szt\/#breadcrumb\",\"itemListElement\":[{\"@type\":\"ListItem\",\"position\":1,\"name\":\"Strona g\u0142\u00f3wna\",\"item\":\"https:\/\/www.ticol.pl\/sklep\/\"},{\"@type\":\"ListItem\",\"position\":2,\"name\":\"Produkty\",\"item\":\"https:\/\/www.ticol.pl\/sklep\/shop\/\"},{\"@type\":\"ListItem\",\"position\":3,\"name\":\"Naro\u017cnik Piankowy CutCorner 100\/12 &#8211; 1300 szt\"}]},{\"@type\":\"WebSite\",\"@id\":\"https:\/\/www.ticol.pl\/sklep\/#website\",\"url\":\"https:\/\/www.ticol.pl\/sklep\/\",\"name\":\"Ticol\",\"description\":\"Producent opakowa\u0144\",\"publisher\":{\"@id\":\"https:\/\/www.ticol.pl\/sklep\/#organization\"},\"alternateName\":\"Ticol\",\"potentialAction\":[{\"@type\":\"SearchAction\",\"target\":{\"@type\":\"EntryPoint\",\"urlTemplate\":\"https:\/\/www.ticol.pl\/sklep\/?s={search_term_string}\"},\"query-input\":{\"@type\":\"PropertyValueSpecification\",\"valueRequired\":true,\"valueName\":\"search_term_string\"}}],\"inLanguage\":\"pl-PL\"},{\"@type\":\"Organization\",\"@id\":\"https:\/\/www.ticol.pl\/sklep\/#organization\",\"name\":\"Ticol\",\"alternateName\":\"Ticol\",\"url\":\"https:\/\/www.ticol.pl\/sklep\/\",\"logo\":{\"@type\":\"ImageObject\",\"inLanguage\":\"pl-PL\",\"@id\":\"https:\/\/www.ticol.pl\/sklep\/#\/schema\/logo\/image\/\",\"url\":\"https:\/\/www.ticol.pl\/sklep\/wp-content\/uploads\/2023\/02\/logo-ticol.bmp\",\"contentUrl\":\"https:\/\/www.ticol.pl\/sklep\/wp-content\/uploads\/2023\/02\/logo-ticol.bmp\",\"width\":963,\"height\":260,\"caption\":\"Ticol\"},\"image\":{\"@id\":\"https:\/\/www.ticol.pl\/sklep\/#\/schema\/logo\/image\/\"},\"sameAs\":[\"https:\/\/www.facebook.com\/ticolspzoo\"]}]}<\/script>\n<!-- \/ Yoast SEO plugin. -->","yoast_head_json":{"title":"Naro\u017cnik Piankowy CutCorner 100\/12 - 1300 szt &#8226; Ticol","description":"Naro\u017cnik Piankowy CutCorner 100\/12 - 1300 szt \u2714\ufe0f Wysokiej jako\u015bci materia\u0142y! \u2714\ufe0f Ochrona produkt\u00f3w! \u2714\ufe0f Korzystne ceny! Sprawd\u017a teraz!","robots":{"index":"index","follow":"follow","max-snippet":"max-snippet:-1","max-image-preview":"max-image-preview:large","max-video-preview":"max-video-preview:-1"},"canonical":"https:\/\/www.ticol.pl\/sklep\/produkty\/naroznik-piankowy-100x100x100-gr-12-1300-szt\/","og_locale":"pl_PL","og_type":"article","og_title":"Naro\u017cnik Piankowy CutCorner 100\/12 - 1300 szt &#8226; Ticol","og_description":"Naro\u017cnik Piankowy CutCorner 100\/12 - 1300 szt \u2714\ufe0f Wysokiej jako\u015bci materia\u0142y! \u2714\ufe0f Ochrona produkt\u00f3w! \u2714\ufe0f Korzystne ceny! Sprawd\u017a teraz!","og_url":"https:\/\/www.ticol.pl\/sklep\/produkty\/naroznik-piankowy-100x100x100-gr-12-1300-szt\/","og_site_name":"Ticol","article_publisher":"https:\/\/www.facebook.com\/ticolspzoo","article_modified_time":"2026-04-17T08:30:13+00:00","og_image":[{"width":2560,"height":2560,"url":"https:\/\/www.ticol.pl\/sklep\/wp-content\/uploads\/2022\/07\/corner100-scaled.jpeg","type":"image\/jpeg"}],"twitter_card":"summary_large_image","twitter_misc":{"Szacowany czas czytania":"1 minuta"},"schema":{"@context":"https:\/\/schema.org","@graph":[{"@type":"WebPage","@id":"https:\/\/www.ticol.pl\/sklep\/produkty\/naroznik-piankowy-100x100x100-gr-12-1300-szt\/","url":"https:\/\/www.ticol.pl\/sklep\/produkty\/naroznik-piankowy-100x100x100-gr-12-1300-szt\/","name":"Naro\u017cnik Piankowy CutCorner 100\/12 - 1300 szt &#8226; Ticol","isPartOf":{"@id":"https:\/\/www.ticol.pl\/sklep\/#website"},"primaryImageOfPage":{"@id":"https:\/\/www.ticol.pl\/sklep\/produkty\/naroznik-piankowy-100x100x100-gr-12-1300-szt\/#primaryimage"},"image":{"@id":"https:\/\/www.ticol.pl\/sklep\/produkty\/naroznik-piankowy-100x100x100-gr-12-1300-szt\/#primaryimage"},"thumbnailUrl":"https:\/\/www.ticol.pl\/sklep\/wp-content\/uploads\/2022\/07\/corner100-scaled.jpeg","datePublished":"2024-06-06T14:38:33+00:00","dateModified":"2026-04-17T08:30:13+00:00","description":"Naro\u017cnik Piankowy CutCorner 100\/12 - 1300 szt \u2714\ufe0f Wysokiej jako\u015bci materia\u0142y! \u2714\ufe0f Ochrona produkt\u00f3w! \u2714\ufe0f Korzystne ceny! Sprawd\u017a teraz!","breadcrumb":{"@id":"https:\/\/www.ticol.pl\/sklep\/produkty\/naroznik-piankowy-100x100x100-gr-12-1300-szt\/#breadcrumb"},"inLanguage":"pl-PL","potentialAction":[{"@type":"ReadAction","target":["https:\/\/www.ticol.pl\/sklep\/produkty\/naroznik-piankowy-100x100x100-gr-12-1300-szt\/"]}]},{"@type":"ImageObject","inLanguage":"pl-PL","@id":"https:\/\/www.ticol.pl\/sklep\/produkty\/naroznik-piankowy-100x100x100-gr-12-1300-szt\/#primaryimage","url":"https:\/\/www.ticol.pl\/sklep\/wp-content\/uploads\/2022\/07\/corner100-scaled.jpeg","contentUrl":"https:\/\/www.ticol.pl\/sklep\/wp-content\/uploads\/2022\/07\/corner100-scaled.jpeg","width":2560,"height":2560,"caption":"corner100"},{"@type":"BreadcrumbList","@id":"https:\/\/www.ticol.pl\/sklep\/produkty\/naroznik-piankowy-100x100x100-gr-12-1300-szt\/#breadcrumb","itemListElement":[{"@type":"ListItem","position":1,"name":"Strona g\u0142\u00f3wna","item":"https:\/\/www.ticol.pl\/sklep\/"},{"@type":"ListItem","position":2,"name":"Produkty","item":"https:\/\/www.ticol.pl\/sklep\/shop\/"},{"@type":"ListItem","position":3,"name":"Naro\u017cnik Piankowy CutCorner 100\/12 &#8211; 1300 szt"}]},{"@type":"WebSite","@id":"https:\/\/www.ticol.pl\/sklep\/#website","url":"https:\/\/www.ticol.pl\/sklep\/","name":"Ticol","description":"Producent opakowa\u0144","publisher":{"@id":"https:\/\/www.ticol.pl\/sklep\/#organization"},"alternateName":"Ticol","potentialAction":[{"@type":"SearchAction","target":{"@type":"EntryPoint","urlTemplate":"https:\/\/www.ticol.pl\/sklep\/?s={search_term_string}"},"query-input":{"@type":"PropertyValueSpecification","valueRequired":true,"valueName":"search_term_string"}}],"inLanguage":"pl-PL"},{"@type":"Organization","@id":"https:\/\/www.ticol.pl\/sklep\/#organization","name":"Ticol","alternateName":"Ticol","url":"https:\/\/www.ticol.pl\/sklep\/","logo":{"@type":"ImageObject","inLanguage":"pl-PL","@id":"https:\/\/www.ticol.pl\/sklep\/#\/schema\/logo\/image\/","url":"https:\/\/www.ticol.pl\/sklep\/wp-content\/uploads\/2023\/02\/logo-ticol.bmp","contentUrl":"https:\/\/www.ticol.pl\/sklep\/wp-content\/uploads\/2023\/02\/logo-ticol.bmp","width":963,"height":260,"caption":"Ticol"},"image":{"@id":"https:\/\/www.ticol.pl\/sklep\/#\/schema\/logo\/image\/"},"sameAs":["https:\/\/www.facebook.com\/ticolspzoo"]}]}},"_links":{"self":[{"href":"https:\/\/www.ticol.pl\/sklep\/wp-json\/wp\/v2\/product\/6012","targetHints":{"allow":["GET"]}}],"collection":[{"href":"https:\/\/www.ticol.pl\/sklep\/wp-json\/wp\/v2\/product"}],"about":[{"href":"https:\/\/www.ticol.pl\/sklep\/wp-json\/wp\/v2\/types\/product"}],"replies":[{"embeddable":true,"href":"https:\/\/www.ticol.pl\/sklep\/wp-json\/wp\/v2\/comments?post=6012"}],"wp:featuredmedia":[{"embeddable":true,"href":"https:\/\/www.ticol.pl\/sklep\/wp-json\/wp\/v2\/media\/6009"}],"wp:attachment":[{"href":"https:\/\/www.ticol.pl\/sklep\/wp-json\/wp\/v2\/media?parent=6012"}],"wp:term":[{"taxonomy":"product_brand","embeddable":true,"href":"https:\/\/www.ticol.pl\/sklep\/wp-json\/wp\/v2\/product_brand?post=6012"},{"taxonomy":"product_cat","embeddable":true,"href":"https:\/\/www.ticol.pl\/sklep\/wp-json\/wp\/v2\/product_cat?post=6012"},{"taxonomy":"product_tag","embeddable":true,"href":"https:\/\/www.ticol.pl\/sklep\/wp-json\/wp\/v2\/product_tag?post=6012"}],"curies":[{"name":"wp","href":"https:\/\/api.w.org\/{rel}","templated":true}]}}