{"id":5712,"date":"2024-02-26T14:40:21","date_gmt":"2024-02-26T14:40:21","guid":{"rendered":"https:\/\/www.ticol.pl\/sklep\/?post_type=product&#038;p=5712"},"modified":"2026-04-17T10:53:23","modified_gmt":"2026-04-17T10:53:23","slug":"przekladka-styropianowa-1000x500x40-11-szt","status":"publish","type":"product","link":"https:\/\/www.ticol.pl\/sklep\/produkty\/przekladka-styropianowa-1000x500x40-11-szt\/","title":{"rendered":"Przek\u0142adka styropianowa &#8211; 1000x500x40 &#8211; 11 szt"},"content":{"rendered":"<p><strong>Pakowane po 11 sztuk<\/strong><\/p>\n<p>Przek\u0142adki styropianowe przyci\u0105gaj\u0105 rzesz\u0119 zwolennik\u00f3w ze wzgl\u0119du na ich wytrzyma\u0142o\u015b\u0107 i wysoki stopie\u0144 zabezpieczenia. Przy odpowiednim ich doborze jeste\u015bmy w stanie zabezpieczy\u0107 produkt na ca\u0142ej jego powierzchni i ograniczy\u0107 ryzyko uszkodzenia do minimum. Szczeg\u00f3lnie cz\u0119sto stosowane s\u0105 do przedmiot\u00f3w o du\u017cej, p\u0142askiej powierzchni.<\/p>\n<p>Dost\u0119pne jest jest wiele rodzaj\u00f3w przek\u0142adek z podzia\u0142em na materia\u0142 i wymiary!<\/p>\n<p>Do wyboru s\u0105 dwa rodzaje styropianu EPS 70 (mi\u0119kki) oraz EPS 200 (twardy). Zasadnicz\u0105 r\u00f3\u017cnic\u0105 pomi\u0119dzy tymi dwoma typami jest to, i\u017c materia\u0142 mi\u0119kki zazwyczaj u\u017cywa si\u0119 do produkt\u00f3w l\u017cejszych. Natomiast EPS 200 wykorzystywany jest do zabezpieczenia element\u00f3w wymagaj\u0105cej szczeg\u00f3lnej ochrony, nara\u017conych na wi\u0119ksze przeci\u0105\u017cenia spowodowanych zazwyczaj znaczn\u0105 wag\u0105.<\/p>\n<p>W\u0142a\u015bciwo\u015bci:<\/p>\n<ul>\n<li>absorbuj\u0105ce uderzenia<\/li>\n<li>bezwonne<\/li>\n<li>\u0142atwe w dopasowaniu<\/li>\n<li>\u015bwietne jako izolacja<\/li>\n<li>spr\u0119\u017cyste<\/li>\n<\/ul>\n<p>&nbsp;<\/p>\n<p>Wymiary:<\/p>\n<p>A &#8211; 1000 (mm)<\/p>\n<p>B &#8211; 500 (mm)<\/p>\n<p>C &#8211; 40 (mm)<\/p>\n<p>&nbsp;<\/p>\n<p>Ten PRODUKT WYTWARZANY jest z wysokiej jako\u015bci, CZYSTEGO SUROWCA bez domieszek regranulatu! Gwarantuje to najwy\u017csz\u0105 jako\u015b\u0107 oraz odporno\u015b\u0107 opakowania.<\/p>\n","protected":false},"excerpt":{"rendered":"<p>Pakowane po 11 sztuk Przek\u0142adki styropianowe przyci\u0105gaj\u0105 rzesz\u0119 zwolennik\u00f3w ze wzgl\u0119du na ich wytrzyma\u0142o\u015b\u0107 i wysoki stopie\u0144 zabezpieczenia. Przy odpowiednim ich doborze jeste\u015bmy w stanie zabezpieczy\u0107 produkt na ca\u0142ej jego powierzchni i ograniczy\u0107 ryzyko uszkodzenia do minimum. Szczeg\u00f3lnie cz\u0119sto stosowane s\u0105 do przedmiot\u00f3w o du\u017cej, p\u0142askiej powierzchni. Dost\u0119pne jest jest wiele rodzaj\u00f3w przek\u0142adek z podzia\u0142em [&hellip;]<\/p>\n","protected":false},"featured_media":5187,"comment_status":"open","ping_status":"closed","template":"","meta":[],"product_brand":[],"product_cat":[60,34,411,15],"product_tag":[],"class_list":{"0":"post-5712","1":"product","2":"type-product","3":"status-publish","4":"has-post-thumbnail","6":"product_cat-przekladki-styropianowe","7":"product_cat-ksztaltki-styropianowe","8":"product_cat-40-mm-styropian","9":"product_cat-wszystkie","10":"product_shipping_class-paczka","12":"first","13":"instock","14":"taxable","15":"shipping-taxable","16":"purchasable","17":"product-type-variable"},"yoast_head":"<!-- This site is optimized with the Yoast SEO plugin v27.1.1 - https:\/\/yoast.com\/product\/yoast-seo-wordpress\/ -->\n<title>Przek\u0142adka styropianowa - 1000x500x40 - 11 szt &#8226; Ticol<\/title>\n<meta name=\"description\" content=\"Przek\u0142adka styropianowa - 1000x500x40 - 11 szt \u2714\ufe0f Wysokiej jako\u015bci materia\u0142y! \u2714\ufe0f Ochrona produkt\u00f3w! \u2714\ufe0f Korzystne ceny! Sprawd\u017a teraz!\" \/>\n<meta name=\"robots\" content=\"index, follow, max-snippet:-1, max-image-preview:large, max-video-preview:-1\" \/>\n<link rel=\"canonical\" href=\"https:\/\/www.ticol.pl\/sklep\/produkty\/przekladka-styropianowa-1000x500x40-11-szt\/\" \/>\n<meta property=\"og:locale\" content=\"pl_PL\" \/>\n<meta property=\"og:type\" content=\"article\" \/>\n<meta property=\"og:title\" content=\"Przek\u0142adka styropianowa - 1000x500x40 - 11 szt &#8226; Ticol\" \/>\n<meta property=\"og:description\" content=\"Przek\u0142adka styropianowa - 1000x500x40 - 11 szt \u2714\ufe0f Wysokiej jako\u015bci materia\u0142y! \u2714\ufe0f Ochrona produkt\u00f3w! \u2714\ufe0f Korzystne ceny! Sprawd\u017a teraz!\" \/>\n<meta property=\"og:url\" content=\"https:\/\/www.ticol.pl\/sklep\/produkty\/przekladka-styropianowa-1000x500x40-11-szt\/\" \/>\n<meta property=\"og:site_name\" content=\"Ticol\" \/>\n<meta property=\"article:publisher\" content=\"https:\/\/www.facebook.com\/ticolspzoo\" \/>\n<meta property=\"article:modified_time\" content=\"2026-04-17T10:53:23+00:00\" \/>\n<meta property=\"og:image\" content=\"https:\/\/www.ticol.pl\/sklep\/wp-content\/uploads\/2022\/11\/przekladki.png\" \/>\n\t<meta property=\"og:image:width\" content=\"1100\" \/>\n\t<meta property=\"og:image:height\" content=\"1100\" \/>\n\t<meta property=\"og:image:type\" content=\"image\/png\" \/>\n<meta name=\"twitter:card\" content=\"summary_large_image\" \/>\n<meta name=\"twitter:label1\" content=\"Szacowany czas czytania\" \/>\n\t<meta name=\"twitter:data1\" content=\"2 minuty\" \/>\n<script type=\"application\/ld+json\" class=\"yoast-schema-graph\">{\"@context\":\"https:\/\/schema.org\",\"@graph\":[{\"@type\":\"WebPage\",\"@id\":\"https:\/\/www.ticol.pl\/sklep\/produkty\/przekladka-styropianowa-1000x500x40-11-szt\/\",\"url\":\"https:\/\/www.ticol.pl\/sklep\/produkty\/przekladka-styropianowa-1000x500x40-11-szt\/\",\"name\":\"Przek\u0142adka styropianowa - 1000x500x40 - 11 szt &#8226; Ticol\",\"isPartOf\":{\"@id\":\"https:\/\/www.ticol.pl\/sklep\/#website\"},\"primaryImageOfPage\":{\"@id\":\"https:\/\/www.ticol.pl\/sklep\/produkty\/przekladka-styropianowa-1000x500x40-11-szt\/#primaryimage\"},\"image\":{\"@id\":\"https:\/\/www.ticol.pl\/sklep\/produkty\/przekladka-styropianowa-1000x500x40-11-szt\/#primaryimage\"},\"thumbnailUrl\":\"https:\/\/www.ticol.pl\/sklep\/wp-content\/uploads\/2022\/11\/przekladki.png\",\"datePublished\":\"2024-02-26T14:40:21+00:00\",\"dateModified\":\"2026-04-17T10:53:23+00:00\",\"description\":\"Przek\u0142adka styropianowa - 1000x500x40 - 11 szt \u2714\ufe0f Wysokiej jako\u015bci materia\u0142y! \u2714\ufe0f Ochrona produkt\u00f3w! \u2714\ufe0f Korzystne ceny! Sprawd\u017a teraz!\",\"breadcrumb\":{\"@id\":\"https:\/\/www.ticol.pl\/sklep\/produkty\/przekladka-styropianowa-1000x500x40-11-szt\/#breadcrumb\"},\"inLanguage\":\"pl-PL\",\"potentialAction\":[{\"@type\":\"ReadAction\",\"target\":[\"https:\/\/www.ticol.pl\/sklep\/produkty\/przekladka-styropianowa-1000x500x40-11-szt\/\"]}]},{\"@type\":\"ImageObject\",\"inLanguage\":\"pl-PL\",\"@id\":\"https:\/\/www.ticol.pl\/sklep\/produkty\/przekladka-styropianowa-1000x500x40-11-szt\/#primaryimage\",\"url\":\"https:\/\/www.ticol.pl\/sklep\/wp-content\/uploads\/2022\/11\/przekladki.png\",\"contentUrl\":\"https:\/\/www.ticol.pl\/sklep\/wp-content\/uploads\/2022\/11\/przekladki.png\",\"width\":1100,\"height\":1100,\"caption\":\"przek\u0142adki\"},{\"@type\":\"BreadcrumbList\",\"@id\":\"https:\/\/www.ticol.pl\/sklep\/produkty\/przekladka-styropianowa-1000x500x40-11-szt\/#breadcrumb\",\"itemListElement\":[{\"@type\":\"ListItem\",\"position\":1,\"name\":\"Strona g\u0142\u00f3wna\",\"item\":\"https:\/\/www.ticol.pl\/sklep\/\"},{\"@type\":\"ListItem\",\"position\":2,\"name\":\"Produkty\",\"item\":\"https:\/\/www.ticol.pl\/sklep\/shop\/\"},{\"@type\":\"ListItem\",\"position\":3,\"name\":\"Przek\u0142adka styropianowa &#8211; 1000x500x40 &#8211; 11 szt\"}]},{\"@type\":\"WebSite\",\"@id\":\"https:\/\/www.ticol.pl\/sklep\/#website\",\"url\":\"https:\/\/www.ticol.pl\/sklep\/\",\"name\":\"Ticol\",\"description\":\"Producent opakowa\u0144\",\"publisher\":{\"@id\":\"https:\/\/www.ticol.pl\/sklep\/#organization\"},\"alternateName\":\"Ticol\",\"potentialAction\":[{\"@type\":\"SearchAction\",\"target\":{\"@type\":\"EntryPoint\",\"urlTemplate\":\"https:\/\/www.ticol.pl\/sklep\/?s={search_term_string}\"},\"query-input\":{\"@type\":\"PropertyValueSpecification\",\"valueRequired\":true,\"valueName\":\"search_term_string\"}}],\"inLanguage\":\"pl-PL\"},{\"@type\":\"Organization\",\"@id\":\"https:\/\/www.ticol.pl\/sklep\/#organization\",\"name\":\"Ticol\",\"alternateName\":\"Ticol\",\"url\":\"https:\/\/www.ticol.pl\/sklep\/\",\"logo\":{\"@type\":\"ImageObject\",\"inLanguage\":\"pl-PL\",\"@id\":\"https:\/\/www.ticol.pl\/sklep\/#\/schema\/logo\/image\/\",\"url\":\"https:\/\/www.ticol.pl\/sklep\/wp-content\/uploads\/2023\/02\/logo-ticol.bmp\",\"contentUrl\":\"https:\/\/www.ticol.pl\/sklep\/wp-content\/uploads\/2023\/02\/logo-ticol.bmp\",\"width\":963,\"height\":260,\"caption\":\"Ticol\"},\"image\":{\"@id\":\"https:\/\/www.ticol.pl\/sklep\/#\/schema\/logo\/image\/\"},\"sameAs\":[\"https:\/\/www.facebook.com\/ticolspzoo\"]}]}<\/script>\n<!-- \/ Yoast SEO plugin. -->","yoast_head_json":{"title":"Przek\u0142adka styropianowa - 1000x500x40 - 11 szt &#8226; Ticol","description":"Przek\u0142adka styropianowa - 1000x500x40 - 11 szt \u2714\ufe0f Wysokiej jako\u015bci materia\u0142y! \u2714\ufe0f Ochrona produkt\u00f3w! \u2714\ufe0f Korzystne ceny! Sprawd\u017a teraz!","robots":{"index":"index","follow":"follow","max-snippet":"max-snippet:-1","max-image-preview":"max-image-preview:large","max-video-preview":"max-video-preview:-1"},"canonical":"https:\/\/www.ticol.pl\/sklep\/produkty\/przekladka-styropianowa-1000x500x40-11-szt\/","og_locale":"pl_PL","og_type":"article","og_title":"Przek\u0142adka styropianowa - 1000x500x40 - 11 szt &#8226; Ticol","og_description":"Przek\u0142adka styropianowa - 1000x500x40 - 11 szt \u2714\ufe0f Wysokiej jako\u015bci materia\u0142y! \u2714\ufe0f Ochrona produkt\u00f3w! \u2714\ufe0f Korzystne ceny! Sprawd\u017a teraz!","og_url":"https:\/\/www.ticol.pl\/sklep\/produkty\/przekladka-styropianowa-1000x500x40-11-szt\/","og_site_name":"Ticol","article_publisher":"https:\/\/www.facebook.com\/ticolspzoo","article_modified_time":"2026-04-17T10:53:23+00:00","og_image":[{"width":1100,"height":1100,"url":"https:\/\/www.ticol.pl\/sklep\/wp-content\/uploads\/2022\/11\/przekladki.png","type":"image\/png"}],"twitter_card":"summary_large_image","twitter_misc":{"Szacowany czas czytania":"2 minuty"},"schema":{"@context":"https:\/\/schema.org","@graph":[{"@type":"WebPage","@id":"https:\/\/www.ticol.pl\/sklep\/produkty\/przekladka-styropianowa-1000x500x40-11-szt\/","url":"https:\/\/www.ticol.pl\/sklep\/produkty\/przekladka-styropianowa-1000x500x40-11-szt\/","name":"Przek\u0142adka styropianowa - 1000x500x40 - 11 szt &#8226; Ticol","isPartOf":{"@id":"https:\/\/www.ticol.pl\/sklep\/#website"},"primaryImageOfPage":{"@id":"https:\/\/www.ticol.pl\/sklep\/produkty\/przekladka-styropianowa-1000x500x40-11-szt\/#primaryimage"},"image":{"@id":"https:\/\/www.ticol.pl\/sklep\/produkty\/przekladka-styropianowa-1000x500x40-11-szt\/#primaryimage"},"thumbnailUrl":"https:\/\/www.ticol.pl\/sklep\/wp-content\/uploads\/2022\/11\/przekladki.png","datePublished":"2024-02-26T14:40:21+00:00","dateModified":"2026-04-17T10:53:23+00:00","description":"Przek\u0142adka styropianowa - 1000x500x40 - 11 szt \u2714\ufe0f Wysokiej jako\u015bci materia\u0142y! \u2714\ufe0f Ochrona produkt\u00f3w! \u2714\ufe0f Korzystne ceny! Sprawd\u017a teraz!","breadcrumb":{"@id":"https:\/\/www.ticol.pl\/sklep\/produkty\/przekladka-styropianowa-1000x500x40-11-szt\/#breadcrumb"},"inLanguage":"pl-PL","potentialAction":[{"@type":"ReadAction","target":["https:\/\/www.ticol.pl\/sklep\/produkty\/przekladka-styropianowa-1000x500x40-11-szt\/"]}]},{"@type":"ImageObject","inLanguage":"pl-PL","@id":"https:\/\/www.ticol.pl\/sklep\/produkty\/przekladka-styropianowa-1000x500x40-11-szt\/#primaryimage","url":"https:\/\/www.ticol.pl\/sklep\/wp-content\/uploads\/2022\/11\/przekladki.png","contentUrl":"https:\/\/www.ticol.pl\/sklep\/wp-content\/uploads\/2022\/11\/przekladki.png","width":1100,"height":1100,"caption":"przek\u0142adki"},{"@type":"BreadcrumbList","@id":"https:\/\/www.ticol.pl\/sklep\/produkty\/przekladka-styropianowa-1000x500x40-11-szt\/#breadcrumb","itemListElement":[{"@type":"ListItem","position":1,"name":"Strona g\u0142\u00f3wna","item":"https:\/\/www.ticol.pl\/sklep\/"},{"@type":"ListItem","position":2,"name":"Produkty","item":"https:\/\/www.ticol.pl\/sklep\/shop\/"},{"@type":"ListItem","position":3,"name":"Przek\u0142adka styropianowa &#8211; 1000x500x40 &#8211; 11 szt"}]},{"@type":"WebSite","@id":"https:\/\/www.ticol.pl\/sklep\/#website","url":"https:\/\/www.ticol.pl\/sklep\/","name":"Ticol","description":"Producent opakowa\u0144","publisher":{"@id":"https:\/\/www.ticol.pl\/sklep\/#organization"},"alternateName":"Ticol","potentialAction":[{"@type":"SearchAction","target":{"@type":"EntryPoint","urlTemplate":"https:\/\/www.ticol.pl\/sklep\/?s={search_term_string}"},"query-input":{"@type":"PropertyValueSpecification","valueRequired":true,"valueName":"search_term_string"}}],"inLanguage":"pl-PL"},{"@type":"Organization","@id":"https:\/\/www.ticol.pl\/sklep\/#organization","name":"Ticol","alternateName":"Ticol","url":"https:\/\/www.ticol.pl\/sklep\/","logo":{"@type":"ImageObject","inLanguage":"pl-PL","@id":"https:\/\/www.ticol.pl\/sklep\/#\/schema\/logo\/image\/","url":"https:\/\/www.ticol.pl\/sklep\/wp-content\/uploads\/2023\/02\/logo-ticol.bmp","contentUrl":"https:\/\/www.ticol.pl\/sklep\/wp-content\/uploads\/2023\/02\/logo-ticol.bmp","width":963,"height":260,"caption":"Ticol"},"image":{"@id":"https:\/\/www.ticol.pl\/sklep\/#\/schema\/logo\/image\/"},"sameAs":["https:\/\/www.facebook.com\/ticolspzoo"]}]}},"_links":{"self":[{"href":"https:\/\/www.ticol.pl\/sklep\/wp-json\/wp\/v2\/product\/5712","targetHints":{"allow":["GET"]}}],"collection":[{"href":"https:\/\/www.ticol.pl\/sklep\/wp-json\/wp\/v2\/product"}],"about":[{"href":"https:\/\/www.ticol.pl\/sklep\/wp-json\/wp\/v2\/types\/product"}],"replies":[{"embeddable":true,"href":"https:\/\/www.ticol.pl\/sklep\/wp-json\/wp\/v2\/comments?post=5712"}],"wp:featuredmedia":[{"embeddable":true,"href":"https:\/\/www.ticol.pl\/sklep\/wp-json\/wp\/v2\/media\/5187"}],"wp:attachment":[{"href":"https:\/\/www.ticol.pl\/sklep\/wp-json\/wp\/v2\/media?parent=5712"}],"wp:term":[{"taxonomy":"product_brand","embeddable":true,"href":"https:\/\/www.ticol.pl\/sklep\/wp-json\/wp\/v2\/product_brand?post=5712"},{"taxonomy":"product_cat","embeddable":true,"href":"https:\/\/www.ticol.pl\/sklep\/wp-json\/wp\/v2\/product_cat?post=5712"},{"taxonomy":"product_tag","embeddable":true,"href":"https:\/\/www.ticol.pl\/sklep\/wp-json\/wp\/v2\/product_tag?post=5712"}],"curies":[{"name":"wp","href":"https:\/\/api.w.org\/{rel}","templated":true}]}}