{"id":5582,"date":"2024-02-07T11:06:29","date_gmt":"2024-02-07T11:06:29","guid":{"rendered":"https:\/\/www.ticol.pl\/sklep\/?post_type=product&#038;p=5582"},"modified":"2025-01-15T13:11:42","modified_gmt":"2025-01-15T13:11:42","slug":"kartonowy-plaster-miodu-1000x300x50-22-szt","status":"publish","type":"product","link":"https:\/\/www.ticol.pl\/sklep\/produkty\/kartonowy-plaster-miodu-1000x300x50-22-szt\/","title":{"rendered":"Kartonowy plaster miodu &#8211; 1000x300x50 &#8211; 10 szt"},"content":{"rendered":"<p>Kartonowe plastry miodu znajduj\u0105 w swoje zastosowanie w wielu ga\u0142\u0119ziach przemys\u0142u. Najcz\u0119\u015bciej s\u0142u\u017c\u0105 w procesie produkcyjnym oraz magazynowania jako separatory i przek\u0142adki. Coraz wi\u0119ksza ilo\u015b\u0107 producent\u00f3w decyduje si\u0119 w\u0142a\u015bnie na to rozwi\u0105zanie ze wzgl\u0119du na wysoki stopie\u0144 ochrony, ekologiczno\u015b\u0107 i \u0142atwo\u015b\u0107 aplikacji.<\/p>\n<p>Struktura honeycomb rdzenia zabezpieczenia zapewnia wysok\u0105 odporno\u015b\u0107 na uderzenia czy zgniatanie.<\/p>\n<p>&nbsp;<\/p>\n<p><strong>\u015arednica rdzenia: 14 mm<\/strong><\/p>\n<p><strong>Papier: TL 120<\/strong><\/p>\n<p>&nbsp;<\/p>\n<p><strong>Wymiary:<\/strong><\/p>\n<p>D\u0142ugo\u015b\u0107\/szeroko\u015b\u0107\/grubo\u015b\u0107: <strong>1000 \/ 300 \/ 50 (mm)<\/strong><\/p>\n<p>&nbsp;<\/p>\n<p>Pakowane po:<strong> 10 sztuk<\/strong><\/p>\n<p>&nbsp;<\/p>\n<p>W\u0142a\u015bciwo\u015bci:<\/p>\n<ul>\n<li>\u0142atwa utylizacja<\/li>\n<li>wysoki stopie\u0144 zabezpieczenia<\/li>\n<li>\u0142atwy w sk\u0142adowaniu<\/li>\n<li>nieelastyczny<\/li>\n<\/ul>\n<p><strong>Wykonamy kszta\u0142tk\u0119 w ka\u017cdym wymiarze!<\/strong><\/p>\n<p><strong> Zapraszamy do kontaktu mailowego, telefonicznego, b\u0105d\u017a przez formularz kontaktowy!<\/strong><\/p>\n","protected":false},"excerpt":{"rendered":"<p>Kartonowe plastry miodu znajduj\u0105 w swoje zastosowanie w wielu ga\u0142\u0119ziach przemys\u0142u. Najcz\u0119\u015bciej s\u0142u\u017c\u0105 w procesie produkcyjnym oraz magazynowania jako separatory i przek\u0142adki. Coraz wi\u0119ksza ilo\u015b\u0107 producent\u00f3w decyduje si\u0119 w\u0142a\u015bnie na to rozwi\u0105zanie ze wzgl\u0119du na wysoki stopie\u0144 ochrony, ekologiczno\u015b\u0107 i \u0142atwo\u015b\u0107 aplikacji. Struktura honeycomb rdzenia zabezpieczenia zapewnia wysok\u0105 odporno\u015b\u0107 na uderzenia czy zgniatanie. &nbsp; \u015arednica [&hellip;]<\/p>\n","protected":false},"featured_media":5666,"comment_status":"open","ping_status":"closed","template":"","meta":[],"product_brand":[],"product_cat":[407,163],"product_tag":[],"class_list":{"0":"post-5582","1":"product","2":"type-product","3":"status-publish","4":"has-post-thumbnail","6":"product_cat-50-mm","7":"product_cat-kartonowy-plaster-miodu","8":"product_shipping_class-paczka","10":"first","11":"instock","12":"taxable","13":"shipping-taxable","14":"purchasable","15":"product-type-simple"},"yoast_head":"<!-- This site is optimized with the Yoast SEO plugin v27.1.1 - https:\/\/yoast.com\/product\/yoast-seo-wordpress\/ -->\n<title>Kartonowy plaster miodu - 1000x300x50 - 10 szt &#8226; Ticol<\/title>\n<meta name=\"description\" content=\"Kartonowy plaster miodu - 1000x300x50 - 10 szt \u2714\ufe0f Wysokiej jako\u015bci materia\u0142y! \u2714\ufe0f Ochrona produkt\u00f3w! \u2714\ufe0f Korzystne ceny! Sprawd\u017a teraz!\" \/>\n<meta name=\"robots\" content=\"index, follow, max-snippet:-1, max-image-preview:large, max-video-preview:-1\" \/>\n<link rel=\"canonical\" href=\"https:\/\/www.ticol.pl\/sklep\/produkty\/kartonowy-plaster-miodu-1000x300x50-22-szt\/\" \/>\n<meta property=\"og:locale\" content=\"pl_PL\" \/>\n<meta property=\"og:type\" content=\"article\" \/>\n<meta property=\"og:title\" content=\"Kartonowy plaster miodu - 1000x300x50 - 10 szt &#8226; Ticol\" \/>\n<meta property=\"og:description\" content=\"Kartonowy plaster miodu - 1000x300x50 - 10 szt \u2714\ufe0f Wysokiej jako\u015bci materia\u0142y! \u2714\ufe0f Ochrona produkt\u00f3w! \u2714\ufe0f Korzystne ceny! Sprawd\u017a teraz!\" \/>\n<meta property=\"og:url\" content=\"https:\/\/www.ticol.pl\/sklep\/produkty\/kartonowy-plaster-miodu-1000x300x50-22-szt\/\" \/>\n<meta property=\"og:site_name\" content=\"Ticol\" \/>\n<meta property=\"article:publisher\" content=\"https:\/\/www.facebook.com\/ticolspzoo\" \/>\n<meta property=\"article:modified_time\" content=\"2025-01-15T13:11:42+00:00\" \/>\n<meta property=\"og:image\" content=\"https:\/\/www.ticol.pl\/sklep\/wp-content\/uploads\/2024\/02\/karton-plaster-miodu.png\" \/>\n\t<meta property=\"og:image:width\" content=\"1101\" \/>\n\t<meta property=\"og:image:height\" content=\"1101\" \/>\n\t<meta property=\"og:image:type\" content=\"image\/png\" \/>\n<meta name=\"twitter:card\" content=\"summary_large_image\" \/>\n<meta name=\"twitter:label1\" content=\"Szacowany czas czytania\" \/>\n\t<meta name=\"twitter:data1\" content=\"1 minuta\" \/>\n<script type=\"application\/ld+json\" class=\"yoast-schema-graph\">{\"@context\":\"https:\/\/schema.org\",\"@graph\":[{\"@type\":\"WebPage\",\"@id\":\"https:\/\/www.ticol.pl\/sklep\/produkty\/kartonowy-plaster-miodu-1000x300x50-22-szt\/\",\"url\":\"https:\/\/www.ticol.pl\/sklep\/produkty\/kartonowy-plaster-miodu-1000x300x50-22-szt\/\",\"name\":\"Kartonowy plaster miodu - 1000x300x50 - 10 szt &#8226; Ticol\",\"isPartOf\":{\"@id\":\"https:\/\/www.ticol.pl\/sklep\/#website\"},\"primaryImageOfPage\":{\"@id\":\"https:\/\/www.ticol.pl\/sklep\/produkty\/kartonowy-plaster-miodu-1000x300x50-22-szt\/#primaryimage\"},\"image\":{\"@id\":\"https:\/\/www.ticol.pl\/sklep\/produkty\/kartonowy-plaster-miodu-1000x300x50-22-szt\/#primaryimage\"},\"thumbnailUrl\":\"https:\/\/www.ticol.pl\/sklep\/wp-content\/uploads\/2024\/02\/karton-plaster-miodu.png\",\"datePublished\":\"2024-02-07T11:06:29+00:00\",\"dateModified\":\"2025-01-15T13:11:42+00:00\",\"description\":\"Kartonowy plaster miodu - 1000x300x50 - 10 szt \u2714\ufe0f Wysokiej jako\u015bci materia\u0142y! \u2714\ufe0f Ochrona produkt\u00f3w! \u2714\ufe0f Korzystne ceny! Sprawd\u017a teraz!\",\"breadcrumb\":{\"@id\":\"https:\/\/www.ticol.pl\/sklep\/produkty\/kartonowy-plaster-miodu-1000x300x50-22-szt\/#breadcrumb\"},\"inLanguage\":\"pl-PL\",\"potentialAction\":[{\"@type\":\"ReadAction\",\"target\":[\"https:\/\/www.ticol.pl\/sklep\/produkty\/kartonowy-plaster-miodu-1000x300x50-22-szt\/\"]}]},{\"@type\":\"ImageObject\",\"inLanguage\":\"pl-PL\",\"@id\":\"https:\/\/www.ticol.pl\/sklep\/produkty\/kartonowy-plaster-miodu-1000x300x50-22-szt\/#primaryimage\",\"url\":\"https:\/\/www.ticol.pl\/sklep\/wp-content\/uploads\/2024\/02\/karton-plaster-miodu.png\",\"contentUrl\":\"https:\/\/www.ticol.pl\/sklep\/wp-content\/uploads\/2024\/02\/karton-plaster-miodu.png\",\"width\":1101,\"height\":1101,\"caption\":\"karton plaster miodu\"},{\"@type\":\"BreadcrumbList\",\"@id\":\"https:\/\/www.ticol.pl\/sklep\/produkty\/kartonowy-plaster-miodu-1000x300x50-22-szt\/#breadcrumb\",\"itemListElement\":[{\"@type\":\"ListItem\",\"position\":1,\"name\":\"Strona g\u0142\u00f3wna\",\"item\":\"https:\/\/www.ticol.pl\/sklep\/\"},{\"@type\":\"ListItem\",\"position\":2,\"name\":\"Produkty\",\"item\":\"https:\/\/www.ticol.pl\/sklep\/shop\/\"},{\"@type\":\"ListItem\",\"position\":3,\"name\":\"Kartonowy plaster miodu &#8211; 1000x300x50 &#8211; 10 szt\"}]},{\"@type\":\"WebSite\",\"@id\":\"https:\/\/www.ticol.pl\/sklep\/#website\",\"url\":\"https:\/\/www.ticol.pl\/sklep\/\",\"name\":\"Ticol\",\"description\":\"Producent opakowa\u0144\",\"publisher\":{\"@id\":\"https:\/\/www.ticol.pl\/sklep\/#organization\"},\"alternateName\":\"Ticol\",\"potentialAction\":[{\"@type\":\"SearchAction\",\"target\":{\"@type\":\"EntryPoint\",\"urlTemplate\":\"https:\/\/www.ticol.pl\/sklep\/?s={search_term_string}\"},\"query-input\":{\"@type\":\"PropertyValueSpecification\",\"valueRequired\":true,\"valueName\":\"search_term_string\"}}],\"inLanguage\":\"pl-PL\"},{\"@type\":\"Organization\",\"@id\":\"https:\/\/www.ticol.pl\/sklep\/#organization\",\"name\":\"Ticol\",\"alternateName\":\"Ticol\",\"url\":\"https:\/\/www.ticol.pl\/sklep\/\",\"logo\":{\"@type\":\"ImageObject\",\"inLanguage\":\"pl-PL\",\"@id\":\"https:\/\/www.ticol.pl\/sklep\/#\/schema\/logo\/image\/\",\"url\":\"https:\/\/www.ticol.pl\/sklep\/wp-content\/uploads\/2023\/02\/logo-ticol.bmp\",\"contentUrl\":\"https:\/\/www.ticol.pl\/sklep\/wp-content\/uploads\/2023\/02\/logo-ticol.bmp\",\"width\":963,\"height\":260,\"caption\":\"Ticol\"},\"image\":{\"@id\":\"https:\/\/www.ticol.pl\/sklep\/#\/schema\/logo\/image\/\"},\"sameAs\":[\"https:\/\/www.facebook.com\/ticolspzoo\"]}]}<\/script>\n<!-- \/ Yoast SEO plugin. -->","yoast_head_json":{"title":"Kartonowy plaster miodu - 1000x300x50 - 10 szt &#8226; Ticol","description":"Kartonowy plaster miodu - 1000x300x50 - 10 szt \u2714\ufe0f Wysokiej jako\u015bci materia\u0142y! \u2714\ufe0f Ochrona produkt\u00f3w! \u2714\ufe0f Korzystne ceny! Sprawd\u017a teraz!","robots":{"index":"index","follow":"follow","max-snippet":"max-snippet:-1","max-image-preview":"max-image-preview:large","max-video-preview":"max-video-preview:-1"},"canonical":"https:\/\/www.ticol.pl\/sklep\/produkty\/kartonowy-plaster-miodu-1000x300x50-22-szt\/","og_locale":"pl_PL","og_type":"article","og_title":"Kartonowy plaster miodu - 1000x300x50 - 10 szt &#8226; Ticol","og_description":"Kartonowy plaster miodu - 1000x300x50 - 10 szt \u2714\ufe0f Wysokiej jako\u015bci materia\u0142y! \u2714\ufe0f Ochrona produkt\u00f3w! \u2714\ufe0f Korzystne ceny! Sprawd\u017a teraz!","og_url":"https:\/\/www.ticol.pl\/sklep\/produkty\/kartonowy-plaster-miodu-1000x300x50-22-szt\/","og_site_name":"Ticol","article_publisher":"https:\/\/www.facebook.com\/ticolspzoo","article_modified_time":"2025-01-15T13:11:42+00:00","og_image":[{"width":1101,"height":1101,"url":"https:\/\/www.ticol.pl\/sklep\/wp-content\/uploads\/2024\/02\/karton-plaster-miodu.png","type":"image\/png"}],"twitter_card":"summary_large_image","twitter_misc":{"Szacowany czas czytania":"1 minuta"},"schema":{"@context":"https:\/\/schema.org","@graph":[{"@type":"WebPage","@id":"https:\/\/www.ticol.pl\/sklep\/produkty\/kartonowy-plaster-miodu-1000x300x50-22-szt\/","url":"https:\/\/www.ticol.pl\/sklep\/produkty\/kartonowy-plaster-miodu-1000x300x50-22-szt\/","name":"Kartonowy plaster miodu - 1000x300x50 - 10 szt &#8226; Ticol","isPartOf":{"@id":"https:\/\/www.ticol.pl\/sklep\/#website"},"primaryImageOfPage":{"@id":"https:\/\/www.ticol.pl\/sklep\/produkty\/kartonowy-plaster-miodu-1000x300x50-22-szt\/#primaryimage"},"image":{"@id":"https:\/\/www.ticol.pl\/sklep\/produkty\/kartonowy-plaster-miodu-1000x300x50-22-szt\/#primaryimage"},"thumbnailUrl":"https:\/\/www.ticol.pl\/sklep\/wp-content\/uploads\/2024\/02\/karton-plaster-miodu.png","datePublished":"2024-02-07T11:06:29+00:00","dateModified":"2025-01-15T13:11:42+00:00","description":"Kartonowy plaster miodu - 1000x300x50 - 10 szt \u2714\ufe0f Wysokiej jako\u015bci materia\u0142y! \u2714\ufe0f Ochrona produkt\u00f3w! \u2714\ufe0f Korzystne ceny! Sprawd\u017a teraz!","breadcrumb":{"@id":"https:\/\/www.ticol.pl\/sklep\/produkty\/kartonowy-plaster-miodu-1000x300x50-22-szt\/#breadcrumb"},"inLanguage":"pl-PL","potentialAction":[{"@type":"ReadAction","target":["https:\/\/www.ticol.pl\/sklep\/produkty\/kartonowy-plaster-miodu-1000x300x50-22-szt\/"]}]},{"@type":"ImageObject","inLanguage":"pl-PL","@id":"https:\/\/www.ticol.pl\/sklep\/produkty\/kartonowy-plaster-miodu-1000x300x50-22-szt\/#primaryimage","url":"https:\/\/www.ticol.pl\/sklep\/wp-content\/uploads\/2024\/02\/karton-plaster-miodu.png","contentUrl":"https:\/\/www.ticol.pl\/sklep\/wp-content\/uploads\/2024\/02\/karton-plaster-miodu.png","width":1101,"height":1101,"caption":"karton plaster miodu"},{"@type":"BreadcrumbList","@id":"https:\/\/www.ticol.pl\/sklep\/produkty\/kartonowy-plaster-miodu-1000x300x50-22-szt\/#breadcrumb","itemListElement":[{"@type":"ListItem","position":1,"name":"Strona g\u0142\u00f3wna","item":"https:\/\/www.ticol.pl\/sklep\/"},{"@type":"ListItem","position":2,"name":"Produkty","item":"https:\/\/www.ticol.pl\/sklep\/shop\/"},{"@type":"ListItem","position":3,"name":"Kartonowy plaster miodu &#8211; 1000x300x50 &#8211; 10 szt"}]},{"@type":"WebSite","@id":"https:\/\/www.ticol.pl\/sklep\/#website","url":"https:\/\/www.ticol.pl\/sklep\/","name":"Ticol","description":"Producent opakowa\u0144","publisher":{"@id":"https:\/\/www.ticol.pl\/sklep\/#organization"},"alternateName":"Ticol","potentialAction":[{"@type":"SearchAction","target":{"@type":"EntryPoint","urlTemplate":"https:\/\/www.ticol.pl\/sklep\/?s={search_term_string}"},"query-input":{"@type":"PropertyValueSpecification","valueRequired":true,"valueName":"search_term_string"}}],"inLanguage":"pl-PL"},{"@type":"Organization","@id":"https:\/\/www.ticol.pl\/sklep\/#organization","name":"Ticol","alternateName":"Ticol","url":"https:\/\/www.ticol.pl\/sklep\/","logo":{"@type":"ImageObject","inLanguage":"pl-PL","@id":"https:\/\/www.ticol.pl\/sklep\/#\/schema\/logo\/image\/","url":"https:\/\/www.ticol.pl\/sklep\/wp-content\/uploads\/2023\/02\/logo-ticol.bmp","contentUrl":"https:\/\/www.ticol.pl\/sklep\/wp-content\/uploads\/2023\/02\/logo-ticol.bmp","width":963,"height":260,"caption":"Ticol"},"image":{"@id":"https:\/\/www.ticol.pl\/sklep\/#\/schema\/logo\/image\/"},"sameAs":["https:\/\/www.facebook.com\/ticolspzoo"]}]}},"_links":{"self":[{"href":"https:\/\/www.ticol.pl\/sklep\/wp-json\/wp\/v2\/product\/5582","targetHints":{"allow":["GET"]}}],"collection":[{"href":"https:\/\/www.ticol.pl\/sklep\/wp-json\/wp\/v2\/product"}],"about":[{"href":"https:\/\/www.ticol.pl\/sklep\/wp-json\/wp\/v2\/types\/product"}],"replies":[{"embeddable":true,"href":"https:\/\/www.ticol.pl\/sklep\/wp-json\/wp\/v2\/comments?post=5582"}],"wp:featuredmedia":[{"embeddable":true,"href":"https:\/\/www.ticol.pl\/sklep\/wp-json\/wp\/v2\/media\/5666"}],"wp:attachment":[{"href":"https:\/\/www.ticol.pl\/sklep\/wp-json\/wp\/v2\/media?parent=5582"}],"wp:term":[{"taxonomy":"product_brand","embeddable":true,"href":"https:\/\/www.ticol.pl\/sklep\/wp-json\/wp\/v2\/product_brand?post=5582"},{"taxonomy":"product_cat","embeddable":true,"href":"https:\/\/www.ticol.pl\/sklep\/wp-json\/wp\/v2\/product_cat?post=5582"},{"taxonomy":"product_tag","embeddable":true,"href":"https:\/\/www.ticol.pl\/sklep\/wp-json\/wp\/v2\/product_tag?post=5582"}],"curies":[{"name":"wp","href":"https:\/\/api.w.org\/{rel}","templated":true}]}}