{"id":5264,"date":"2023-08-16T11:25:00","date_gmt":"2023-08-16T11:25:00","guid":{"rendered":"https:\/\/www.ticol.pl\/sklep\/?post_type=product&#038;p=5264"},"modified":"2024-11-20T11:24:28","modified_gmt":"2024-11-20T11:24:28","slug":"arkusz-pianka-pe-1000x200x20-50-szt","status":"publish","type":"product","link":"https:\/\/www.ticol.pl\/sklep\/produkty\/arkusz-pianka-pe-1000x200x20-50-szt\/","title":{"rendered":"Arkusz Pianka PE &#8211; 1000x200x20 &#8211; 50 szt"},"content":{"rendered":"<p><strong>Pakowane po 50 sztuk w karton<\/strong><\/p>\n<p>Przek\u0142adki polietylenowe (PE) przekonuj\u0105 do siebie coraz wi\u0119ksz\u0105 ilo\u015b\u0107 producent\u00f3w, a to za spraw\u0105 ich trwa\u0142o\u015bci, ekologiczno\u015bci, odporno\u015bci na uderzenia i wielu innych w\u0142a\u015bciwo\u015bci. Nadadz\u0105 si\u0119 \u015bwietnie do zabezpieczenia zar\u00f3wno du\u017cych powierzchni, jak i kraw\u0119dzi czy element\u00f3w ruchomych. Pianka PE jest elastyczna, a co za tym idzie \u0142atwo mo\u017cna j\u0105 dopasowa\u0107 do nier\u00f3wno\u015bci i element\u00f3w szczeg\u00f3lnie nara\u017conych na uszkodzenia.<\/p>\n<p>Kolejnym bardzo du\u017cym atutem jest jej ekologiczno\u015b\u0107. Nadaje si\u0119 ona bowiem do wielokrotnego u\u017cytku, co cz\u0119sto znacznie zmniejsza koszty producent\u00f3w, a po jej recyklingu nadaje si\u0119 ona w 100% do ponownego u\u017cycia.<\/p>\n<p>W\u0142a\u015bciwo\u015bci:<\/p>\n<ul>\n<li>elastyczna<\/li>\n<li>dobry izolator<\/li>\n<li>bezwonna<\/li>\n<li>absorbuj\u0105ca uderzenia<\/li>\n<li>wielokrotnego u\u017cytku<\/li>\n<li>niekrusz\u0105ca si\u0119<\/li>\n<\/ul>\n<p>Wymiary:<\/p>\n<p>A &#8211; 1000 (mm)<\/p>\n<p>B &#8211; 200 (mm)<\/p>\n<p>C &#8211; 20 (mm)<\/p>\n","protected":false},"excerpt":{"rendered":"<p>Pakowane po 50 sztuk w karton Przek\u0142adki polietylenowe (PE) przekonuj\u0105 do siebie coraz wi\u0119ksz\u0105 ilo\u015b\u0107 producent\u00f3w, a to za spraw\u0105 ich trwa\u0142o\u015bci, ekologiczno\u015bci, odporno\u015bci na uderzenia i wielu innych w\u0142a\u015bciwo\u015bci. Nadadz\u0105 si\u0119 \u015bwietnie do zabezpieczenia zar\u00f3wno du\u017cych powierzchni, jak i kraw\u0119dzi czy element\u00f3w ruchomych. Pianka PE jest elastyczna, a co za tym idzie \u0142atwo mo\u017cna [&hellip;]<\/p>\n","protected":false},"featured_media":5747,"comment_status":"open","ping_status":"closed","template":"","meta":{"om_disable_all_campaigns":false,"_monsterinsights_skip_tracking":false,"_monsterinsights_sitenote_active":false,"_monsterinsights_sitenote_note":"","_monsterinsights_sitenote_category":0},"product_brand":[],"product_cat":[414,50,64,15],"product_tag":[],"class_list":{"0":"post-5264","1":"product","2":"type-product","3":"status-publish","4":"has-post-thumbnail","6":"product_cat-20-mm-pianka","7":"product_cat-pianka-pe","8":"product_cat-przekladki-pe","9":"product_cat-wszystkie","10":"product_shipping_class-paczka","12":"first","13":"instock","14":"taxable","15":"shipping-taxable","16":"purchasable","17":"product-type-variable"},"aioseo_notices":[],"_links":{"self":[{"href":"https:\/\/www.ticol.pl\/sklep\/wp-json\/wp\/v2\/product\/5264","targetHints":{"allow":["GET"]}}],"collection":[{"href":"https:\/\/www.ticol.pl\/sklep\/wp-json\/wp\/v2\/product"}],"about":[{"href":"https:\/\/www.ticol.pl\/sklep\/wp-json\/wp\/v2\/types\/product"}],"replies":[{"embeddable":true,"href":"https:\/\/www.ticol.pl\/sklep\/wp-json\/wp\/v2\/comments?post=5264"}],"wp:featuredmedia":[{"embeddable":true,"href":"https:\/\/www.ticol.pl\/sklep\/wp-json\/wp\/v2\/media\/5747"}],"wp:attachment":[{"href":"https:\/\/www.ticol.pl\/sklep\/wp-json\/wp\/v2\/media?parent=5264"}],"wp:term":[{"taxonomy":"product_brand","embeddable":true,"href":"https:\/\/www.ticol.pl\/sklep\/wp-json\/wp\/v2\/product_brand?post=5264"},{"taxonomy":"product_cat","embeddable":true,"href":"https:\/\/www.ticol.pl\/sklep\/wp-json\/wp\/v2\/product_cat?post=5264"},{"taxonomy":"product_tag","embeddable":true,"href":"https:\/\/www.ticol.pl\/sklep\/wp-json\/wp\/v2\/product_tag?post=5264"}],"curies":[{"name":"wp","href":"https:\/\/api.w.org\/{rel}","templated":true}]}}