{"id":5258,"date":"2023-08-16T11:17:15","date_gmt":"2023-08-16T11:17:15","guid":{"rendered":"https:\/\/www.ticol.pl\/sklep\/?post_type=product&#038;p=5258"},"modified":"2024-11-20T11:27:43","modified_gmt":"2024-11-20T11:27:43","slug":"arkusz-pianka-pe-1000x200x10-100-szt","status":"publish","type":"product","link":"https:\/\/www.ticol.pl\/sklep\/produkty\/arkusz-pianka-pe-1000x200x10-100-szt\/","title":{"rendered":"Arkusz Pianka PE &#8211; 1000x200x10 &#8211; 100 szt"},"content":{"rendered":"<p><strong>Pakowane po 100 sztuk w karton<\/strong><\/p>\n<p>Przek\u0142adki polietylenowe (PE) przekonuj\u0105 do siebie coraz wi\u0119ksz\u0105 ilo\u015b\u0107 producent\u00f3w, a to za spraw\u0105 ich trwa\u0142o\u015bci, ekologiczno\u015bci, odporno\u015bci na uderzenia i wielu innych w\u0142a\u015bciwo\u015bci. Nadadz\u0105 si\u0119 \u015bwietnie do zabezpieczenia zar\u00f3wno du\u017cych powierzchni, jak i kraw\u0119dzi czy element\u00f3w ruchomych. Pianka PE jest elastyczna, a co za tym idzie \u0142atwo mo\u017cna j\u0105 dopasowa\u0107 do nier\u00f3wno\u015bci i element\u00f3w szczeg\u00f3lnie nara\u017conych na uszkodzenia.<\/p>\n<p>Kolejnym bardzo du\u017cym atutem jest jej ekologiczno\u015b\u0107. Nadaje si\u0119 ona bowiem do wielokrotnego u\u017cytku, co cz\u0119sto znacznie zmniejsza koszty producent\u00f3w, a po jej recyklingu nadaje si\u0119 ona w 100% do ponownego u\u017cycia.<\/p>\n<p>W\u0142a\u015bciwo\u015bci:<\/p>\n<ul>\n<li>elastyczna<\/li>\n<li>dobry izolator<\/li>\n<li>bezwonna<\/li>\n<li>absorbuj\u0105ca uderzenia<\/li>\n<li>wielokrotnego u\u017cytku<\/li>\n<li>niekrusz\u0105ca si\u0119<\/li>\n<\/ul>\n<p>Wymiary:<\/p>\n<p>A &#8211; 1000 (mm)<\/p>\n<p>B &#8211; 200 (mm)<\/p>\n<p>C &#8211; 10 (mm)<\/p>\n<p>&nbsp;<\/p>\n","protected":false},"excerpt":{"rendered":"<p>Pakowane po 100 sztuk w karton Przek\u0142adki polietylenowe (PE) przekonuj\u0105 do siebie coraz wi\u0119ksz\u0105 ilo\u015b\u0107 producent\u00f3w, a to za spraw\u0105 ich trwa\u0142o\u015bci, ekologiczno\u015bci, odporno\u015bci na uderzenia i wielu innych w\u0142a\u015bciwo\u015bci. Nadadz\u0105 si\u0119 \u015bwietnie do zabezpieczenia zar\u00f3wno du\u017cych powierzchni, jak i kraw\u0119dzi czy element\u00f3w ruchomych. Pianka PE jest elastyczna, a co za tym idzie \u0142atwo mo\u017cna [&hellip;]<\/p>\n","protected":false},"featured_media":5747,"comment_status":"open","ping_status":"closed","template":"","meta":[],"product_brand":[],"product_cat":[413,50,64,15],"product_tag":[],"class_list":{"0":"post-5258","1":"product","2":"type-product","3":"status-publish","4":"has-post-thumbnail","6":"product_cat-10-mm-pianka","7":"product_cat-pianka-pe","8":"product_cat-przekladki-pe","9":"product_cat-wszystkie","10":"product_shipping_class-paczka","12":"first","13":"instock","14":"taxable","15":"shipping-taxable","16":"purchasable","17":"product-type-variable"},"yoast_head":"<!-- This site is optimized with the Yoast SEO plugin v27.1.1 - https:\/\/yoast.com\/product\/yoast-seo-wordpress\/ -->\n<title>Arkusz Pianka PE - 1000x200x10 - 100 szt &#8226; Ticol<\/title>\n<meta name=\"description\" content=\"Arkusz Pianka PE - 1000x200x10 - 100 szt \u2714\ufe0f Wysokiej jako\u015bci materia\u0142y! \u2714\ufe0f Ochrona produkt\u00f3w! \u2714\ufe0f Korzystne ceny! Sprawd\u017a teraz!\" \/>\n<meta name=\"robots\" content=\"index, follow, max-snippet:-1, max-image-preview:large, max-video-preview:-1\" \/>\n<link rel=\"canonical\" href=\"https:\/\/www.ticol.pl\/sklep\/produkty\/arkusz-pianka-pe-1000x200x10-100-szt\/\" \/>\n<meta property=\"og:locale\" content=\"pl_PL\" \/>\n<meta property=\"og:type\" content=\"article\" \/>\n<meta property=\"og:title\" content=\"Arkusz Pianka PE - 1000x200x10 - 100 szt &#8226; Ticol\" \/>\n<meta property=\"og:description\" content=\"Arkusz Pianka PE - 1000x200x10 - 100 szt \u2714\ufe0f Wysokiej jako\u015bci materia\u0142y! \u2714\ufe0f Ochrona produkt\u00f3w! \u2714\ufe0f Korzystne ceny! Sprawd\u017a teraz!\" \/>\n<meta property=\"og:url\" content=\"https:\/\/www.ticol.pl\/sklep\/produkty\/arkusz-pianka-pe-1000x200x10-100-szt\/\" \/>\n<meta property=\"og:site_name\" content=\"Ticol\" \/>\n<meta property=\"article:publisher\" content=\"https:\/\/www.facebook.com\/ticolspzoo\" \/>\n<meta property=\"article:modified_time\" content=\"2024-11-20T11:27:43+00:00\" \/>\n<meta property=\"og:image\" content=\"https:\/\/www.ticol.pl\/sklep\/wp-content\/uploads\/2024\/02\/piankape.png\" \/>\n\t<meta property=\"og:image:width\" content=\"1101\" \/>\n\t<meta property=\"og:image:height\" content=\"1101\" \/>\n\t<meta property=\"og:image:type\" content=\"image\/png\" \/>\n<meta name=\"twitter:card\" content=\"summary_large_image\" \/>\n<meta name=\"twitter:label1\" content=\"Szacowany czas czytania\" \/>\n\t<meta name=\"twitter:data1\" content=\"1 minuta\" \/>\n<script type=\"application\/ld+json\" class=\"yoast-schema-graph\">{\"@context\":\"https:\/\/schema.org\",\"@graph\":[{\"@type\":\"WebPage\",\"@id\":\"https:\/\/www.ticol.pl\/sklep\/produkty\/arkusz-pianka-pe-1000x200x10-100-szt\/\",\"url\":\"https:\/\/www.ticol.pl\/sklep\/produkty\/arkusz-pianka-pe-1000x200x10-100-szt\/\",\"name\":\"Arkusz Pianka PE - 1000x200x10 - 100 szt &#8226; Ticol\",\"isPartOf\":{\"@id\":\"https:\/\/www.ticol.pl\/sklep\/#website\"},\"primaryImageOfPage\":{\"@id\":\"https:\/\/www.ticol.pl\/sklep\/produkty\/arkusz-pianka-pe-1000x200x10-100-szt\/#primaryimage\"},\"image\":{\"@id\":\"https:\/\/www.ticol.pl\/sklep\/produkty\/arkusz-pianka-pe-1000x200x10-100-szt\/#primaryimage\"},\"thumbnailUrl\":\"https:\/\/www.ticol.pl\/sklep\/wp-content\/uploads\/2024\/02\/piankape.png\",\"datePublished\":\"2023-08-16T11:17:15+00:00\",\"dateModified\":\"2024-11-20T11:27:43+00:00\",\"description\":\"Arkusz Pianka PE - 1000x200x10 - 100 szt \u2714\ufe0f Wysokiej jako\u015bci materia\u0142y! \u2714\ufe0f Ochrona produkt\u00f3w! \u2714\ufe0f Korzystne ceny! Sprawd\u017a teraz!\",\"breadcrumb\":{\"@id\":\"https:\/\/www.ticol.pl\/sklep\/produkty\/arkusz-pianka-pe-1000x200x10-100-szt\/#breadcrumb\"},\"inLanguage\":\"pl-PL\",\"potentialAction\":[{\"@type\":\"ReadAction\",\"target\":[\"https:\/\/www.ticol.pl\/sklep\/produkty\/arkusz-pianka-pe-1000x200x10-100-szt\/\"]}]},{\"@type\":\"ImageObject\",\"inLanguage\":\"pl-PL\",\"@id\":\"https:\/\/www.ticol.pl\/sklep\/produkty\/arkusz-pianka-pe-1000x200x10-100-szt\/#primaryimage\",\"url\":\"https:\/\/www.ticol.pl\/sklep\/wp-content\/uploads\/2024\/02\/piankape.png\",\"contentUrl\":\"https:\/\/www.ticol.pl\/sklep\/wp-content\/uploads\/2024\/02\/piankape.png\",\"width\":1101,\"height\":1101,\"caption\":\"piankape\"},{\"@type\":\"BreadcrumbList\",\"@id\":\"https:\/\/www.ticol.pl\/sklep\/produkty\/arkusz-pianka-pe-1000x200x10-100-szt\/#breadcrumb\",\"itemListElement\":[{\"@type\":\"ListItem\",\"position\":1,\"name\":\"Strona g\u0142\u00f3wna\",\"item\":\"https:\/\/www.ticol.pl\/sklep\/\"},{\"@type\":\"ListItem\",\"position\":2,\"name\":\"Produkty\",\"item\":\"https:\/\/www.ticol.pl\/sklep\/shop\/\"},{\"@type\":\"ListItem\",\"position\":3,\"name\":\"Arkusz Pianka PE &#8211; 1000x200x10 &#8211; 100 szt\"}]},{\"@type\":\"WebSite\",\"@id\":\"https:\/\/www.ticol.pl\/sklep\/#website\",\"url\":\"https:\/\/www.ticol.pl\/sklep\/\",\"name\":\"Ticol\",\"description\":\"Producent opakowa\u0144\",\"publisher\":{\"@id\":\"https:\/\/www.ticol.pl\/sklep\/#organization\"},\"alternateName\":\"Ticol\",\"potentialAction\":[{\"@type\":\"SearchAction\",\"target\":{\"@type\":\"EntryPoint\",\"urlTemplate\":\"https:\/\/www.ticol.pl\/sklep\/?s={search_term_string}\"},\"query-input\":{\"@type\":\"PropertyValueSpecification\",\"valueRequired\":true,\"valueName\":\"search_term_string\"}}],\"inLanguage\":\"pl-PL\"},{\"@type\":\"Organization\",\"@id\":\"https:\/\/www.ticol.pl\/sklep\/#organization\",\"name\":\"Ticol\",\"alternateName\":\"Ticol\",\"url\":\"https:\/\/www.ticol.pl\/sklep\/\",\"logo\":{\"@type\":\"ImageObject\",\"inLanguage\":\"pl-PL\",\"@id\":\"https:\/\/www.ticol.pl\/sklep\/#\/schema\/logo\/image\/\",\"url\":\"https:\/\/www.ticol.pl\/sklep\/wp-content\/uploads\/2023\/02\/logo-ticol.bmp\",\"contentUrl\":\"https:\/\/www.ticol.pl\/sklep\/wp-content\/uploads\/2023\/02\/logo-ticol.bmp\",\"width\":963,\"height\":260,\"caption\":\"Ticol\"},\"image\":{\"@id\":\"https:\/\/www.ticol.pl\/sklep\/#\/schema\/logo\/image\/\"},\"sameAs\":[\"https:\/\/www.facebook.com\/ticolspzoo\"]}]}<\/script>\n<!-- \/ Yoast SEO plugin. -->","yoast_head_json":{"title":"Arkusz Pianka PE - 1000x200x10 - 100 szt &#8226; Ticol","description":"Arkusz Pianka PE - 1000x200x10 - 100 szt \u2714\ufe0f Wysokiej jako\u015bci materia\u0142y! \u2714\ufe0f Ochrona produkt\u00f3w! \u2714\ufe0f Korzystne ceny! Sprawd\u017a teraz!","robots":{"index":"index","follow":"follow","max-snippet":"max-snippet:-1","max-image-preview":"max-image-preview:large","max-video-preview":"max-video-preview:-1"},"canonical":"https:\/\/www.ticol.pl\/sklep\/produkty\/arkusz-pianka-pe-1000x200x10-100-szt\/","og_locale":"pl_PL","og_type":"article","og_title":"Arkusz Pianka PE - 1000x200x10 - 100 szt &#8226; Ticol","og_description":"Arkusz Pianka PE - 1000x200x10 - 100 szt \u2714\ufe0f Wysokiej jako\u015bci materia\u0142y! \u2714\ufe0f Ochrona produkt\u00f3w! \u2714\ufe0f Korzystne ceny! Sprawd\u017a teraz!","og_url":"https:\/\/www.ticol.pl\/sklep\/produkty\/arkusz-pianka-pe-1000x200x10-100-szt\/","og_site_name":"Ticol","article_publisher":"https:\/\/www.facebook.com\/ticolspzoo","article_modified_time":"2024-11-20T11:27:43+00:00","og_image":[{"width":1101,"height":1101,"url":"https:\/\/www.ticol.pl\/sklep\/wp-content\/uploads\/2024\/02\/piankape.png","type":"image\/png"}],"twitter_card":"summary_large_image","twitter_misc":{"Szacowany czas czytania":"1 minuta"},"schema":{"@context":"https:\/\/schema.org","@graph":[{"@type":"WebPage","@id":"https:\/\/www.ticol.pl\/sklep\/produkty\/arkusz-pianka-pe-1000x200x10-100-szt\/","url":"https:\/\/www.ticol.pl\/sklep\/produkty\/arkusz-pianka-pe-1000x200x10-100-szt\/","name":"Arkusz Pianka PE - 1000x200x10 - 100 szt &#8226; Ticol","isPartOf":{"@id":"https:\/\/www.ticol.pl\/sklep\/#website"},"primaryImageOfPage":{"@id":"https:\/\/www.ticol.pl\/sklep\/produkty\/arkusz-pianka-pe-1000x200x10-100-szt\/#primaryimage"},"image":{"@id":"https:\/\/www.ticol.pl\/sklep\/produkty\/arkusz-pianka-pe-1000x200x10-100-szt\/#primaryimage"},"thumbnailUrl":"https:\/\/www.ticol.pl\/sklep\/wp-content\/uploads\/2024\/02\/piankape.png","datePublished":"2023-08-16T11:17:15+00:00","dateModified":"2024-11-20T11:27:43+00:00","description":"Arkusz Pianka PE - 1000x200x10 - 100 szt \u2714\ufe0f Wysokiej jako\u015bci materia\u0142y! \u2714\ufe0f Ochrona produkt\u00f3w! \u2714\ufe0f Korzystne ceny! Sprawd\u017a teraz!","breadcrumb":{"@id":"https:\/\/www.ticol.pl\/sklep\/produkty\/arkusz-pianka-pe-1000x200x10-100-szt\/#breadcrumb"},"inLanguage":"pl-PL","potentialAction":[{"@type":"ReadAction","target":["https:\/\/www.ticol.pl\/sklep\/produkty\/arkusz-pianka-pe-1000x200x10-100-szt\/"]}]},{"@type":"ImageObject","inLanguage":"pl-PL","@id":"https:\/\/www.ticol.pl\/sklep\/produkty\/arkusz-pianka-pe-1000x200x10-100-szt\/#primaryimage","url":"https:\/\/www.ticol.pl\/sklep\/wp-content\/uploads\/2024\/02\/piankape.png","contentUrl":"https:\/\/www.ticol.pl\/sklep\/wp-content\/uploads\/2024\/02\/piankape.png","width":1101,"height":1101,"caption":"piankape"},{"@type":"BreadcrumbList","@id":"https:\/\/www.ticol.pl\/sklep\/produkty\/arkusz-pianka-pe-1000x200x10-100-szt\/#breadcrumb","itemListElement":[{"@type":"ListItem","position":1,"name":"Strona g\u0142\u00f3wna","item":"https:\/\/www.ticol.pl\/sklep\/"},{"@type":"ListItem","position":2,"name":"Produkty","item":"https:\/\/www.ticol.pl\/sklep\/shop\/"},{"@type":"ListItem","position":3,"name":"Arkusz Pianka PE &#8211; 1000x200x10 &#8211; 100 szt"}]},{"@type":"WebSite","@id":"https:\/\/www.ticol.pl\/sklep\/#website","url":"https:\/\/www.ticol.pl\/sklep\/","name":"Ticol","description":"Producent opakowa\u0144","publisher":{"@id":"https:\/\/www.ticol.pl\/sklep\/#organization"},"alternateName":"Ticol","potentialAction":[{"@type":"SearchAction","target":{"@type":"EntryPoint","urlTemplate":"https:\/\/www.ticol.pl\/sklep\/?s={search_term_string}"},"query-input":{"@type":"PropertyValueSpecification","valueRequired":true,"valueName":"search_term_string"}}],"inLanguage":"pl-PL"},{"@type":"Organization","@id":"https:\/\/www.ticol.pl\/sklep\/#organization","name":"Ticol","alternateName":"Ticol","url":"https:\/\/www.ticol.pl\/sklep\/","logo":{"@type":"ImageObject","inLanguage":"pl-PL","@id":"https:\/\/www.ticol.pl\/sklep\/#\/schema\/logo\/image\/","url":"https:\/\/www.ticol.pl\/sklep\/wp-content\/uploads\/2023\/02\/logo-ticol.bmp","contentUrl":"https:\/\/www.ticol.pl\/sklep\/wp-content\/uploads\/2023\/02\/logo-ticol.bmp","width":963,"height":260,"caption":"Ticol"},"image":{"@id":"https:\/\/www.ticol.pl\/sklep\/#\/schema\/logo\/image\/"},"sameAs":["https:\/\/www.facebook.com\/ticolspzoo"]}]}},"_links":{"self":[{"href":"https:\/\/www.ticol.pl\/sklep\/wp-json\/wp\/v2\/product\/5258","targetHints":{"allow":["GET"]}}],"collection":[{"href":"https:\/\/www.ticol.pl\/sklep\/wp-json\/wp\/v2\/product"}],"about":[{"href":"https:\/\/www.ticol.pl\/sklep\/wp-json\/wp\/v2\/types\/product"}],"replies":[{"embeddable":true,"href":"https:\/\/www.ticol.pl\/sklep\/wp-json\/wp\/v2\/comments?post=5258"}],"wp:featuredmedia":[{"embeddable":true,"href":"https:\/\/www.ticol.pl\/sklep\/wp-json\/wp\/v2\/media\/5747"}],"wp:attachment":[{"href":"https:\/\/www.ticol.pl\/sklep\/wp-json\/wp\/v2\/media?parent=5258"}],"wp:term":[{"taxonomy":"product_brand","embeddable":true,"href":"https:\/\/www.ticol.pl\/sklep\/wp-json\/wp\/v2\/product_brand?post=5258"},{"taxonomy":"product_cat","embeddable":true,"href":"https:\/\/www.ticol.pl\/sklep\/wp-json\/wp\/v2\/product_cat?post=5258"},{"taxonomy":"product_tag","embeddable":true,"href":"https:\/\/www.ticol.pl\/sklep\/wp-json\/wp\/v2\/product_tag?post=5258"}],"curies":[{"name":"wp","href":"https:\/\/api.w.org\/{rel}","templated":true}]}}