{"id":1259,"date":"2022-07-19T13:56:23","date_gmt":"2022-07-19T13:56:23","guid":{"rendered":"https:\/\/www.ticol.pl\/sklep\/?post_type=product&#038;p=1259"},"modified":"2025-02-20T13:57:03","modified_gmt":"2025-02-20T13:57:03","slug":"katownik-styropianowy-50x15x1000-56-szt","status":"publish","type":"product","link":"https:\/\/www.ticol.pl\/sklep\/produkty\/katownik-styropianowy-50x15x1000-56-szt\/","title":{"rendered":"K\u0105townik styropianowy 50x50x1000 gr.15 &#8211; 126 szt"},"content":{"rendered":"<p><strong>Pakowane po 126 sztuk w karton<\/strong><\/p>\n<p>&nbsp;<\/p>\n<p>Kszta\u0142tki styropianowe w kszta\u0142cie litery L do ochrony produkt\u00f3w w takcie transportu oraz magazynowania. W\u0142a\u015bciwo\u015bci styropianu \u015bwietnie zabezpieczaj\u0105 elementy nara\u017cone na uszkodzenia, a kszta\u0142t w jakim jest wykonana kszta\u0142tka zwi\u0119ksza bezpiecze\u0144stwo opakowania, zw\u0142aszcza na kraw\u0119dziach czy brzegach. Tego typu zabezpieczenie b\u0119dzie idealne np. do blat\u00f3w, monitor\u00f3w, kamiennych element\u00f3w i wielu wielu innych.<\/p>\n<p>Do wyboru s\u0105 dwa rodzaje styropianu EPS 70 (mi\u0119kki) oraz EPS 200 (twardy). Zasadnicz\u0105 r\u00f3\u017cnic\u0105 pomi\u0119dzy tymi dwoma typami jest to, i\u017c materia\u0142 mi\u0119kki zazwyczaj u\u017cywa si\u0119 do produkt\u00f3w l\u017cejszych. Natomiast EPS 200 wykorzystywany jest do zabezpieczenia element\u00f3w wymagaj\u0105cej szczeg\u00f3lnej ochrony, nara\u017conych na wi\u0119ksze przeci\u0105\u017cenia spowodowanych zazwyczaj znaczn\u0105 wag\u0105.<\/p>\n<p>W\u0142a\u015bciwo\u015bci:<\/p>\n<ul>\n<li>absorbuj\u0105ca uderzenia<\/li>\n<li>bezwonna<\/li>\n<li>trwa\u0142a forma<\/li>\n<li>\u015bwietna jako izolacja<\/li>\n<li>spr\u0119\u017cysta<\/li>\n<\/ul>\n<p>&nbsp;<\/p>\n<p>Wymiary:<\/p>\n<p>szeroko\u015b\u0107: 50 (mm)<\/p>\n<p>wysoko\u015b\u0107: 50 (mm)<\/p>\n<p>grubo\u015b\u0107 \u015bcianki: 15 (mm)<\/p>\n<p>d\u0142ugo\u015b\u0107: 1000 (mm)<\/p>\n<p>&nbsp;<\/p>\n<p>Nasze PRODUKTY WYTWARZANE s\u0105 jedynie z wysokiej jako\u015bci CZYSTEGO SUROWCA, bez domieszek regranulatu! Gwarantuje to najwy\u017csz\u0105 jako\u015b\u0107 oraz odporno\u015b\u0107 opakowania.<\/p>\n<p>&nbsp;<\/p>\n","protected":false},"excerpt":{"rendered":"<p>Pakowane po 126 sztuk w karton &nbsp; Kszta\u0142tki styropianowe w kszta\u0142cie litery L do ochrony produkt\u00f3w w takcie transportu oraz magazynowania. W\u0142a\u015bciwo\u015bci styropianu \u015bwietnie zabezpieczaj\u0105 elementy nara\u017cone na uszkodzenia, a kszta\u0142t w jakim jest wykonana kszta\u0142tka zwi\u0119ksza bezpiecze\u0144stwo opakowania, zw\u0142aszcza na kraw\u0119dziach czy brzegach. Tego typu zabezpieczenie b\u0119dzie idealne np. do blat\u00f3w, monitor\u00f3w, kamiennych element\u00f3w [&hellip;]<\/p>\n","protected":false},"featured_media":5645,"comment_status":"open","ping_status":"closed","template":"","meta":[],"product_brand":[],"product_cat":[265,34,15],"product_tag":[],"class_list":{"0":"post-1259","1":"product","2":"type-product","3":"status-publish","4":"has-post-thumbnail","6":"product_cat-katowniki","7":"product_cat-ksztaltki-styropianowe","8":"product_cat-wszystkie","9":"product_shipping_class-paczka","11":"first","12":"instock","13":"taxable","14":"shipping-taxable","15":"purchasable","16":"product-type-variable"},"yoast_head":"<!-- This site is optimized with the Yoast SEO plugin v27.1.1 - https:\/\/yoast.com\/product\/yoast-seo-wordpress\/ -->\n<title>K\u0105townik styropianowy 50x50x1000 gr.15 - 126 szt &#8226; Ticol<\/title>\n<meta name=\"description\" content=\"K\u0105townik styropianowy 50x50x1000 gr.15 - 126 szt \u2714\ufe0f Wysokiej jako\u015bci materia\u0142y! \u2714\ufe0f Ochrona produkt\u00f3w! \u2714\ufe0f Korzystne ceny! Sprawd\u017a teraz!\" \/>\n<meta name=\"robots\" content=\"index, follow, max-snippet:-1, max-image-preview:large, max-video-preview:-1\" \/>\n<link rel=\"canonical\" href=\"https:\/\/www.ticol.pl\/sklep\/produkty\/katownik-styropianowy-50x15x1000-56-szt\/\" \/>\n<meta property=\"og:locale\" content=\"pl_PL\" \/>\n<meta property=\"og:type\" content=\"article\" \/>\n<meta property=\"og:title\" content=\"K\u0105townik styropianowy 50x50x1000 gr.15 - 126 szt &#8226; Ticol\" \/>\n<meta property=\"og:description\" content=\"K\u0105townik styropianowy 50x50x1000 gr.15 - 126 szt \u2714\ufe0f Wysokiej jako\u015bci materia\u0142y! \u2714\ufe0f Ochrona produkt\u00f3w! \u2714\ufe0f Korzystne ceny! Sprawd\u017a teraz!\" \/>\n<meta property=\"og:url\" content=\"https:\/\/www.ticol.pl\/sklep\/produkty\/katownik-styropianowy-50x15x1000-56-szt\/\" \/>\n<meta property=\"og:site_name\" content=\"Ticol\" \/>\n<meta property=\"article:publisher\" content=\"https:\/\/www.facebook.com\/ticolspzoo\" \/>\n<meta property=\"article:modified_time\" content=\"2025-02-20T13:57:03+00:00\" \/>\n<meta property=\"og:image\" content=\"https:\/\/www.ticol.pl\/sklep\/wp-content\/uploads\/2024\/01\/typl.png\" \/>\n\t<meta property=\"og:image:width\" content=\"1101\" \/>\n\t<meta property=\"og:image:height\" content=\"1101\" \/>\n\t<meta property=\"og:image:type\" content=\"image\/png\" \/>\n<meta name=\"twitter:card\" content=\"summary_large_image\" \/>\n<meta name=\"twitter:label1\" content=\"Szacowany czas czytania\" \/>\n\t<meta name=\"twitter:data1\" content=\"2 minuty\" \/>\n<script type=\"application\/ld+json\" class=\"yoast-schema-graph\">{\"@context\":\"https:\/\/schema.org\",\"@graph\":[{\"@type\":\"WebPage\",\"@id\":\"https:\/\/www.ticol.pl\/sklep\/produkty\/katownik-styropianowy-50x15x1000-56-szt\/\",\"url\":\"https:\/\/www.ticol.pl\/sklep\/produkty\/katownik-styropianowy-50x15x1000-56-szt\/\",\"name\":\"K\u0105townik styropianowy 50x50x1000 gr.15 - 126 szt &#8226; Ticol\",\"isPartOf\":{\"@id\":\"https:\/\/www.ticol.pl\/sklep\/#website\"},\"primaryImageOfPage\":{\"@id\":\"https:\/\/www.ticol.pl\/sklep\/produkty\/katownik-styropianowy-50x15x1000-56-szt\/#primaryimage\"},\"image\":{\"@id\":\"https:\/\/www.ticol.pl\/sklep\/produkty\/katownik-styropianowy-50x15x1000-56-szt\/#primaryimage\"},\"thumbnailUrl\":\"https:\/\/www.ticol.pl\/sklep\/wp-content\/uploads\/2024\/01\/typl.png\",\"datePublished\":\"2022-07-19T13:56:23+00:00\",\"dateModified\":\"2025-02-20T13:57:03+00:00\",\"description\":\"K\u0105townik styropianowy 50x50x1000 gr.15 - 126 szt \u2714\ufe0f Wysokiej jako\u015bci materia\u0142y! \u2714\ufe0f Ochrona produkt\u00f3w! \u2714\ufe0f Korzystne ceny! Sprawd\u017a teraz!\",\"breadcrumb\":{\"@id\":\"https:\/\/www.ticol.pl\/sklep\/produkty\/katownik-styropianowy-50x15x1000-56-szt\/#breadcrumb\"},\"inLanguage\":\"pl-PL\",\"potentialAction\":[{\"@type\":\"ReadAction\",\"target\":[\"https:\/\/www.ticol.pl\/sklep\/produkty\/katownik-styropianowy-50x15x1000-56-szt\/\"]}]},{\"@type\":\"ImageObject\",\"inLanguage\":\"pl-PL\",\"@id\":\"https:\/\/www.ticol.pl\/sklep\/produkty\/katownik-styropianowy-50x15x1000-56-szt\/#primaryimage\",\"url\":\"https:\/\/www.ticol.pl\/sklep\/wp-content\/uploads\/2024\/01\/typl.png\",\"contentUrl\":\"https:\/\/www.ticol.pl\/sklep\/wp-content\/uploads\/2024\/01\/typl.png\",\"width\":1101,\"height\":1101,\"caption\":\"k\u0105townik styropianowy\"},{\"@type\":\"BreadcrumbList\",\"@id\":\"https:\/\/www.ticol.pl\/sklep\/produkty\/katownik-styropianowy-50x15x1000-56-szt\/#breadcrumb\",\"itemListElement\":[{\"@type\":\"ListItem\",\"position\":1,\"name\":\"Strona g\u0142\u00f3wna\",\"item\":\"https:\/\/www.ticol.pl\/sklep\/\"},{\"@type\":\"ListItem\",\"position\":2,\"name\":\"Produkty\",\"item\":\"https:\/\/www.ticol.pl\/sklep\/shop\/\"},{\"@type\":\"ListItem\",\"position\":3,\"name\":\"K\u0105townik styropianowy 50x50x1000 gr.15 &#8211; 126 szt\"}]},{\"@type\":\"WebSite\",\"@id\":\"https:\/\/www.ticol.pl\/sklep\/#website\",\"url\":\"https:\/\/www.ticol.pl\/sklep\/\",\"name\":\"Ticol\",\"description\":\"Producent opakowa\u0144\",\"publisher\":{\"@id\":\"https:\/\/www.ticol.pl\/sklep\/#organization\"},\"alternateName\":\"Ticol\",\"potentialAction\":[{\"@type\":\"SearchAction\",\"target\":{\"@type\":\"EntryPoint\",\"urlTemplate\":\"https:\/\/www.ticol.pl\/sklep\/?s={search_term_string}\"},\"query-input\":{\"@type\":\"PropertyValueSpecification\",\"valueRequired\":true,\"valueName\":\"search_term_string\"}}],\"inLanguage\":\"pl-PL\"},{\"@type\":\"Organization\",\"@id\":\"https:\/\/www.ticol.pl\/sklep\/#organization\",\"name\":\"Ticol\",\"alternateName\":\"Ticol\",\"url\":\"https:\/\/www.ticol.pl\/sklep\/\",\"logo\":{\"@type\":\"ImageObject\",\"inLanguage\":\"pl-PL\",\"@id\":\"https:\/\/www.ticol.pl\/sklep\/#\/schema\/logo\/image\/\",\"url\":\"https:\/\/www.ticol.pl\/sklep\/wp-content\/uploads\/2023\/02\/logo-ticol.bmp\",\"contentUrl\":\"https:\/\/www.ticol.pl\/sklep\/wp-content\/uploads\/2023\/02\/logo-ticol.bmp\",\"width\":963,\"height\":260,\"caption\":\"Ticol\"},\"image\":{\"@id\":\"https:\/\/www.ticol.pl\/sklep\/#\/schema\/logo\/image\/\"},\"sameAs\":[\"https:\/\/www.facebook.com\/ticolspzoo\"]}]}<\/script>\n<!-- \/ Yoast SEO plugin. -->","yoast_head_json":{"title":"K\u0105townik styropianowy 50x50x1000 gr.15 - 126 szt &#8226; Ticol","description":"K\u0105townik styropianowy 50x50x1000 gr.15 - 126 szt \u2714\ufe0f Wysokiej jako\u015bci materia\u0142y! \u2714\ufe0f Ochrona produkt\u00f3w! \u2714\ufe0f Korzystne ceny! Sprawd\u017a teraz!","robots":{"index":"index","follow":"follow","max-snippet":"max-snippet:-1","max-image-preview":"max-image-preview:large","max-video-preview":"max-video-preview:-1"},"canonical":"https:\/\/www.ticol.pl\/sklep\/produkty\/katownik-styropianowy-50x15x1000-56-szt\/","og_locale":"pl_PL","og_type":"article","og_title":"K\u0105townik styropianowy 50x50x1000 gr.15 - 126 szt &#8226; Ticol","og_description":"K\u0105townik styropianowy 50x50x1000 gr.15 - 126 szt \u2714\ufe0f Wysokiej jako\u015bci materia\u0142y! \u2714\ufe0f Ochrona produkt\u00f3w! \u2714\ufe0f Korzystne ceny! Sprawd\u017a teraz!","og_url":"https:\/\/www.ticol.pl\/sklep\/produkty\/katownik-styropianowy-50x15x1000-56-szt\/","og_site_name":"Ticol","article_publisher":"https:\/\/www.facebook.com\/ticolspzoo","article_modified_time":"2025-02-20T13:57:03+00:00","og_image":[{"width":1101,"height":1101,"url":"https:\/\/www.ticol.pl\/sklep\/wp-content\/uploads\/2024\/01\/typl.png","type":"image\/png"}],"twitter_card":"summary_large_image","twitter_misc":{"Szacowany czas czytania":"2 minuty"},"schema":{"@context":"https:\/\/schema.org","@graph":[{"@type":"WebPage","@id":"https:\/\/www.ticol.pl\/sklep\/produkty\/katownik-styropianowy-50x15x1000-56-szt\/","url":"https:\/\/www.ticol.pl\/sklep\/produkty\/katownik-styropianowy-50x15x1000-56-szt\/","name":"K\u0105townik styropianowy 50x50x1000 gr.15 - 126 szt &#8226; Ticol","isPartOf":{"@id":"https:\/\/www.ticol.pl\/sklep\/#website"},"primaryImageOfPage":{"@id":"https:\/\/www.ticol.pl\/sklep\/produkty\/katownik-styropianowy-50x15x1000-56-szt\/#primaryimage"},"image":{"@id":"https:\/\/www.ticol.pl\/sklep\/produkty\/katownik-styropianowy-50x15x1000-56-szt\/#primaryimage"},"thumbnailUrl":"https:\/\/www.ticol.pl\/sklep\/wp-content\/uploads\/2024\/01\/typl.png","datePublished":"2022-07-19T13:56:23+00:00","dateModified":"2025-02-20T13:57:03+00:00","description":"K\u0105townik styropianowy 50x50x1000 gr.15 - 126 szt \u2714\ufe0f Wysokiej jako\u015bci materia\u0142y! \u2714\ufe0f Ochrona produkt\u00f3w! \u2714\ufe0f Korzystne ceny! Sprawd\u017a teraz!","breadcrumb":{"@id":"https:\/\/www.ticol.pl\/sklep\/produkty\/katownik-styropianowy-50x15x1000-56-szt\/#breadcrumb"},"inLanguage":"pl-PL","potentialAction":[{"@type":"ReadAction","target":["https:\/\/www.ticol.pl\/sklep\/produkty\/katownik-styropianowy-50x15x1000-56-szt\/"]}]},{"@type":"ImageObject","inLanguage":"pl-PL","@id":"https:\/\/www.ticol.pl\/sklep\/produkty\/katownik-styropianowy-50x15x1000-56-szt\/#primaryimage","url":"https:\/\/www.ticol.pl\/sklep\/wp-content\/uploads\/2024\/01\/typl.png","contentUrl":"https:\/\/www.ticol.pl\/sklep\/wp-content\/uploads\/2024\/01\/typl.png","width":1101,"height":1101,"caption":"k\u0105townik styropianowy"},{"@type":"BreadcrumbList","@id":"https:\/\/www.ticol.pl\/sklep\/produkty\/katownik-styropianowy-50x15x1000-56-szt\/#breadcrumb","itemListElement":[{"@type":"ListItem","position":1,"name":"Strona g\u0142\u00f3wna","item":"https:\/\/www.ticol.pl\/sklep\/"},{"@type":"ListItem","position":2,"name":"Produkty","item":"https:\/\/www.ticol.pl\/sklep\/shop\/"},{"@type":"ListItem","position":3,"name":"K\u0105townik styropianowy 50x50x1000 gr.15 &#8211; 126 szt"}]},{"@type":"WebSite","@id":"https:\/\/www.ticol.pl\/sklep\/#website","url":"https:\/\/www.ticol.pl\/sklep\/","name":"Ticol","description":"Producent opakowa\u0144","publisher":{"@id":"https:\/\/www.ticol.pl\/sklep\/#organization"},"alternateName":"Ticol","potentialAction":[{"@type":"SearchAction","target":{"@type":"EntryPoint","urlTemplate":"https:\/\/www.ticol.pl\/sklep\/?s={search_term_string}"},"query-input":{"@type":"PropertyValueSpecification","valueRequired":true,"valueName":"search_term_string"}}],"inLanguage":"pl-PL"},{"@type":"Organization","@id":"https:\/\/www.ticol.pl\/sklep\/#organization","name":"Ticol","alternateName":"Ticol","url":"https:\/\/www.ticol.pl\/sklep\/","logo":{"@type":"ImageObject","inLanguage":"pl-PL","@id":"https:\/\/www.ticol.pl\/sklep\/#\/schema\/logo\/image\/","url":"https:\/\/www.ticol.pl\/sklep\/wp-content\/uploads\/2023\/02\/logo-ticol.bmp","contentUrl":"https:\/\/www.ticol.pl\/sklep\/wp-content\/uploads\/2023\/02\/logo-ticol.bmp","width":963,"height":260,"caption":"Ticol"},"image":{"@id":"https:\/\/www.ticol.pl\/sklep\/#\/schema\/logo\/image\/"},"sameAs":["https:\/\/www.facebook.com\/ticolspzoo"]}]}},"_links":{"self":[{"href":"https:\/\/www.ticol.pl\/sklep\/wp-json\/wp\/v2\/product\/1259","targetHints":{"allow":["GET"]}}],"collection":[{"href":"https:\/\/www.ticol.pl\/sklep\/wp-json\/wp\/v2\/product"}],"about":[{"href":"https:\/\/www.ticol.pl\/sklep\/wp-json\/wp\/v2\/types\/product"}],"replies":[{"embeddable":true,"href":"https:\/\/www.ticol.pl\/sklep\/wp-json\/wp\/v2\/comments?post=1259"}],"wp:featuredmedia":[{"embeddable":true,"href":"https:\/\/www.ticol.pl\/sklep\/wp-json\/wp\/v2\/media\/5645"}],"wp:attachment":[{"href":"https:\/\/www.ticol.pl\/sklep\/wp-json\/wp\/v2\/media?parent=1259"}],"wp:term":[{"taxonomy":"product_brand","embeddable":true,"href":"https:\/\/www.ticol.pl\/sklep\/wp-json\/wp\/v2\/product_brand?post=1259"},{"taxonomy":"product_cat","embeddable":true,"href":"https:\/\/www.ticol.pl\/sklep\/wp-json\/wp\/v2\/product_cat?post=1259"},{"taxonomy":"product_tag","embeddable":true,"href":"https:\/\/www.ticol.pl\/sklep\/wp-json\/wp\/v2\/product_tag?post=1259"}],"curies":[{"name":"wp","href":"https:\/\/api.w.org\/{rel}","templated":true}]}}