{"id":5390,"date":"2023-11-10T07:56:42","date_gmt":"2023-11-10T07:56:42","guid":{"rendered":"https:\/\/www.ticol.pl\/sklep\/?page_id=5390"},"modified":"2023-11-10T09:21:26","modified_gmt":"2023-11-10T09:21:26","slug":"o-naszych-produktach","status":"publish","type":"page","link":"https:\/\/www.ticol.pl\/sklep\/o-naszych-produktach\/","title":{"rendered":"O naszych produktach"},"content":{"rendered":"\n<p class=\"has-large-font-size\"><strong>O naszych produktach<\/strong><\/p>\n\n\n\n<p>Oferowane przez nas produkty wyr\u00f3\u017cniaj\u0105 si\u0119 nie tylko jako\u015bci\u0105, ale r\u00f3wnie\u017c funkcjonalno\u015bci\u0105. Wk\u0142ady i zabezpieczenia s\u0105 projektowane w taki spos\u00f3b, aby zapewni\u0107 optymalne zabezpieczenie przed uszkodzeniami podczas transportu i magazynowania. Dok\u0142adamy wszelkich stara\u0144 aby nasze rozwi\u0105zania by\u0142y&nbsp;<strong>korzystne cenowo oraz spe\u0142nia\u0142y wymagane za\u0142o\u017cenia projektowe<\/strong>.<\/p>\n\n\n\n<p><strong>Oferowane przez nas produkty to<\/strong>:<\/p>\n\n\n\n<ul class=\"wp-block-list\">\n<li>Kartonowy plaster miodu: <br>-przek\u0142adki<br>-grzebienie i separatory<br>-kszta\u0142tki typu U<br>-dystanse<br>-naro\u017cniki<br>-naro\u017cniki typu L<br>-projekty indywidualne <\/li>\n<\/ul>\n\n\n\n<ul class=\"wp-block-list\">\n<li>Opakowania styropianowe EPS:<br>-przek\u0142adki<br>-grzebienie i separatory<br>-naro\u017cniki<br>-kszta\u0142tki U<br>-kszta\u0142tki L<br>-wa\u0142ki<br>-projekty indywidualne<\/li>\n<\/ul>\n\n\n\n<ul class=\"wp-block-list\">\n<li>Opakowania polietylenowe EPE:<br>-przek\u0142adki<br>-grzebienie i separatory<br>-kszta\u0142tki typu U<br>-dystanse<br>-naro\u017cniki<br>-naro\u017cniki typu L<br>-projekty indywidualne<br><\/li>\n\n\n\n<li>Opakowania anty-statyczne ESD:<br>-przek\u0142adki ESD<br>-grzebienie &amp; Separatory ESD<br>-kszta\u0142tki typu U ESD<br>-dystanse ESD<br>-naro\u017cniki ESD<br>-naro\u017cniki typu L ESD<br>-projekty indywidualne ESD<br><\/li>\n\n\n\n<li>Opakowania KARTONPLAST<br>-boxy<br>-kratownice<br><\/li>\n\n\n\n<li>Re-granulat styropianowy<br><\/li>\n\n\n\n<li>Profile ochronne:<br>-profile C<br>-profil O<br>-profile Omega<br>-profile L , U, W<br>-profil OP<br>-profil OPP<br><\/li>\n\n\n\n<li>Naro\u017cniki z profili<br><\/li>\n\n\n\n<li>Naro\u017cniki CUT CORNER<\/li>\n<\/ul>\n\n\n\n<p><\/p>\n\n\n\n<h2 class=\"wp-block-heading\">Produkcja opakowa\u0144 przemys\u0142owych na zam\u00f3wienie<\/h2>\n\n\n\n<p>Wszystkie oferowane przez nas produkty tworzymy na specjalne zam\u00f3wienie. Profile i opakowania dopasowane s\u0105 do konkretnych towar\u00f3w, w celu ich jak najlepszego zabezpieczenia. W zale\u017cno\u015bci od potrzeb oraz wykorzystania,&nbsp;<strong>materia\u0142 i rozmiar dobierane s\u0105 indywidualnie<\/strong>. Ka\u017cdy z dost\u0119pnych u nas materia\u0142\u00f3w wyr\u00f3\u017cnia si\u0119 inn\u0105 twardo\u015bci\u0105, innym wsp\u00f3\u0142czynnikiem termoizolacji oraz wieloma innymi parametrami, kt\u00f3re brane s\u0105 pod uwag\u0119 w procesie tworzenia. Istniej\u0105 towary, kt\u00f3re obdarzy\u0107 nale\u017cy specjaln\u0105 ochron\u0105 podczas transportu, a inne b\u0119d\u0105 wymaga\u0142y zabezpieczenia tylko podczas przechowywania. Do\u015bwiadczony zesp\u00f3\u0142 stworzy dla Pa\u0144stwa opakowania, kt\u00f3re bez dw\u00f3ch zda\u0144 wespr\u0105 ca\u0142y proces transportu i przechowywania.&nbsp;<strong>Produkcja opakowa\u0144 przemys\u0142owych na zam\u00f3wienie<\/strong>&nbsp;to z\u0142o\u017cony proces, w kt\u00f3rym zwracamy uwag\u0119 na wag\u0119 towaru, stopie\u0144, w jakim chroniony ma by\u0107 towar, wilgo\u0107 podczas przewo\u017cenia i wiele innych czynnik\u00f3w, kt\u00f3re maj\u0105 wp\u0142yw na ilo\u015b\u0107 zu\u017cytego materia\u0142u.<\/p>\n\n\n\n<h2 class=\"wp-block-heading\">Opakowania do komponent\u00f3w<\/h2>\n\n\n\n<p>W swoim asortymencie mamy r\u00f3wnie\u017c&nbsp;<strong>opakowania do komponent\u00f3w<\/strong>, kt\u00f3re w pe\u0142ni zabezpiecz\u0105 ka\u017cdy towar. W celu sprostania potrzebom nawet najbardziej wymagaj\u0105cych klient\u00f3w stale udoskonalamy nasze umiej\u0119tno\u015bci, technologie u\u017cywane w procesie produkcji oraz wszystkie maszyny, oraz materia\u0142y, z kt\u00f3rych powstaj\u0105 opakowania do komponent\u00f3w. Indywidualne podej\u015bcie do klienta pozwala nam na wysok\u0105 jako\u015b\u0107 obs\u0142ugi oraz dum\u0119 z ka\u017cdego zadowolonego klienta. Wszystko to daje mo\u017cliwo\u015bci oraz ch\u0119ci do dalszego rozwoju. Technologia zmienia si\u0119 z biegiem czasu, a my chcemy dobiera\u0107 dla Pa\u0144stwa najnowocze\u015bniejsze rozwi\u0105zania, kt\u00f3re nie zawiod\u0105 w \u017cadnej sytuacji. Dedykowane dla wielu bran\u017c opakowania to gwarancja zabezpieczenia ka\u017cdego towaru. Niezale\u017cnie od kszta\u0142tu i rozmiaru,&nbsp;<strong>opakowania do komponent\u00f3w<\/strong>&nbsp;sprawdz\u0105 si\u0119 \u015bwietnie. Zabezpieczy\u0107 nimi mo\u017cna zar\u00f3wno p\u0142askie towary, jak i przestrzenne w du\u017cych rozmiarach. Atrakcyjne warunki wsp\u00f3\u0142pracy przygotowane specjalnie dla Pa\u0144stwa pozwol\u0105 na nawi\u0105zanie d\u0142ugoletniej znajomo\u015bci.<\/p>\n\n\n\n<h2 class=\"wp-block-heading\">Ekologiczne opakowania<\/h2>\n\n\n\n<p>Oferujemy produkty oraz us\u0142ugi, kt\u00f3re wykonywane s\u0105 nie tylko w trosce o nasze zdrowie, ale i o zdrowie nas wszystkich. Nasze opakowania wykonane ze styropianu oraz pianki polietylenowej. Obydwa materia\u0142y powstaj\u0105 w trosce o dobro \u015brodowiska, a ich wykorzystanie nie powoduje trwa\u0142ych zmian z naszej atmosferze.&nbsp;<strong>Ekologiczne opakowania<\/strong>&nbsp;s\u0105 tworzone w naszych zak\u0142adach pod okiem najlepszych in\u017cynier\u00f3w, sk\u0105d trafiaj\u0105 bezpo\u015brednio w Pa\u0144stwa r\u0119ce. Pianka i styropian polietylenowy to nie tylko ekologiczne materia\u0142y, ale s\u0105 r\u00f3wnie\u017c lekkie i \u0142atwe w u\u017cyciu, dzi\u0119ki czemu mo\u017cna stworzy\u0107 z nich dowolne kszta\u0142ty w celu ochrony ka\u017cdej ilo\u015bci towar\u00f3w.&nbsp;<strong>Materia\u0142y polietylenowe dzia\u0142aj\u0105 r\u00f3wnie\u017c w pozytywny spos\u00f3b na \u015brodowisko<\/strong>, zabezpieczaj\u0105c r\u00f3\u017cnego rodzaju chemikalia przed niefortunnym wydostaniem si\u0119 w opakowania. W ten spos\u00f3b spe\u0142niaj\u0105 one podw\u00f3jn\u0105 funkcj\u0119, poniewa\u017c nie tylko nie zanieczyszczaj\u0105 \u015brodowiska samym sob\u0105, ale i chroni\u0105 towary, przed wydostaniem si\u0119 na zewn\u0105trz i zatruciem \u015brodowiska.<\/p>\n\n\n\n<p><\/p>\n\n\n\n<p>Podsumowuj\u0105c, Specjalizujemy si\u0119 w&nbsp;<strong>produkcji opakowa\u0144, wk\u0142ad\u00f3w i zabezpiecze\u0144 dla firm<\/strong>&nbsp;z szerokiego przekroju bran\u017c, oferujemy<strong>&nbsp;indywidualne podej\u015bcie do klienta<\/strong>&nbsp;oraz wysok\u0105 jako\u015b\u0107 produkt\u00f3w.&nbsp; Stale poszerzamy nasz\u0105 baz\u0119 materia\u0142ow\u0105 oraz park maszynowy, aby sprosta\u0107 potrzebom naszych klient\u00f3w. Wszystko to sprawia, \u017ce jeste\u015bmy solidnym i godnym zaufania partnerem biznesowym z&nbsp;<strong>wieloletnim do\u015bwiadczeniem w bran\u017cy<\/strong>. Jeste\u015bmy otwarci na nowe wsp\u00f3\u0142prace z firmami kt\u00f3re potrzebuj\u0105 odpowiedniego zabezpieczenia i ochrony swoich produkt\u00f3w.<\/p>\n\n\n\n<figure class=\"wp-block-gallery has-nested-images columns-default is-cropped wp-block-gallery-1 is-layout-flex wp-block-gallery-is-layout-flex\"><\/figure>\n","protected":false},"excerpt":{"rendered":"<p>O naszych produktach Oferowane przez nas produkty wyr\u00f3\u017cniaj\u0105 si\u0119 nie tylko jako\u015bci\u0105, ale r\u00f3wnie\u017c funkcjonalno\u015bci\u0105. Wk\u0142ady i zabezpieczenia s\u0105 projektowane w taki spos\u00f3b, aby zapewni\u0107 optymalne zabezpieczenie przed uszkodzeniami podczas transportu i magazynowania. Dok\u0142adamy wszelkich stara\u0144 aby nasze rozwi\u0105zania by\u0142y&nbsp;korzystne cenowo oraz spe\u0142nia\u0142y wymagane za\u0142o\u017cenia projektowe. Oferowane przez nas produkty to: Produkcja opakowa\u0144 przemys\u0142owych na [&hellip;]<\/p>\n","protected":false},"author":1,"featured_media":0,"parent":0,"menu_order":0,"comment_status":"closed","ping_status":"closed","template":"","meta":{"footnotes":""},"class_list":["post-5390","page","type-page","status-publish","hentry"],"yoast_head":"<!-- This site is optimized with the Yoast SEO plugin v27.1.1 - https:\/\/yoast.com\/product\/yoast-seo-wordpress\/ -->\n<title>O naszych produktach &#8226; Ticol<\/title>\n<meta name=\"description\" content=\"O naszych produktach - oferujemy wysokiej jako\u015bci opakowania z tworzyw spienionych, jaki i przemys\u0142owych. Kup teraz!\" \/>\n<meta name=\"robots\" content=\"index, follow, max-snippet:-1, max-image-preview:large, max-video-preview:-1\" \/>\n<link rel=\"canonical\" href=\"https:\/\/www.ticol.pl\/sklep\/o-naszych-produktach\/\" \/>\n<meta property=\"og:locale\" content=\"pl_PL\" \/>\n<meta property=\"og:type\" content=\"article\" \/>\n<meta property=\"og:title\" content=\"O naszych produktach &#8226; Ticol\" \/>\n<meta property=\"og:description\" content=\"O naszych produktach - oferujemy wysokiej jako\u015bci opakowania z tworzyw spienionych, jaki i przemys\u0142owych. Kup teraz!\" \/>\n<meta property=\"og:url\" content=\"https:\/\/www.ticol.pl\/sklep\/o-naszych-produktach\/\" \/>\n<meta property=\"og:site_name\" content=\"Ticol\" \/>\n<meta property=\"article:publisher\" content=\"https:\/\/www.facebook.com\/ticolspzoo\" \/>\n<meta property=\"article:modified_time\" content=\"2023-11-10T09:21:26+00:00\" \/>\n<meta name=\"twitter:card\" content=\"summary_large_image\" \/>\n<meta name=\"twitter:label1\" content=\"Szacowany czas czytania\" \/>\n\t<meta name=\"twitter:data1\" content=\"4 minuty\" \/>\n<script type=\"application\/ld+json\" class=\"yoast-schema-graph\">{\"@context\":\"https:\/\/schema.org\",\"@graph\":[{\"@type\":\"WebPage\",\"@id\":\"https:\/\/www.ticol.pl\/sklep\/o-naszych-produktach\/\",\"url\":\"https:\/\/www.ticol.pl\/sklep\/o-naszych-produktach\/\",\"name\":\"O naszych produktach &#8226; Ticol\",\"isPartOf\":{\"@id\":\"https:\/\/www.ticol.pl\/sklep\/#website\"},\"datePublished\":\"2023-11-10T07:56:42+00:00\",\"dateModified\":\"2023-11-10T09:21:26+00:00\",\"description\":\"O naszych produktach - oferujemy wysokiej jako\u015bci opakowania z tworzyw spienionych, jaki i przemys\u0142owych. Kup teraz!\",\"breadcrumb\":{\"@id\":\"https:\/\/www.ticol.pl\/sklep\/o-naszych-produktach\/#breadcrumb\"},\"inLanguage\":\"pl-PL\",\"potentialAction\":[{\"@type\":\"ReadAction\",\"target\":[\"https:\/\/www.ticol.pl\/sklep\/o-naszych-produktach\/\"]}]},{\"@type\":\"BreadcrumbList\",\"@id\":\"https:\/\/www.ticol.pl\/sklep\/o-naszych-produktach\/#breadcrumb\",\"itemListElement\":[{\"@type\":\"ListItem\",\"position\":1,\"name\":\"Strona g\u0142\u00f3wna\",\"item\":\"https:\/\/www.ticol.pl\/sklep\/\"},{\"@type\":\"ListItem\",\"position\":2,\"name\":\"O naszych produktach\"}]},{\"@type\":\"WebSite\",\"@id\":\"https:\/\/www.ticol.pl\/sklep\/#website\",\"url\":\"https:\/\/www.ticol.pl\/sklep\/\",\"name\":\"Ticol\",\"description\":\"Producent opakowa\u0144\",\"publisher\":{\"@id\":\"https:\/\/www.ticol.pl\/sklep\/#organization\"},\"alternateName\":\"Ticol\",\"potentialAction\":[{\"@type\":\"SearchAction\",\"target\":{\"@type\":\"EntryPoint\",\"urlTemplate\":\"https:\/\/www.ticol.pl\/sklep\/?s={search_term_string}\"},\"query-input\":{\"@type\":\"PropertyValueSpecification\",\"valueRequired\":true,\"valueName\":\"search_term_string\"}}],\"inLanguage\":\"pl-PL\"},{\"@type\":\"Organization\",\"@id\":\"https:\/\/www.ticol.pl\/sklep\/#organization\",\"name\":\"Ticol\",\"alternateName\":\"Ticol\",\"url\":\"https:\/\/www.ticol.pl\/sklep\/\",\"logo\":{\"@type\":\"ImageObject\",\"inLanguage\":\"pl-PL\",\"@id\":\"https:\/\/www.ticol.pl\/sklep\/#\/schema\/logo\/image\/\",\"url\":\"https:\/\/www.ticol.pl\/sklep\/wp-content\/uploads\/2023\/02\/logo-ticol.bmp\",\"contentUrl\":\"https:\/\/www.ticol.pl\/sklep\/wp-content\/uploads\/2023\/02\/logo-ticol.bmp\",\"width\":963,\"height\":260,\"caption\":\"Ticol\"},\"image\":{\"@id\":\"https:\/\/www.ticol.pl\/sklep\/#\/schema\/logo\/image\/\"},\"sameAs\":[\"https:\/\/www.facebook.com\/ticolspzoo\"]}]}<\/script>\n<!-- \/ Yoast SEO plugin. -->","yoast_head_json":{"title":"O naszych produktach &#8226; Ticol","description":"O naszych produktach - oferujemy wysokiej jako\u015bci opakowania z tworzyw spienionych, jaki i przemys\u0142owych. Kup teraz!","robots":{"index":"index","follow":"follow","max-snippet":"max-snippet:-1","max-image-preview":"max-image-preview:large","max-video-preview":"max-video-preview:-1"},"canonical":"https:\/\/www.ticol.pl\/sklep\/o-naszych-produktach\/","og_locale":"pl_PL","og_type":"article","og_title":"O naszych produktach &#8226; Ticol","og_description":"O naszych produktach - oferujemy wysokiej jako\u015bci opakowania z tworzyw spienionych, jaki i przemys\u0142owych. Kup teraz!","og_url":"https:\/\/www.ticol.pl\/sklep\/o-naszych-produktach\/","og_site_name":"Ticol","article_publisher":"https:\/\/www.facebook.com\/ticolspzoo","article_modified_time":"2023-11-10T09:21:26+00:00","twitter_card":"summary_large_image","twitter_misc":{"Szacowany czas czytania":"4 minuty"},"schema":{"@context":"https:\/\/schema.org","@graph":[{"@type":"WebPage","@id":"https:\/\/www.ticol.pl\/sklep\/o-naszych-produktach\/","url":"https:\/\/www.ticol.pl\/sklep\/o-naszych-produktach\/","name":"O naszych produktach &#8226; Ticol","isPartOf":{"@id":"https:\/\/www.ticol.pl\/sklep\/#website"},"datePublished":"2023-11-10T07:56:42+00:00","dateModified":"2023-11-10T09:21:26+00:00","description":"O naszych produktach - oferujemy wysokiej jako\u015bci opakowania z tworzyw spienionych, jaki i przemys\u0142owych. Kup teraz!","breadcrumb":{"@id":"https:\/\/www.ticol.pl\/sklep\/o-naszych-produktach\/#breadcrumb"},"inLanguage":"pl-PL","potentialAction":[{"@type":"ReadAction","target":["https:\/\/www.ticol.pl\/sklep\/o-naszych-produktach\/"]}]},{"@type":"BreadcrumbList","@id":"https:\/\/www.ticol.pl\/sklep\/o-naszych-produktach\/#breadcrumb","itemListElement":[{"@type":"ListItem","position":1,"name":"Strona g\u0142\u00f3wna","item":"https:\/\/www.ticol.pl\/sklep\/"},{"@type":"ListItem","position":2,"name":"O naszych produktach"}]},{"@type":"WebSite","@id":"https:\/\/www.ticol.pl\/sklep\/#website","url":"https:\/\/www.ticol.pl\/sklep\/","name":"Ticol","description":"Producent opakowa\u0144","publisher":{"@id":"https:\/\/www.ticol.pl\/sklep\/#organization"},"alternateName":"Ticol","potentialAction":[{"@type":"SearchAction","target":{"@type":"EntryPoint","urlTemplate":"https:\/\/www.ticol.pl\/sklep\/?s={search_term_string}"},"query-input":{"@type":"PropertyValueSpecification","valueRequired":true,"valueName":"search_term_string"}}],"inLanguage":"pl-PL"},{"@type":"Organization","@id":"https:\/\/www.ticol.pl\/sklep\/#organization","name":"Ticol","alternateName":"Ticol","url":"https:\/\/www.ticol.pl\/sklep\/","logo":{"@type":"ImageObject","inLanguage":"pl-PL","@id":"https:\/\/www.ticol.pl\/sklep\/#\/schema\/logo\/image\/","url":"https:\/\/www.ticol.pl\/sklep\/wp-content\/uploads\/2023\/02\/logo-ticol.bmp","contentUrl":"https:\/\/www.ticol.pl\/sklep\/wp-content\/uploads\/2023\/02\/logo-ticol.bmp","width":963,"height":260,"caption":"Ticol"},"image":{"@id":"https:\/\/www.ticol.pl\/sklep\/#\/schema\/logo\/image\/"},"sameAs":["https:\/\/www.facebook.com\/ticolspzoo"]}]}},"_links":{"self":[{"href":"https:\/\/www.ticol.pl\/sklep\/wp-json\/wp\/v2\/pages\/5390","targetHints":{"allow":["GET"]}}],"collection":[{"href":"https:\/\/www.ticol.pl\/sklep\/wp-json\/wp\/v2\/pages"}],"about":[{"href":"https:\/\/www.ticol.pl\/sklep\/wp-json\/wp\/v2\/types\/page"}],"author":[{"embeddable":true,"href":"https:\/\/www.ticol.pl\/sklep\/wp-json\/wp\/v2\/users\/1"}],"replies":[{"embeddable":true,"href":"https:\/\/www.ticol.pl\/sklep\/wp-json\/wp\/v2\/comments?post=5390"}],"version-history":[{"count":8,"href":"https:\/\/www.ticol.pl\/sklep\/wp-json\/wp\/v2\/pages\/5390\/revisions"}],"predecessor-version":[{"id":5404,"href":"https:\/\/www.ticol.pl\/sklep\/wp-json\/wp\/v2\/pages\/5390\/revisions\/5404"}],"wp:attachment":[{"href":"https:\/\/www.ticol.pl\/sklep\/wp-json\/wp\/v2\/media?parent=5390"}],"curies":[{"name":"wp","href":"https:\/\/api.w.org\/{rel}","templated":true}]}}