{"id":3795,"date":"2024-07-31T15:04:52","date_gmt":"2024-07-31T15:04:52","guid":{"rendered":"https:\/\/www.ticol.pl\/design-bureau-2\/"},"modified":"2024-07-31T15:21:22","modified_gmt":"2024-07-31T15:21:22","slug":"design-buero","status":"publish","type":"page","link":"https:\/\/www.ticol.pl\/de\/design-buero\/","title":{"rendered":"Designb\u00fcro"},"content":{"rendered":"<p>[et_pb_section fb_built=&#8220;1&#8243; _builder_version=&#8220;4.14.4&#8243; _module_preset=&#8220;default&#8220; background_color=&#8220;#0c71c3&#8243; min_height=&#8220;172.8px&#8220; custom_margin=&#8220;||1px|||&#8220; global_colors_info=&#8220;{}&#8220;][et_pb_row _builder_version=&#8220;4.2.2&#8243; global_colors_info=&#8220;{}&#8220;][et_pb_column type=&#8220;4_4&#8243; _builder_version=&#8220;4.2.2&#8243; global_colors_info=&#8220;{}&#8220;][et_pb_text _builder_version=&#8220;4.14.4&#8243; _module_preset=&#8220;default&#8220; text_font=&#8220;Tenor Sans||||||||&#8220; text_text_color=&#8220;#FFFFFF&#8220; text_font_size=&#8220;44px&#8220; text_letter_spacing=&#8220;4px&#8220; header_font=&#8220;Tenor Sans||||||||&#8220; header_text_align=&#8220;center&#8220; header_font_size=&#8220;26px&#8220; text_orientation=&#8220;center&#8220; background_layout=&#8220;dark&#8220; min_height=&#8220;22.8px&#8220; custom_margin=&#8220;-2px||-2px|||&#8220; custom_padding=&#8220;||4px|||&#8220; text_line_height_tablet=&#8220;&#8220; text_line_height_phone=&#8220;1.2em&#8220; text_line_height_last_edited=&#8220;on|phone&#8220; global_colors_info=&#8220;{}&#8220;]<\/p>\n<h1>Designb\u00fcro<\/h1>\n<p>[\/et_pb_text][\/et_pb_column][\/et_pb_row][\/et_pb_section][et_pb_section fb_built=&#8220;1&#8243; _builder_version=&#8220;4.14.4&#8243; background_color=&#8220;RGBA(255,255,255,0)&#8220; custom_margin=&#8220;-2px|||||&#8220; custom_padding=&#8220;0px|||||&#8220; global_colors_info=&#8220;{}&#8220;][et_pb_row column_structure=&#8220;2_5,3_5&#8243; _builder_version=&#8220;4.2.2&#8243; global_colors_info=&#8220;{}&#8220;][et_pb_column type=&#8220;2_5&#8243; _builder_version=&#8220;4.2.2&#8243; global_colors_info=&#8220;{}&#8220;][et_pb_image src=&#8220;https:\/\/www.ticol.pl\/wp-content\/uploads\/2019\/06\/biuro-projektowe.jpg&#8220; align=&#8220;center&#8220; align_tablet=&#8220;center&#8220; align_phone=&#8220;&#8220; align_last_edited=&#8220;on|desktop&#8220; _builder_version=&#8220;4.2.2&#8243; module_alignment=&#8220;center&#8220; custom_margin=&#8220;45px|||&#8220; animation_style=&#8220;zoom&#8220; animation_duration=&#8220;1100ms&#8220; animation_delay=&#8220;150ms&#8220; z_index_tablet=&#8220;500&#8243; box_shadow_horizontal_tablet=&#8220;0px&#8220; box_shadow_vertical_tablet=&#8220;0px&#8220; box_shadow_blur_tablet=&#8220;40px&#8220; box_shadow_spread_tablet=&#8220;0px&#8220; locked=&#8220;off&#8220; global_colors_info=&#8220;{}&#8220;][\/et_pb_image][\/et_pb_column][et_pb_column type=&#8220;3_5&#8243; _builder_version=&#8220;4.2.2&#8243; global_colors_info=&#8220;{}&#8220;][et_pb_text _builder_version=&#8220;4.14.4&#8243; text_font=&#8220;Tenor Sans||||||||&#8220; text_text_color=&#8220;#000000&#8243; text_font_size=&#8220;18px&#8220; header_text_color=&#8220;#000000&#8243; header_2_font=&#8220;Tenor Sans||||||||&#8220; header_2_text_color=&#8220;#000000&#8243; custom_margin=&#8220;50px||||false|false&#8220; global_colors_info=&#8220;{}&#8220;]<\/p>\n<h2>3D Entwurf<\/h2>\n<p>Die Wahl der richtigen Technologie spielt eine wichtige Rolle bei der Herstellung von Produkten, die den h\u00f6chsten Qualit\u00e4tsstandards entsprechen.<\/p>\n<p>Die 3D-Technologie, die wir f\u00fcr die Entwicklung virtueller Produktprototypen einsetzen, erm\u00f6glicht es uns, unsere Produktpalette schnell an die Bed\u00fcrfnisse unserer Kunden anzupassen und so die Projektvorlaufzeiten erheblich zu verk\u00fcrzen.<\/p>\n<p>Die von uns eingesetzte CNC-Technologie (Computerised Numerical Control) garantiert Ma\u00df- und Formgenauigkeit und wird daher \u00fcberall dort eingesetzt, wo Pr\u00e4zision und Effizienz gefragt sind.<br \/>\nDer Betrieb der Maschinen wird von CNC-Controllern, Software und einem speziell geschulten Team gesteuert. <\/p>\n<p>[\/et_pb_text][\/et_pb_column][\/et_pb_row][et_pb_row column_structure=&#8220;2_3,1_3&#8243; _builder_version=&#8220;4.2.2&#8243; global_colors_info=&#8220;{}&#8220;][et_pb_column type=&#8220;2_3&#8243; _builder_version=&#8220;4.2.2&#8243; global_colors_info=&#8220;{}&#8220;][et_pb_text _builder_version=&#8220;4.14.4&#8243; text_font=&#8220;Tenor Sans||||||||&#8220; text_text_color=&#8220;#000000&#8243; text_font_size=&#8220;18px&#8220; header_font=&#8220;Tenor Sans||||||||&#8220; custom_margin=&#8220;10px||||false|false&#8220; global_colors_info=&#8220;{}&#8220;]<\/p>\n<h2>Prozess des Verpackungsdesigns<\/h2>\n<p>Seit Jahren beraten wir Sie professionell bei der Auswahl geeigneter Materialien, Formen und Verpackungsdesigns, um die individuellen Bed\u00fcrfnisse unserer Kunden zu erf\u00fcllen.<\/p>\n<p>Unsere Projekte werden relativ schnell und mit viel Liebe zum Detail realisiert, denn unsere Idee ist es, Produkte zu schaffen, die den Anforderungen unserer Mitarbeiter voll und ganz entsprechen.<\/p>\n<p>Sie sind herzlich eingeladen, sich mit unserem Team in Verbindung zu setzen. Wir sind sicher, dass wir gemeinsam eine g\u00fcnstige L\u00f6sung finden k\u00f6nnen.<\/p>\n<p>[\/et_pb_text][\/et_pb_column][et_pb_column type=&#8220;1_3&#8243; _builder_version=&#8220;4.2.2&#8243; global_colors_info=&#8220;{}&#8220;][et_pb_image src=&#8220;https:\/\/www.ticol.pl\/wp-content\/uploads\/2022\/07\/biuro-projektowe2.png&#8220; title_text=&#8220;Designb\u00fcro2&#8243; _builder_version=&#8220;4.14.4&#8243; global_colors_info=&#8220;{}&#8220;][\/et_pb_image][\/et_pb_column][\/et_pb_row][et_pb_row _builder_version=&#8220;4.14.4&#8243; _module_preset=&#8220;default&#8220; global_colors_info=&#8220;{}&#8220;][et_pb_column type=&#8220;4_4&#8243; _builder_version=&#8220;4.14.4&#8243; _module_preset=&#8220;default&#8220; global_colors_info=&#8220;{}&#8220;][et_pb_text _builder_version=&#8220;4.14.4&#8243; _module_preset=&#8220;default&#8220; text_font=&#8220;Tenor Sans||||||||&#8220; text_text_color=&#8220;#000000&#8243; text_font_size=&#8220;18px&#8220; text_orientation=&#8220;center&#8220; global_colors_info=&#8220;{}&#8220;]<\/p>\n<h2 style=\"text-align: left;\">Komplexes Verpackungsdesign f\u00fcr die Logistik<\/h2>\n<p style=\"text-align: left;\">Wir befassen uns mit der umfassenden Gestaltung und Produktion von Logistikverpackungen.<br \/>\nWir verf\u00fcgen \u00fcber eine moderne Software und einen modernen Maschinenpark, dank derer wir auch die ausgefallensten Auftr\u00e4ge entwerfen und umsetzen k\u00f6nnen.<br \/>\nWir erstellen individuelle Entw\u00fcrfe von Logistikverpackungen, die vollst\u00e4ndig auf die Anforderungen des Kunden zugeschnitten sind.<br \/>\nUnsere Spezialisten entwerfen f\u00fcr Sie die komplexesten Verpackungen aus einer Vielzahl von Materialien, die auf die spezifische Beschaffenheit des Artikels, die Art des Transports und die Branche, in der Sie t\u00e4tig sind, zugeschnitten sind.   <\/p>\n<p style=\"text-align: left;\">Unsere Spezialit\u00e4t sind Verpackungsdesigns aus Polystyrol und Polyethylenschaum.<br \/>\nDie von uns entworfenen Artikel sch\u00fctzen verschiedene Produkte und Halbfabrikate optimal vor Sch\u00e4den, die w\u00e4hrend der Lagerung oder des Transports auftreten k\u00f6nnen.<br \/>\nDie von Ticol hergestellten Verpackungsdesigns zeichnen sich durch ihre Universalit\u00e4t und Vielseitigkeit aus.<br \/>\nDaher werden sie in einer Vielzahl von Branchen eingesetzt, unter anderem im Transportwesen, in der Elektronikindustrie, in der Automobilindustrie und in vielen anderen Bereichen.<br \/>\nDadurch sind sie f\u00fcr eine Vielzahl von Branchen geeignet, darunter Transport, Elektronik, Automobil, M\u00f6bel und viele andere.    <\/p>\n<p>[\/et_pb_text][\/et_pb_column][\/et_pb_row][et_pb_row column_structure=&#8220;1_2,1_2&#8243; _builder_version=&#8220;3.25&#8243; background_size=&#8220;initial&#8220; background_position=&#8220;top_left&#8220; background_repeat=&#8220;repeat&#8220; locked=&#8220;off&#8220; global_colors_info=&#8220;{}&#8220;][et_pb_column type=&#8220;1_2&#8243; _builder_version=&#8220;3.25&#8243; custom_padding=&#8220;|||&#8220; global_colors_info=&#8220;{}&#8220; custom_padding__hover=&#8220;|||&#8220;][et_pb_text _builder_version=&#8220;4.14.4&#8243; text_font_size=&#8220;17px&#8220; link_font=&#8220;||||||||&#8220; z_index_tablet=&#8220;500&#8243; text_text_shadow_horizontal_length_tablet=&#8220;0px&#8220; text_text_shadow_vertical_length_tablet=&#8220;0px&#8220; text_text_shadow_blur_strength_tablet=&#8220;1px&#8220; link_text_shadow_horizontal_length_tablet=&#8220;0px&#8220; link_text_shadow_vertical_length_tablet=&#8220;0px&#8220; link_text_shadow_blur_strength_tablet=&#8220;1px&#8220; ul_text_shadow_horizontal_length_tablet=&#8220;0px&#8220; ul_text_shadow_vertical_length_tablet=&#8220;0px&#8220; ul_text_shadow_blur_strength_tablet=&#8220;1px&#8220; ol_text_shadow_horizontal_length_tablet=&#8220;0px&#8220; ol_text_shadow_vertical_length_tablet=&#8220;0px&#8220; ol_text_shadow_blur_strength_tablet=&#8220;1px&#8220; quote_text_shadow_horizontal_length_tablet=&#8220;0px&#8220; quote_text_shadow_vertical_length_tablet=&#8220;0px&#8220; quote_text_shadow_blur_strength_tablet=&#8220;1px&#8220; header_text_shadow_horizontal_length_tablet=&#8220;0px&#8220; header_text_shadow_vertical_length_tablet=&#8220;0px&#8220; header_text_shadow_blur_strength_tablet=&#8220;1px&#8220; header_2_text_shadow_horizontal_length_tablet=&#8220;0px&#8220; header_2_text_shadow_vertical_length_tablet=&#8220;0px&#8220; header_2_text_shadow_blur_strength_tablet=&#8220;1px&#8220; header_3_text_shadow_horizontal_length_tablet=&#8220;0px&#8220; header_3_text_shadow_vertical_length_tablet=&#8220;0px&#8220; header_3_text_shadow_blur_strength_tablet=&#8220;1px&#8220; header_4_text_shadow_horizontal_length_tablet=&#8220;0px&#8220; header_4_text_shadow_vertical_length_tablet=&#8220;0px&#8220; header_4_text_shadow_blur_strength_tablet=&#8220;1px&#8220; header_5_text_shadow_horizontal_length_tablet=&#8220;0px&#8220; header_5_text_shadow_vertical_length_tablet=&#8220;0px&#8220; header_5_text_shadow_blur_strength_tablet=&#8220;1px&#8220; header_6_text_shadow_horizontal_length_tablet=&#8220;0px&#8220; header_6_text_shadow_vertical_length_tablet=&#8220;0px&#8220; header_6_text_shadow_blur_strength_tablet=&#8220;1px&#8220; box_shadow_horizontal_tablet=&#8220;0px&#8220; box_shadow_vertical_tablet=&#8220;0px&#8220; box_shadow_blur_tablet=&#8220;40px&#8220; box_shadow_spread_tablet=&#8220;0px&#8220; global_colors_info=&#8220;{}&#8220;]<\/p>\n<h2 style=\"font-family: Dosis, sans-serif; text-align: center;\">Ticol Sp.<br \/>\nz o.o. <\/h2>\n<p><a style=\"display: block; height: 50px; width: 100%; background: #000; color: #ffffff; text-align: center; font-weight: bold; font-size: 100%; line-height: 50px; font-family: Arial; border-radius: 0px; text-decoration: none;\" href=\"https:\/\/www.google.com\/maps?ll=51.188888,16.598613&amp;z=15&amp;t=m&amp;hl=pl-PL&amp;gl=PL&amp;mapclient=embed&amp;q=Kolejowa+45B+55-300+%C5%9Aroda+%C5%9Al%C4%85ska\">ZUGANG ZUM FIRMENGEL\u00c4NDE<\/a><\/p>\n<div class=\"et_pb_module et_pb_divider et_pb_divider_0 et_pb_divider_position_center et_pb_space\">\n<div class=\"et_pb_divider_internal\"><\/div>\n<\/div>\n<div><i class=\"fa fa-home\"><\/i>  ul.<br \/>\nKolejowa 67C <\/div>\n<div><i class=\"fa fa-location-arrow\"><\/i>  55-300 \u015aroda \u015alaska<\/div>\n<div><i class=\"fa fa-phone\"> <\/i> <a href=\"tel:535-97-88-84\" rel=\"nofollow\">535-97-88-84<\/a><\/div>\n<div><i class=\"fa fa-phone\"><\/i> <a href=\"tel:696-911-763\" rel=\"nofollow\">  696-911-763<\/a><\/div>\n<div><i class=\"fas fa-envelope\"><\/i>  <a title=\"Schreiben Sie\" href=\"mailto:biuro@ticol.pl\" rel=\"nofollow noopener\" target=\"_blank\">biuro@ticol.pl<\/a><\/div>\n<p>[\/et_pb_text][et_pb_text _builder_version=&#8220;3.27.4&#8243; z_index_tablet=&#8220;500&#8243; text_text_shadow_horizontal_length_tablet=&#8220;0px&#8220; text_text_shadow_vertical_length_tablet=&#8220;0px&#8220; text_text_shadow_blur_strength_tablet=&#8220;1px&#8220; link_text_shadow_horizontal_length_tablet=&#8220;0px&#8220; link_text_shadow_vertical_length_tablet=&#8220;0px&#8220; link_text_shadow_blur_strength_tablet=&#8220;1px&#8220; ul_text_shadow_horizontal_length_tablet=&#8220;0px&#8220; ul_text_shadow_vertical_length_tablet=&#8220;0px&#8220; ul_text_shadow_blur_strength_tablet=&#8220;1px&#8220; ol_text_shadow_horizontal_length_tablet=&#8220;0px&#8220; ol_text_shadow_vertical_length_tablet=&#8220;0px&#8220; ol_text_shadow_blur_strength_tablet=&#8220;1px&#8220; quote_text_shadow_horizontal_length_tablet=&#8220;0px&#8220; quote_text_shadow_vertical_length_tablet=&#8220;0px&#8220; quote_text_shadow_blur_strength_tablet=&#8220;1px&#8220; header_text_shadow_horizontal_length_tablet=&#8220;0px&#8220; header_text_shadow_vertical_length_tablet=&#8220;0px&#8220; header_text_shadow_blur_strength_tablet=&#8220;1px&#8220; header_2_text_shadow_horizontal_length_tablet=&#8220;0px&#8220; header_2_text_shadow_vertical_length_tablet=&#8220;0px&#8220; header_2_text_shadow_blur_strength_tablet=&#8220;1px&#8220; header_3_text_shadow_horizontal_length_tablet=&#8220;0px&#8220; header_3_text_shadow_vertical_length_tablet=&#8220;0px&#8220; header_3_text_shadow_blur_strength_tablet=&#8220;1px&#8220; header_4_text_shadow_horizontal_length_tablet=&#8220;0px&#8220; header_4_text_shadow_vertical_length_tablet=&#8220;0px&#8220; header_4_text_shadow_blur_strength_tablet=&#8220;1px&#8220; header_5_text_shadow_horizontal_length_tablet=&#8220;0px&#8220; header_5_text_shadow_vertical_length_tablet=&#8220;0px&#8220; header_5_text_shadow_blur_strength_tablet=&#8220;1px&#8220; header_6_text_shadow_horizontal_length_tablet=&#8220;0px&#8220; header_6_text_shadow_vertical_length_tablet=&#8220;0px&#8220; header_6_text_shadow_blur_strength_tablet=&#8220;1px&#8220; box_shadow_horizontal_tablet=&#8220;0px&#8220; box_shadow_vertical_tablet=&#8220;0px&#8220; box_shadow_blur_tablet=&#8220;40px&#8220; box_shadow_spread_tablet=&#8220;0px&#8220; global_colors_info=&#8220;{}&#8220;]<\/p>\n<p style=\"text-align: center;\">Pr\u00fcfen Sie unsere Datenschutzbestimmungen:<\/p>\n<p><a style=\"display: block; height: 50px; width: 100%; background: #ff650b; color: #ffffff; text-align: center; font-weight: bold; font-size: 100%; line-height: 50px; font-family: Arial; border-radius: 0px; text-decoration: none;\" href=\"https:\/\/www.ticol.pl\/de\/datenschutzbestimmungen\/\">Datenschutzerkl\u00e4rung &#8211; RODO<\/a><br \/>\n[\/et_pb_text][\/et_pb_column][et_pb_column type=&#8220;1_2&#8243; _builder_version=&#8220;3.25&#8243; custom_padding=&#8220;|||&#8220; global_colors_info=&#8220;{}&#8220; custom_padding__hover=&#8220;|||&#8220;][et_pb_contact_form email=&#8220;biuro@ticol.pl, p.ziach@ticol.pl&#8220; _builder_version=&#8220;4.13.1&#8243; _unique_id=&#8220;f1eee9a3-040a-4726-95a4-a08770d6a070&#8243; custom_button=&#8220;on&#8220; button_text_size=&#8220;17px&#8220; button_text_color=&#8220;#ffffff&#8220; button_bg_color=&#8220;#000000&#8243; button_border_color=&#8220;#000000&#8243; button_use_icon=&#8220;off&#8220; z_index_tablet=&#8220;500&#8243; title_text_shadow_horizontal_length_tablet=&#8220;0px&#8220; title_text_shadow_vertical_length_tablet=&#8220;0px&#8220; title_text_shadow_blur_strength_tablet=&#8220;1px&#8220; captcha_text_shadow_horizontal_length_tablet=&#8220;0px&#8220; captcha_text_shadow_vertical_length_tablet=&#8220;0px&#8220; captcha_text_shadow_blur_strength_tablet=&#8220;1px&#8220; form_field_text_shadow_horizontal_length_tablet=&#8220;0px&#8220; form_field_text_shadow_vertical_length_tablet=&#8220;0px&#8220; form_field_text_shadow_blur_strength_tablet=&#8220;1px&#8220; button_text_shadow_horizontal_length_tablet=&#8220;0px&#8220; button_text_shadow_vertical_length_tablet=&#8220;0px&#8220; button_text_shadow_blur_strength_tablet=&#8220;1px&#8220; box_shadow_horizontal_tablet=&#8220;0px&#8220; box_shadow_vertical_tablet=&#8220;0px&#8220; box_shadow_blur_tablet=&#8220;40px&#8220; box_shadow_spread_tablet=&#8220;0px&#8220; box_shadow_horizontal_button_tablet=&#8220;0px&#8220; box_shadow_vertical_button_tablet=&#8220;0px&#8220; box_shadow_blur_button_tablet=&#8220;40px&#8220; box_shadow_spread_button_tablet=&#8220;0px&#8220; text_shadow_horizontal_length_tablet=&#8220;0px&#8220; text_shadow_vertical_length_tablet=&#8220;0px&#8220; text_shadow_blur_strength_tablet=&#8220;1px&#8220; global_colors_info=&#8220;{}&#8220;][et_pb_contact_field field_id=&#8220;Name&#8220; field_title=&#8220;Name&#8220; _builder_version=&#8220;3.24.1&#8243; form_field_background_color=&#8220;rgba(236,236,236,0.43)&#8220; field_background_color=&#8220;rgba(236,236,236,0.43)&#8220; global_colors_info=&#8220;{}&#8220; button_text_size__hover_enabled=&#8220;off&#8220; button_one_text_size__hover_enabled=&#8220;off&#8220; button_two_text_size__hover_enabled=&#8220;off&#8220; button_text_color__hover_enabled=&#8220;off&#8220; button_one_text_color__hover_enabled=&#8220;off&#8220; button_two_text_color__hover_enabled=&#8220;off&#8220; button_border_width__hover_enabled=&#8220;off&#8220; button_one_border_width__hover_enabled=&#8220;off&#8220; button_two_border_width__hover_enabled=&#8220;off&#8220; button_border_color__hover_enabled=&#8220;off&#8220; button_one_border_color__hover_enabled=&#8220;off&#8220; button_two_border_color__hover_enabled=&#8220;off&#8220; button_border_radius__hover_enabled=&#8220;off&#8220; button_one_border_radius__hover_enabled=&#8220;off&#8220; button_two_border_radius__hover_enabled=&#8220;off&#8220; button_letter_spacing__hover_enabled=&#8220;off&#8220; button_one_letter_spacing__hover_enabled=&#8220;off&#8220; button_two_letter_spacing__hover_enabled=&#8220;off&#8220; button_bg_color__hover_enabled=&#8220;off&#8220; button_one_bg_color__hover_enabled=&#8220;off&#8220; button_two_bg_color__hover_enabled=&#8220;off&#8220;][\/et_pb_contact_field][et_pb_contact_field field_id=&#8220;Name_2&#8243; field_title=&#8220;Name&#8220; _builder_version=&#8220;3.24.1&#8243; form_field_background_color=&#8220;rgba(236,236,236,0.43)&#8220; field_background_color=&#8220;rgba(236,236,236,0.43)&#8220; global_colors_info=&#8220;{}&#8220; button_text_size__hover_enabled=&#8220;off&#8220; button_one_text_size__hover_enabled=&#8220;off&#8220; button_two_text_size__hover_enabled=&#8220;off&#8220; button_text_color__hover_enabled=&#8220;off&#8220; button_one_text_color__hover_enabled=&#8220;off&#8220; button_two_text_color__hover_enabled=&#8220;off&#8220; button_border_width__hover_enabled=&#8220;off&#8220; button_one_border_width__hover_enabled=&#8220;off&#8220; button_two_border_width__hover_enabled=&#8220;off&#8220; button_border_color__hover_enabled=&#8220;off&#8220; button_one_border_color__hover_enabled=&#8220;off&#8220; button_two_border_color__hover_enabled=&#8220;off&#8220; button_border_radius__hover_enabled=&#8220;off&#8220; button_one_border_radius__hover_enabled=&#8220;off&#8220; button_two_border_radius__hover_enabled=&#8220;off&#8220; button_letter_spacing__hover_enabled=&#8220;off&#8220; button_one_letter_spacing__hover_enabled=&#8220;off&#8220; button_two_letter_spacing__hover_enabled=&#8220;off&#8220; button_bg_color__hover_enabled=&#8220;off&#8220; button_one_bg_color__hover_enabled=&#8220;off&#8220; button_two_bg_color__hover_enabled=&#8220;off&#8220;][\/et_pb_contact_field][et_pb_contact_field field_id=&#8220;Email&#8220; field_title=&#8220;E-Mail&#8220; field_type=&#8220;email&#8220; fullwidth_field=&#8220;on&#8220; _builder_version=&#8220;3.24.1&#8243; form_field_background_color=&#8220;rgba(236,236,236,0.43)&#8220; field_background_color=&#8220;rgba(236,236,236,0.43)&#8220; global_colors_info=&#8220;{}&#8220; button_text_size__hover_enabled=&#8220;off&#8220; button_one_text_size__hover_enabled=&#8220;off&#8220; button_two_text_size__hover_enabled=&#8220;off&#8220; button_text_color__hover_enabled=&#8220;off&#8220; button_one_text_color__hover_enabled=&#8220;off&#8220; button_two_text_color__hover_enabled=&#8220;off&#8220; button_border_width__hover_enabled=&#8220;off&#8220; button_one_border_width__hover_enabled=&#8220;off&#8220; button_two_border_width__hover_enabled=&#8220;off&#8220; button_border_color__hover_enabled=&#8220;off&#8220; button_one_border_color__hover_enabled=&#8220;off&#8220; button_two_border_color__hover_enabled=&#8220;off&#8220; button_border_radius__hover_enabled=&#8220;off&#8220; button_one_border_radius__hover_enabled=&#8220;off&#8220; button_two_border_radius__hover_enabled=&#8220;off&#8220; button_letter_spacing__hover_enabled=&#8220;off&#8220; button_one_letter_spacing__hover_enabled=&#8220;off&#8220; button_two_letter_spacing__hover_enabled=&#8220;off&#8220; button_bg_color__hover_enabled=&#8220;off&#8220; button_one_bg_color__hover_enabled=&#8220;off&#8220; button_two_bg_color__hover_enabled=&#8220;off&#8220;][\/et_pb_contact_field][et_pb_contact_field field_id=&#8220;Field_5&#8243; field_title=&#8220;Name des Unternehmens&#8220; required_mark=&#8220;off&#8220; fullwidth_field=&#8220;on&#8220; _builder_version=&#8220;3.24.1&#8243; background_color_gradient_direction_tablet=&#8220;180deg&#8220; background_color_gradient_direction_phone=&#8220;180deg&#8220; background_color_gradient_start_position_tablet=&#8220;0%&#8220; background_color_gradient_start_position_phone=&#8220;0%&#8220; background_color_gradient_end_position_tablet=&#8220;100%&#8220; background_color_gradient_end_position_phone=&#8220;100%&#8220; hover_transition_duration_tablet=&#8220;300ms&#8220; hover_transition_duration_phone=&#8220;300ms&#8220; hover_transition_delay_tablet=&#8220;0ms&#8220; hover_transition_delay_phone=&#8220;0ms&#8220; form_field_text_shadow_horizontal_length_tablet=&#8220;0px&#8220; form_field_text_shadow_horizontal_length_phone=&#8220;0px&#8220; form_field_text_shadow_vertical_length_tablet=&#8220;0px&#8220; form_field_text_shadow_vertical_length_phone=&#8220;0px&#8220; form_field_text_shadow_blur_strength_tablet=&#8220;1px&#8220; form_field_text_shadow_blur_strength_phone=&#8220;1px&#8220; box_shadow_horizontal_tablet=&#8220;0px&#8220; box_shadow_horizontal_phone=&#8220;0px&#8220; box_shadow_vertical_tablet=&#8220;0px&#8220; box_shadow_vertical_phone=&#8220;0px&#8220; box_shadow_blur_tablet=&#8220;40px&#8220; box_shadow_blur_phone=&#8220;40px&#8220; box_shadow_spread_tablet=&#8220;0px&#8220; box_shadow_spread_phone=&#8220;0px&#8220; global_colors_info=&#8220;{}&#8220;][\/et_pb_contact_field][et_pb_contact_field field_id=&#8220;Message&#8220; field_title=&#8220;Inhalt der Nachricht&#8220; field_type=&#8220;text&#8220; fullwidth_field=&#8220;on&#8220; _builder_version=&#8220;3.24.1&#8243; form_field_background_color=&#8220;rgba(236,236,236,0.43)&#8220; field_background_color=&#8220;rgba(236,236,236,0.43)&#8220; global_colors_info=&#8220;{}&#8220; button_text_size__hover_enabled=&#8220;off&#8220; button_one_text_size__hover_enabled=&#8220;off&#8220; button_two_text_size__hover_enabled=&#8220;off&#8220; button_text_color__hover_enabled=&#8220;off&#8220; button_one_text_color__hover_enabled=&#8220;off&#8220; button_two_text_color__hover_enabled=&#8220;off&#8220; button_border_width__hover_enabled=&#8220;off&#8220; button_one_border_width__hover_enabled=&#8220;off&#8220; button_two_border_width__hover_enabled=&#8220;off&#8220; button_border_color__hover_enabled=&#8220;off&#8220; button_one_border_color__hover_enabled=&#8220;off&#8220; button_two_border_color__hover_enabled=&#8220;off&#8220; button_border_radius__hover_enabled=&#8220;off&#8220; button_one_border_radius__hover_enabled=&#8220;off&#8220; button_two_border_radius__hover_enabled=&#8220;off&#8220; button_letter_spacing__hover_enabled=&#8220;off&#8220; button_one_letter_spacing__hover_enabled=&#8220;off&#8220; button_two_letter_spacing__hover_enabled=&#8220;off&#8220; button_bg_color__hover_enabled=&#8220;off&#8220; button_one_bg_color__hover_enabled=&#8220;off&#8220; button_two_bg_color__hover_enabled=&#8220;off&#8220;][\/et_pb_contact_field][\/et_pb_contact_form][\/et_pb_column][\/et_pb_row][\/et_pb_section]<\/p>\n","protected":false},"excerpt":{"rendered":"<p>Designb\u00fcro3D Entwurf Die Wahl der richtigen Technologie spielt eine wichtige Rolle bei der Herstellung von Produkten, die den h\u00f6chsten Qualit\u00e4tsstandards entsprechen. Die 3D-Technologie, die wir f\u00fcr die Entwicklung virtueller Produktprototypen einsetzen, erm\u00f6glicht es uns, unsere Produktpalette schnell an die Bed\u00fcrfnisse unserer Kunden anzupassen und so die Projektvorlaufzeiten erheblich zu verk\u00fcrzen. Die von uns eingesetzte CNC-Technologie [&hellip;]<\/p>\n","protected":false},"author":1,"featured_media":0,"parent":0,"menu_order":0,"comment_status":"closed","ping_status":"closed","template":"","meta":{"_et_pb_use_builder":"on","_et_pb_old_content":"","_et_gb_content_width":"","om_disable_all_campaigns":false,"_monsterinsights_skip_tracking":false,"_monsterinsights_sitenote_active":false,"_monsterinsights_sitenote_note":"","_monsterinsights_sitenote_category":0,"footnotes":""},"class_list":["post-3795","page","type-page","status-publish","hentry"],"aioseo_notices":[],"_links":{"self":[{"href":"https:\/\/www.ticol.pl\/de\/wp-json\/wp\/v2\/pages\/3795","targetHints":{"allow":["GET"]}}],"collection":[{"href":"https:\/\/www.ticol.pl\/de\/wp-json\/wp\/v2\/pages"}],"about":[{"href":"https:\/\/www.ticol.pl\/de\/wp-json\/wp\/v2\/types\/page"}],"author":[{"embeddable":true,"href":"https:\/\/www.ticol.pl\/de\/wp-json\/wp\/v2\/users\/1"}],"replies":[{"embeddable":true,"href":"https:\/\/www.ticol.pl\/de\/wp-json\/wp\/v2\/comments?post=3795"}],"version-history":[{"count":18,"href":"https:\/\/www.ticol.pl\/de\/wp-json\/wp\/v2\/pages\/3795\/revisions"}],"predecessor-version":[{"id":3853,"href":"https:\/\/www.ticol.pl\/de\/wp-json\/wp\/v2\/pages\/3795\/revisions\/3853"}],"wp:attachment":[{"href":"https:\/\/www.ticol.pl\/de\/wp-json\/wp\/v2\/media?parent=3795"}],"curies":[{"name":"wp","href":"https:\/\/api.w.org\/{rel}","templated":true}]}}