{"id":2915,"date":"2024-07-30T18:44:33","date_gmt":"2024-07-30T18:44:33","guid":{"rendered":"https:\/\/www.ticol.pl\/verpackungen-fuer-die-bauindustrie\/"},"modified":"2024-07-30T18:44:35","modified_gmt":"2024-07-30T18:44:35","slug":"verpackungen-fuer-die-bauindustrie","status":"publish","type":"page","link":"https:\/\/www.ticol.pl\/de\/verpackungen-fuer-die-bauindustrie\/","title":{"rendered":"Verpackungen f\u00fcr die Bauindustrie"},"content":{"rendered":"<p>[et_pb_section fb_built=&#8220;1&#8243; _builder_version=&#8220;4.14.4&#8243; _module_preset=&#8220;default&#8220; background_color=&#8220;#0c71c3&#8243; min_height=&#8220;217.8px&#8220; custom_margin=&#8220;||-2px|||&#8220; custom_padding=&#8220;||0px|||&#8220; global_colors_info=&#8220;{}&#8220;][et_pb_row _builder_version=&#8220;4.14.4&#8243; _module_preset=&#8220;default&#8220; global_colors_info=&#8220;{}&#8220;][et_pb_column type=&#8220;4_4&#8243; _builder_version=&#8220;4.14.4&#8243; _module_preset=&#8220;default&#8220; global_colors_info=&#8220;{}&#8220;][et_pb_text _builder_version=&#8220;4.14.4&#8243; _module_preset=&#8220;default&#8220; text_font=&#8220;Tenor Sans||||||||&#8220; text_text_color=&#8220;#FFFFFF&#8220; text_font_size=&#8220;44px&#8220; text_letter_spacing=&#8220;4px&#8220; text_line_height=&#8220;1.2em&#8220; text_orientation=&#8220;center&#8220; background_layout=&#8220;dark&#8220; global_colors_info=&#8220;{}&#8220;]<\/p>\n<h1 style=\"text-align: center;\" data-pm-slice=\"1 1 []\">Verpackungen f\u00fcr die Bauindustrie<\/h1>\n<div id=\"gtx-trans\" style=\"position: absolute; left: -31px; top: 8px;\">\n<div class=\"gtx-trans-icon\"> <\/div>\n<\/div>\n<p>[\/et_pb_text][\/et_pb_column][\/et_pb_row][\/et_pb_section][et_pb_section fb_built=&#8220;1&#8243; _builder_version=&#8220;4.14.4&#8243; background_color=&#8220;RGBA(255,255,255,0)&#8220; custom_margin=&#8220;-1px|||||&#8220; custom_padding=&#8220;4px|||||&#8220; global_colors_info=&#8220;{}&#8220;][et_pb_row _builder_version=&#8220;4.14.4&#8243; _module_preset=&#8220;default&#8220; min_height=&#8220;309.2px&#8220; custom_margin=&#8220;|auto|-65px|auto||&#8220; custom_padding=&#8220;5px|||||&#8220; global_colors_info=&#8220;{}&#8220;][et_pb_column type=&#8220;4_4&#8243; _builder_version=&#8220;4.14.4&#8243; _module_preset=&#8220;default&#8220; global_colors_info=&#8220;{}&#8220;][et_pb_text _builder_version=&#8220;4.14.4&#8243; text_font=&#8220;Tenor Sans||||||||&#8220; text_text_color=&#8220;#000000&#8243; text_font_size=&#8220;18px&#8220; header_font=&#8220;Tenor Sans||||||||&#8220; header_text_color=&#8220;#000000&#8243; custom_margin=&#8220;2px||50px||false|false&#8220; custom_padding=&#8220;46px|||||&#8220; hover_enabled=&#8220;0&#8243; global_colors_info=&#8220;{}&#8220; sticky_enabled=&#8220;0&#8243;]<\/p>\n<p style=\"text-align: left;\">Haben Sie ein Bauunternehmen?<br \/>\nDas ist ein gro\u00dfartiger Ort f\u00fcr Sie!<br \/>\nWir stellen <strong>Verpackungen f\u00fcr das Baugewerbe<\/strong> her und es k\u00f6nnte sein, dass Ihr Unternehmen einer unserer Kunden wird.<br \/>\nDie heutige Bauindustrie konzentriert sich nicht nur auf innovative Baul\u00f6sungen, sondern ist sich auch der Schl\u00fcsselrolle bewusst, die Verpackungen bei der Produktion, dem Transport und der Lagerung von Materialien und Produkten spielen. Die <strong>Herstellung von Verpackungen f\u00fcr die Bauindustrie<\/strong> ist ein wichtiger Teil der Lieferkette, um nicht nur den Schutz der Produkte zu gew\u00e4hrleisten, sondern auch um die Logistikprozesse zu optimieren und die Nachhaltigkeit des Sektors zu beeinflussen.   <\/p>\n<h2 style=\"text-align: center;\">Verpackungen f\u00fcr das Baugewerbe &#8211; Schutz f\u00fcr Ihre Arbeit<\/h2>\n<p>Gro\u00dfformatige Kartons und Verpackungen sind bequem zu lagern und sch\u00fctzen alle Produkte vor Besch\u00e4digungen.<br \/>\nWir stellen nur Produkte von h\u00f6chster Qualit\u00e4t her, die getestet sind und den aktuellen Festigkeits- und Sicherheitsstandards entsprechen.<br \/>\nSowohl die Standard- als auch die ma\u00dfgefertigten Verpackungen zeichnen sich durch hohe Wasserdichtigkeit und Stabilit\u00e4t aus, und die darin gelagerten Waren sind vor Besch\u00e4digungen gesch\u00fctzt.<br \/>\nWir empfehlen unsere Produkte Unternehmen, aber auch Privatpersonen, die ihre Waren so gut wie m\u00f6glich sch\u00fctzen und vor unerwarteten Sch\u00e4den bewahren m\u00f6chten.   <\/p>\n<h2 style=\"text-align: center;\">Sicherheitsverpackungen &#8211; Bauindustrie<\/h2>\n<p>Das <strong>Baugewerbe<\/strong> ist gepr\u00e4gt von schweren Lasten, die oft schon bei der geringsten Ber\u00fchrung besch\u00e4digt werden oder andere besch\u00e4digen k\u00f6nnen.<br \/>\nDaher ist es ratsam, sie entsprechend zu sichern, damit nicht auch andere G\u00fcter und Ausr\u00fcstungen gef\u00e4hrdet werden. <strong>Verpackungen f\u00fcr die Bauindustrie<\/strong> werden mit viel Liebe zum Detail hergestellt.<br \/>\nLeichte Beschl\u00e4ge, Winkel und viele andere werden aus besch\u00e4digungs- und witterungsbest\u00e4ndigen Materialien hergestellt.  <\/p>\n<p>Alle Sicherheitsverpackungen sind au\u00dferdem leicht zu transportieren und zu lagern.<br \/>\nSo k\u00f6nnen Sie sich die Zeit sparen, Ihre Waren selbst zu sichern und sich auf Verpackungen aus Polyethylen, Polypropylen, Karton oder Polystyrol verlassen.<br \/>\nProfitieren Sie von unserem Angebot an <strong>Schutzmaterialien, die f\u00fcr die Bauindustrie entwickelt wurden<\/strong>und sowohl gegen Chemikalien als auch gegen Wasser und Feuchtigkeit resistent sind.<br \/>\nSie haben au\u00dferdem w\u00e4rme- und schallisolierende Eigenschaften.<br \/>\nEine Gro\u00dfhandelsbestellung wird sich f\u00fcr Sie sicher auszahlen!    <\/p>\n<h2 style=\"text-align: center;\">Herstellung von Verpackungen f\u00fcr die Bauindustrie<\/h2>\n<p>Wir stellen <strong>ma\u00dfgeschneiderte<\/strong> <strong>Verpackungen f\u00fcr die Bauindustrie<\/strong> her.<br \/>\nNehmen Sie einfach Kontakt mit uns auf und wir helfen Ihnen bei der Auswahl der richtigen Schutzart und erstellen ein Design, das den Bed\u00fcrfnissen jedes unserer Kunden entspricht.<br \/>\nDank des Einsatzes modernster Technologie ist die Produktion schnell und vor allem wiederholbar.<br \/>\nSo k\u00f6nnen wir Hunderte oder sogar Tausende von identischen Designs erstellen, die sich nicht einmal im kleinsten Detail unterscheiden.   <\/p>\n<p>[\/et_pb_text][\/et_pb_column][\/et_pb_row][et_pb_row column_structure=&#8220;1_2,1_2&#8243; _builder_version=&#8220;3.25&#8243; background_size=&#8220;initial&#8220; background_position=&#8220;top_left&#8220; background_repeat=&#8220;repeat&#8220; locked=&#8220;off&#8220; global_colors_info=&#8220;{}&#8220;][et_pb_column type=&#8220;1_2&#8243; _builder_version=&#8220;3.25&#8243; custom_padding=&#8220;|||&#8220; global_colors_info=&#8220;{}&#8220; custom_padding__hover=&#8220;|||&#8220;][et_pb_text _builder_version=&#8220;4.14.4&#8243; text_font_size=&#8220;17px&#8220; z_index_tablet=&#8220;500&#8243; text_text_shadow_horizontal_length_tablet=&#8220;0px&#8220; text_text_shadow_vertical_length_tablet=&#8220;0px&#8220; text_text_shadow_blur_strength_tablet=&#8220;1px&#8220; link_text_shadow_horizontal_length_tablet=&#8220;0px&#8220; link_text_shadow_vertical_length_tablet=&#8220;0px&#8220; link_text_shadow_blur_strength_tablet=&#8220;1px&#8220; ul_text_shadow_horizontal_length_tablet=&#8220;0px&#8220; ul_text_shadow_vertical_length_tablet=&#8220;0px&#8220; ul_text_shadow_blur_strength_tablet=&#8220;1px&#8220; ol_text_shadow_horizontal_length_tablet=&#8220;0px&#8220; ol_text_shadow_vertical_length_tablet=&#8220;0px&#8220; ol_text_shadow_blur_strength_tablet=&#8220;1px&#8220; quote_text_shadow_horizontal_length_tablet=&#8220;0px&#8220; quote_text_shadow_vertical_length_tablet=&#8220;0px&#8220; quote_text_shadow_blur_strength_tablet=&#8220;1px&#8220; header_text_shadow_horizontal_length_tablet=&#8220;0px&#8220; header_text_shadow_vertical_length_tablet=&#8220;0px&#8220; header_text_shadow_blur_strength_tablet=&#8220;1px&#8220; header_2_text_shadow_horizontal_length_tablet=&#8220;0px&#8220; header_2_text_shadow_vertical_length_tablet=&#8220;0px&#8220; header_2_text_shadow_blur_strength_tablet=&#8220;1px&#8220; header_3_text_shadow_horizontal_length_tablet=&#8220;0px&#8220; header_3_text_shadow_vertical_length_tablet=&#8220;0px&#8220; header_3_text_shadow_blur_strength_tablet=&#8220;1px&#8220; header_4_text_shadow_horizontal_length_tablet=&#8220;0px&#8220; header_4_text_shadow_vertical_length_tablet=&#8220;0px&#8220; header_4_text_shadow_blur_strength_tablet=&#8220;1px&#8220; header_5_text_shadow_horizontal_length_tablet=&#8220;0px&#8220; header_5_text_shadow_vertical_length_tablet=&#8220;0px&#8220; header_5_text_shadow_blur_strength_tablet=&#8220;1px&#8220; header_6_text_shadow_horizontal_length_tablet=&#8220;0px&#8220; header_6_text_shadow_vertical_length_tablet=&#8220;0px&#8220; header_6_text_shadow_blur_strength_tablet=&#8220;1px&#8220; box_shadow_horizontal_tablet=&#8220;0px&#8220; box_shadow_vertical_tablet=&#8220;0px&#8220; box_shadow_blur_tablet=&#8220;40px&#8220; box_shadow_spread_tablet=&#8220;0px&#8220; global_colors_info=&#8220;{}&#8220;]<\/p>\n<h2 style=\"font-family: Dosis, sans-serif; text-align: center;\">Ticol Sp.<br \/>\nz o.o. <\/h2>\n<p><a style=\"display: block; height: 50px; width: 100%; background: #000; color: #ffffff; text-align: center; font-weight: bold; font-size: 100%; line-height: 50px; font-family: Arial; border-radius: 0px; text-decoration: none;\" href=\"https:\/\/www.google.com\/maps?ll=51.188888,16.598613&amp;z=15&amp;t=m&amp;hl=pl-PL&amp;gl=PL&amp;mapclient=embed&amp;q=Kolejowa+45B+55-300+%C5%9Aroda+%C5%9Al%C4%85ska\">ZUGANG ZUM FIRMENGEL\u00c4NDE<\/a><\/p>\n<div class=\"et_pb_module et_pb_divider et_pb_divider_0 et_pb_divider_position_center et_pb_space\">\n<div class=\"et_pb_divider_internal\"><\/div>\n<\/div>\n<div><i class=\"fa fa-home\"><\/i>  ul.<br \/>\nKolejowa 67C <\/div>\n<div><i class=\"fa fa-location-arrow\"><\/i>  55-300 \u015aroda \u015alaska<\/div>\n<div><i class=\"fa fa-phone\"> <\/i> <a href=\"tel:535-97-88-84\" rel=\"nofollow\">535-97-88-84<\/a><\/div>\n<div><i class=\"fa fa-phone\"><\/i> <a href=\"tel:696-911-763\" rel=\"nofollow\">  696-911-763<\/a><\/div>\n<div><i class=\"fas fa-envelope\"><\/i>  <a title=\"Schreiben Sie\" href=\"mailto:biuro@ticol.pl\" rel=\"nofollow noopener\" target=\"_blank\">biuro@ticol.pl<\/a><\/div>\n<p>[\/et_pb_text][et_pb_text _builder_version=&#8220;3.27.4&#8243; z_index_tablet=&#8220;500&#8243; text_text_shadow_horizontal_length_tablet=&#8220;0px&#8220; text_text_shadow_vertical_length_tablet=&#8220;0px&#8220; text_text_shadow_blur_strength_tablet=&#8220;1px&#8220; link_text_shadow_horizontal_length_tablet=&#8220;0px&#8220; link_text_shadow_vertical_length_tablet=&#8220;0px&#8220; link_text_shadow_blur_strength_tablet=&#8220;1px&#8220; ul_text_shadow_horizontal_length_tablet=&#8220;0px&#8220; ul_text_shadow_vertical_length_tablet=&#8220;0px&#8220; ul_text_shadow_blur_strength_tablet=&#8220;1px&#8220; ol_text_shadow_horizontal_length_tablet=&#8220;0px&#8220; ol_text_shadow_vertical_length_tablet=&#8220;0px&#8220; ol_text_shadow_blur_strength_tablet=&#8220;1px&#8220; quote_text_shadow_horizontal_length_tablet=&#8220;0px&#8220; quote_text_shadow_vertical_length_tablet=&#8220;0px&#8220; quote_text_shadow_blur_strength_tablet=&#8220;1px&#8220; header_text_shadow_horizontal_length_tablet=&#8220;0px&#8220; header_text_shadow_vertical_length_tablet=&#8220;0px&#8220; header_text_shadow_blur_strength_tablet=&#8220;1px&#8220; header_2_text_shadow_horizontal_length_tablet=&#8220;0px&#8220; header_2_text_shadow_vertical_length_tablet=&#8220;0px&#8220; header_2_text_shadow_blur_strength_tablet=&#8220;1px&#8220; header_3_text_shadow_horizontal_length_tablet=&#8220;0px&#8220; header_3_text_shadow_vertical_length_tablet=&#8220;0px&#8220; header_3_text_shadow_blur_strength_tablet=&#8220;1px&#8220; header_4_text_shadow_horizontal_length_tablet=&#8220;0px&#8220; header_4_text_shadow_vertical_length_tablet=&#8220;0px&#8220; header_4_text_shadow_blur_strength_tablet=&#8220;1px&#8220; header_5_text_shadow_horizontal_length_tablet=&#8220;0px&#8220; header_5_text_shadow_vertical_length_tablet=&#8220;0px&#8220; header_5_text_shadow_blur_strength_tablet=&#8220;1px&#8220; header_6_text_shadow_horizontal_length_tablet=&#8220;0px&#8220; header_6_text_shadow_vertical_length_tablet=&#8220;0px&#8220; header_6_text_shadow_blur_strength_tablet=&#8220;1px&#8220; box_shadow_horizontal_tablet=&#8220;0px&#8220; box_shadow_vertical_tablet=&#8220;0px&#8220; box_shadow_blur_tablet=&#8220;40px&#8220; box_shadow_spread_tablet=&#8220;0px&#8220; global_colors_info=&#8220;{}&#8220;]<\/p>\n<p style=\"text-align: center;\">Pr\u00fcfen Sie unsere Datenschutzbestimmungen:<\/p>\n<p><a style=\"display: block; height: 50px; width: 100%; background: #ff650b; color: #ffffff; text-align: center; font-weight: bold; font-size: 100%; line-height: 50px; font-family: Arial; border-radius: 0px; text-decoration: none;\" href=\"https:\/\/www.ticol.pl\/de\/datenschutzbestimmungen\/\">Datenschutzerkl\u00e4rung &#8211; RODO<\/a><br \/>\n[\/et_pb_text][\/et_pb_column][et_pb_column type=&#8220;1_2&#8243; _builder_version=&#8220;3.25&#8243; custom_padding=&#8220;|||&#8220; global_colors_info=&#8220;{}&#8220; custom_padding__hover=&#8220;|||&#8220;][et_pb_contact_form email=&#8220;biuro@ticol.pl, p.ziach@ticol.pl&#8220; _builder_version=&#8220;4.13.1&#8243; _unique_id=&#8220;e25a2bd6-744e-4b9e-9010-a59f75468fbf&#8220; custom_button=&#8220;on&#8220; button_text_size=&#8220;17px&#8220; button_text_color=&#8220;#ffffff&#8220; button_bg_color=&#8220;#000000&#8243; button_border_color=&#8220;#000000&#8243; button_use_icon=&#8220;off&#8220; z_index_tablet=&#8220;500&#8243; title_text_shadow_horizontal_length_tablet=&#8220;0px&#8220; title_text_shadow_vertical_length_tablet=&#8220;0px&#8220; title_text_shadow_blur_strength_tablet=&#8220;1px&#8220; captcha_text_shadow_horizontal_length_tablet=&#8220;0px&#8220; captcha_text_shadow_vertical_length_tablet=&#8220;0px&#8220; captcha_text_shadow_blur_strength_tablet=&#8220;1px&#8220; form_field_text_shadow_horizontal_length_tablet=&#8220;0px&#8220; form_field_text_shadow_vertical_length_tablet=&#8220;0px&#8220; form_field_text_shadow_blur_strength_tablet=&#8220;1px&#8220; button_text_shadow_horizontal_length_tablet=&#8220;0px&#8220; button_text_shadow_vertical_length_tablet=&#8220;0px&#8220; button_text_shadow_blur_strength_tablet=&#8220;1px&#8220; box_shadow_horizontal_tablet=&#8220;0px&#8220; box_shadow_vertical_tablet=&#8220;0px&#8220; box_shadow_blur_tablet=&#8220;40px&#8220; box_shadow_spread_tablet=&#8220;0px&#8220; box_shadow_horizontal_button_tablet=&#8220;0px&#8220; box_shadow_vertical_button_tablet=&#8220;0px&#8220; box_shadow_blur_button_tablet=&#8220;40px&#8220; box_shadow_spread_button_tablet=&#8220;0px&#8220; text_shadow_horizontal_length_tablet=&#8220;0px&#8220; text_shadow_vertical_length_tablet=&#8220;0px&#8220; text_shadow_blur_strength_tablet=&#8220;1px&#8220; global_colors_info=&#8220;{}&#8220;][et_pb_contact_field field_id=&#8220;Name&#8220; field_title=&#8220;Name&#8220; _builder_version=&#8220;3.24.1&#8243; form_field_background_color=&#8220;rgba(236,236,236,0.43)&#8220; field_background_color=&#8220;rgba(236,236,236,0.43)&#8220; global_colors_info=&#8220;{}&#8220; button_text_size__hover_enabled=&#8220;off&#8220; button_one_text_size__hover_enabled=&#8220;off&#8220; button_two_text_size__hover_enabled=&#8220;off&#8220; button_text_color__hover_enabled=&#8220;off&#8220; button_one_text_color__hover_enabled=&#8220;off&#8220; button_two_text_color__hover_enabled=&#8220;off&#8220; button_border_width__hover_enabled=&#8220;off&#8220; button_one_border_width__hover_enabled=&#8220;off&#8220; button_two_border_width__hover_enabled=&#8220;off&#8220; button_border_color__hover_enabled=&#8220;off&#8220; button_one_border_color__hover_enabled=&#8220;off&#8220; button_two_border_color__hover_enabled=&#8220;off&#8220; button_border_radius__hover_enabled=&#8220;off&#8220; button_one_border_radius__hover_enabled=&#8220;off&#8220; button_two_border_radius__hover_enabled=&#8220;off&#8220; button_letter_spacing__hover_enabled=&#8220;off&#8220; button_one_letter_spacing__hover_enabled=&#8220;off&#8220; button_two_letter_spacing__hover_enabled=&#8220;off&#8220; button_bg_color__hover_enabled=&#8220;off&#8220; button_one_bg_color__hover_enabled=&#8220;off&#8220; button_two_bg_color__hover_enabled=&#8220;off&#8220;][\/et_pb_contact_field][et_pb_contact_field field_id=&#8220;Name_2&#8243; field_title=&#8220;Name&#8220; _builder_version=&#8220;3.24.1&#8243; form_field_background_color=&#8220;rgba(236,236,236,0.43)&#8220; field_background_color=&#8220;rgba(236,236,236,0.43)&#8220; global_colors_info=&#8220;{}&#8220; button_text_size__hover_enabled=&#8220;off&#8220; button_one_text_size__hover_enabled=&#8220;off&#8220; button_two_text_size__hover_enabled=&#8220;off&#8220; button_text_color__hover_enabled=&#8220;off&#8220; button_one_text_color__hover_enabled=&#8220;off&#8220; button_two_text_color__hover_enabled=&#8220;off&#8220; button_border_width__hover_enabled=&#8220;off&#8220; button_one_border_width__hover_enabled=&#8220;off&#8220; button_two_border_width__hover_enabled=&#8220;off&#8220; button_border_color__hover_enabled=&#8220;off&#8220; button_one_border_color__hover_enabled=&#8220;off&#8220; button_two_border_color__hover_enabled=&#8220;off&#8220; button_border_radius__hover_enabled=&#8220;off&#8220; button_one_border_radius__hover_enabled=&#8220;off&#8220; button_two_border_radius__hover_enabled=&#8220;off&#8220; button_letter_spacing__hover_enabled=&#8220;off&#8220; button_one_letter_spacing__hover_enabled=&#8220;off&#8220; button_two_letter_spacing__hover_enabled=&#8220;off&#8220; button_bg_color__hover_enabled=&#8220;off&#8220; button_one_bg_color__hover_enabled=&#8220;off&#8220; button_two_bg_color__hover_enabled=&#8220;off&#8220;][\/et_pb_contact_field][et_pb_contact_field field_id=&#8220;Email&#8220; field_title=&#8220;E-Mail&#8220; field_type=&#8220;email&#8220; fullwidth_field=&#8220;on&#8220; _builder_version=&#8220;3.24.1&#8243; form_field_background_color=&#8220;rgba(236,236,236,0.43)&#8220; field_background_color=&#8220;rgba(236,236,236,0.43)&#8220; global_colors_info=&#8220;{}&#8220; button_text_size__hover_enabled=&#8220;off&#8220; button_one_text_size__hover_enabled=&#8220;off&#8220; button_two_text_size__hover_enabled=&#8220;off&#8220; button_text_color__hover_enabled=&#8220;off&#8220; button_one_text_color__hover_enabled=&#8220;off&#8220; button_two_text_color__hover_enabled=&#8220;off&#8220; button_border_width__hover_enabled=&#8220;off&#8220; button_one_border_width__hover_enabled=&#8220;off&#8220; button_two_border_width__hover_enabled=&#8220;off&#8220; button_border_color__hover_enabled=&#8220;off&#8220; button_one_border_color__hover_enabled=&#8220;off&#8220; button_two_border_color__hover_enabled=&#8220;off&#8220; button_border_radius__hover_enabled=&#8220;off&#8220; button_one_border_radius__hover_enabled=&#8220;off&#8220; button_two_border_radius__hover_enabled=&#8220;off&#8220; button_letter_spacing__hover_enabled=&#8220;off&#8220; button_one_letter_spacing__hover_enabled=&#8220;off&#8220; button_two_letter_spacing__hover_enabled=&#8220;off&#8220; button_bg_color__hover_enabled=&#8220;off&#8220; button_one_bg_color__hover_enabled=&#8220;off&#8220; button_two_bg_color__hover_enabled=&#8220;off&#8220;][\/et_pb_contact_field][et_pb_contact_field field_id=&#8220;Field_5&#8243; field_title=&#8220;Name des Unternehmens&#8220; required_mark=&#8220;off&#8220; fullwidth_field=&#8220;on&#8220; _builder_version=&#8220;3.24.1&#8243; background_color_gradient_direction_tablet=&#8220;180deg&#8220; background_color_gradient_direction_phone=&#8220;180deg&#8220; background_color_gradient_start_position_tablet=&#8220;0%&#8220; background_color_gradient_start_position_phone=&#8220;0%&#8220; background_color_gradient_end_position_tablet=&#8220;100%&#8220; background_color_gradient_end_position_phone=&#8220;100%&#8220; hover_transition_duration_tablet=&#8220;300ms&#8220; hover_transition_duration_phone=&#8220;300ms&#8220; hover_transition_delay_tablet=&#8220;0ms&#8220; hover_transition_delay_phone=&#8220;0ms&#8220; form_field_text_shadow_horizontal_length_tablet=&#8220;0px&#8220; form_field_text_shadow_horizontal_length_phone=&#8220;0px&#8220; form_field_text_shadow_vertical_length_tablet=&#8220;0px&#8220; form_field_text_shadow_vertical_length_phone=&#8220;0px&#8220; form_field_text_shadow_blur_strength_tablet=&#8220;1px&#8220; form_field_text_shadow_blur_strength_phone=&#8220;1px&#8220; box_shadow_horizontal_tablet=&#8220;0px&#8220; box_shadow_horizontal_phone=&#8220;0px&#8220; box_shadow_vertical_tablet=&#8220;0px&#8220; box_shadow_vertical_phone=&#8220;0px&#8220; box_shadow_blur_tablet=&#8220;40px&#8220; box_shadow_blur_phone=&#8220;40px&#8220; box_shadow_spread_tablet=&#8220;0px&#8220; box_shadow_spread_phone=&#8220;0px&#8220; global_colors_info=&#8220;{}&#8220;][\/et_pb_contact_field][et_pb_contact_field field_id=&#8220;Message&#8220; field_title=&#8220;Inhalt der Nachricht&#8220; field_type=&#8220;text&#8220; fullwidth_field=&#8220;on&#8220; _builder_version=&#8220;3.24.1&#8243; form_field_background_color=&#8220;rgba(236,236,236,0.43)&#8220; field_background_color=&#8220;rgba(236,236,236,0.43)&#8220; global_colors_info=&#8220;{}&#8220; button_text_size__hover_enabled=&#8220;off&#8220; button_one_text_size__hover_enabled=&#8220;off&#8220; button_two_text_size__hover_enabled=&#8220;off&#8220; button_text_color__hover_enabled=&#8220;off&#8220; button_one_text_color__hover_enabled=&#8220;off&#8220; button_two_text_color__hover_enabled=&#8220;off&#8220; button_border_width__hover_enabled=&#8220;off&#8220; button_one_border_width__hover_enabled=&#8220;off&#8220; button_two_border_width__hover_enabled=&#8220;off&#8220; button_border_color__hover_enabled=&#8220;off&#8220; button_one_border_color__hover_enabled=&#8220;off&#8220; button_two_border_color__hover_enabled=&#8220;off&#8220; button_border_radius__hover_enabled=&#8220;off&#8220; button_one_border_radius__hover_enabled=&#8220;off&#8220; button_two_border_radius__hover_enabled=&#8220;off&#8220; button_letter_spacing__hover_enabled=&#8220;off&#8220; button_one_letter_spacing__hover_enabled=&#8220;off&#8220; button_two_letter_spacing__hover_enabled=&#8220;off&#8220; button_bg_color__hover_enabled=&#8220;off&#8220; button_one_bg_color__hover_enabled=&#8220;off&#8220; button_two_bg_color__hover_enabled=&#8220;off&#8220;][\/et_pb_contact_field][\/et_pb_contact_form][\/et_pb_column][\/et_pb_row][\/et_pb_section]<\/p>\n","protected":false},"excerpt":{"rendered":"<p>Verpackungen f\u00fcr die Bauindustrie Haben Sie ein Bauunternehmen? Das ist ein gro\u00dfartiger Ort f\u00fcr Sie! Wir stellen Verpackungen f\u00fcr das Baugewerbe her und es k\u00f6nnte sein, dass Ihr Unternehmen einer unserer Kunden wird. Die heutige Bauindustrie konzentriert sich nicht nur auf innovative Baul\u00f6sungen, sondern ist sich auch der Schl\u00fcsselrolle bewusst, die Verpackungen bei der Produktion, [&hellip;]<\/p>\n","protected":false},"author":1,"featured_media":0,"parent":0,"menu_order":0,"comment_status":"closed","ping_status":"closed","template":"","meta":{"_et_pb_use_builder":"on","_et_pb_old_content":"","_et_gb_content_width":"","om_disable_all_campaigns":false,"_monsterinsights_skip_tracking":false,"_monsterinsights_sitenote_active":false,"_monsterinsights_sitenote_note":"","_monsterinsights_sitenote_category":0,"footnotes":""},"class_list":["post-2915","page","type-page","status-publish","hentry"],"aioseo_notices":[],"_links":{"self":[{"href":"https:\/\/www.ticol.pl\/de\/wp-json\/wp\/v2\/pages\/2915","targetHints":{"allow":["GET"]}}],"collection":[{"href":"https:\/\/www.ticol.pl\/de\/wp-json\/wp\/v2\/pages"}],"about":[{"href":"https:\/\/www.ticol.pl\/de\/wp-json\/wp\/v2\/types\/page"}],"author":[{"embeddable":true,"href":"https:\/\/www.ticol.pl\/de\/wp-json\/wp\/v2\/users\/1"}],"replies":[{"embeddable":true,"href":"https:\/\/www.ticol.pl\/de\/wp-json\/wp\/v2\/comments?post=2915"}],"version-history":[{"count":2,"href":"https:\/\/www.ticol.pl\/de\/wp-json\/wp\/v2\/pages\/2915\/revisions"}],"predecessor-version":[{"id":2919,"href":"https:\/\/www.ticol.pl\/de\/wp-json\/wp\/v2\/pages\/2915\/revisions\/2919"}],"wp:attachment":[{"href":"https:\/\/www.ticol.pl\/de\/wp-json\/wp\/v2\/media?parent=2915"}],"curies":[{"name":"wp","href":"https:\/\/api.w.org\/{rel}","templated":true}]}}