{"id":2904,"date":"2024-07-30T18:44:28","date_gmt":"2024-07-30T18:44:28","guid":{"rendered":"https:\/\/www.ticol.pl\/fraesen-von-polystyrolschaum\/"},"modified":"2024-07-30T18:44:30","modified_gmt":"2024-07-30T18:44:30","slug":"fraesen-von-polystyrolschaum","status":"publish","type":"page","link":"https:\/\/www.ticol.pl\/de\/fraesen-von-polystyrolschaum\/","title":{"rendered":"Fr\u00e4sen von Polystyrolschaum"},"content":{"rendered":"<p>[et_pb_section fb_built=&#8220;1&#8243; _builder_version=&#8220;4.14.4&#8243; _module_preset=&#8220;default&#8220; background_color=&#8220;#0c71c3&#8243; min_height=&#8220;217.8px&#8220; custom_margin=&#8220;||-2px|||&#8220; custom_padding=&#8220;||0px|||&#8220; global_colors_info=&#8220;{}&#8220;][et_pb_row _builder_version=&#8220;4.14.4&#8243; _module_preset=&#8220;default&#8220; global_colors_info=&#8220;{}&#8220;][et_pb_column type=&#8220;4_4&#8243; _builder_version=&#8220;4.14.4&#8243; _module_preset=&#8220;default&#8220; global_colors_info=&#8220;{}&#8220;][et_pb_text _builder_version=&#8220;4.14.4&#8243; _module_preset=&#8220;default&#8220; text_font=&#8220;Tenor Sans||||||||&#8220; text_text_color=&#8220;#FFFFFF&#8220; text_font_size=&#8220;44px&#8220; text_letter_spacing=&#8220;4px&#8220; text_line_height=&#8220;1.2em&#8220; text_orientation=&#8220;center&#8220; global_colors_info=&#8220;{}&#8220;]<\/p>\n<h1>Fr\u00e4sen von Polystyrolschaum<\/h1>\n<div id=\"gtx-trans\" style=\"position: absolute; left: 207px; top: 71.0938px;\">\n<div class=\"gtx-trans-icon\"> <\/div>\n<\/div>\n<p>[\/et_pb_text][\/et_pb_column][\/et_pb_row][\/et_pb_section][et_pb_section fb_built=&#8220;1&#8243; _builder_version=&#8220;4.14.4&#8243; background_color=&#8220;RGBA(255,255,255,0)&#8220; min_height=&#8220;960.6px&#8220; custom_margin=&#8220;-2px|||||&#8220; custom_padding=&#8220;50px|||||&#8220; global_colors_info=&#8220;{}&#8220;][et_pb_row _builder_version=&#8220;4.14.4&#8243; _module_preset=&#8220;default&#8220; min_height=&#8220;176.2px&#8220; custom_margin=&#8220;0px|auto|-65px|auto||&#8220; custom_padding=&#8220;0px|||||&#8220; global_colors_info=&#8220;{}&#8220;][et_pb_column type=&#8220;4_4&#8243; _builder_version=&#8220;4.14.4&#8243; _module_preset=&#8220;default&#8220; global_colors_info=&#8220;{}&#8220;][et_pb_text _builder_version=&#8220;4.14.4&#8243; text_font=&#8220;Tenor Sans||||||||&#8220; text_text_color=&#8220;#000000&#8243; text_font_size=&#8220;18px&#8220; header_font=&#8220;Tenor Sans||||||||&#8220; header_text_color=&#8220;#000000&#8243; text_orientation=&#8220;center&#8220; custom_margin=&#8220;2px||50px||false|false&#8220; custom_padding=&#8220;0px|||||&#8220; global_colors_info=&#8220;{}&#8220;]<\/p>\n<p><strong>Polystyrolfr\u00e4sen<\/strong> ist eine fortschrittliche Bearbeitungstechnologie, die das pr\u00e4zise Schneiden und Formen von Komponenten aus diesem leichten und starken Material erm\u00f6glicht.<br \/>\nMit diesem Verfahren k\u00f6nnen ma\u00dfgeschneiderte Verpackungsformen und -gr\u00f6\u00dfen erstellt werden, die den Bed\u00fcrfnissen der einzelnen Unternehmen entsprechen. Das <strong>Formen von Styropor<\/strong> erm\u00f6glicht eine glatte und pr\u00e4zise Oberfl\u00e4che, die den Verpackungen ein elegantes Aussehen und Haltbarkeit verleiht.<br \/>\nStyropor ist ein besch\u00e4digungssicheres und sehr leichtes Material, das sich ideal f\u00fcr Transport und Lagerung eignet.<br \/>\nDas <strong>Fr\u00e4sen<\/strong> von Styropor <strong>f\u00fcr Verpackungen<\/strong> erm\u00f6glicht es, sichere und funktionelle L\u00f6sungen zu schaffen, die auf die Bed\u00fcrfnisse der Kunden zugeschnitten sind.   <\/p>\n<p>[\/et_pb_text][et_pb_image src=&#8220;https:\/\/www.ticol.pl\/wp-content\/uploads\/2022\/01\/frezowanie.png&#8220; alt=&#8220;Schaumstoff-Fr\u00e4sen&#8220; title_text=&#8220;Fr\u00e4sen&#8220; align=&#8220;center&#8220; _builder_version=&#8220;4.14.4&#8243; _module_preset=&#8220;default&#8220; width=&#8220;37%&#8220; max_width=&#8220;31%&#8220; max_width_tablet=&#8220;31%&#8220; max_width_phone=&#8220;95%&#8220; max_width_last_edited=&#8220;on|phone&#8220; module_alignment=&#8220;center&#8220; global_colors_info=&#8220;{}&#8220;][\/et_pb_image][\/et_pb_column][\/et_pb_row][et_pb_row _builder_version=&#8220;4.2.2&#8243; min_height=&#8220;238.2px&#8220; custom_margin=&#8220;54px|auto||auto||&#8220; custom_padding=&#8220;0px|||||&#8220; global_colors_info=&#8220;{}&#8220;][et_pb_column type=&#8220;4_4&#8243; _builder_version=&#8220;4.2.2&#8243; global_colors_info=&#8220;{}&#8220;][\/et_pb_column][\/et_pb_row][et_pb_row column_structure=&#8220;1_2,1_2&#8243; _builder_version=&#8220;3.25&#8243; background_size=&#8220;initial&#8220; background_position=&#8220;top_left&#8220; background_repeat=&#8220;repeat&#8220; locked=&#8220;off&#8220; global_colors_info=&#8220;{}&#8220;][et_pb_column type=&#8220;1_2&#8243; _builder_version=&#8220;3.25&#8243; custom_padding=&#8220;|||&#8220; global_colors_info=&#8220;{}&#8220; custom_padding__hover=&#8220;|||&#8220;][et_pb_text _builder_version=&#8220;4.2.2&#8243; text_font_size=&#8220;17px&#8220; z_index_tablet=&#8220;500&#8243; text_text_shadow_horizontal_length_tablet=&#8220;0px&#8220; text_text_shadow_vertical_length_tablet=&#8220;0px&#8220; text_text_shadow_blur_strength_tablet=&#8220;1px&#8220; link_text_shadow_horizontal_length_tablet=&#8220;0px&#8220; link_text_shadow_vertical_length_tablet=&#8220;0px&#8220; link_text_shadow_blur_strength_tablet=&#8220;1px&#8220; ul_text_shadow_horizontal_length_tablet=&#8220;0px&#8220; ul_text_shadow_vertical_length_tablet=&#8220;0px&#8220; ul_text_shadow_blur_strength_tablet=&#8220;1px&#8220; ol_text_shadow_horizontal_length_tablet=&#8220;0px&#8220; ol_text_shadow_vertical_length_tablet=&#8220;0px&#8220; ol_text_shadow_blur_strength_tablet=&#8220;1px&#8220; quote_text_shadow_horizontal_length_tablet=&#8220;0px&#8220; quote_text_shadow_vertical_length_tablet=&#8220;0px&#8220; quote_text_shadow_blur_strength_tablet=&#8220;1px&#8220; header_text_shadow_horizontal_length_tablet=&#8220;0px&#8220; header_text_shadow_vertical_length_tablet=&#8220;0px&#8220; header_text_shadow_blur_strength_tablet=&#8220;1px&#8220; header_2_text_shadow_horizontal_length_tablet=&#8220;0px&#8220; header_2_text_shadow_vertical_length_tablet=&#8220;0px&#8220; header_2_text_shadow_blur_strength_tablet=&#8220;1px&#8220; header_3_text_shadow_horizontal_length_tablet=&#8220;0px&#8220; header_3_text_shadow_vertical_length_tablet=&#8220;0px&#8220; header_3_text_shadow_blur_strength_tablet=&#8220;1px&#8220; header_4_text_shadow_horizontal_length_tablet=&#8220;0px&#8220; header_4_text_shadow_vertical_length_tablet=&#8220;0px&#8220; header_4_text_shadow_blur_strength_tablet=&#8220;1px&#8220; header_5_text_shadow_horizontal_length_tablet=&#8220;0px&#8220; header_5_text_shadow_vertical_length_tablet=&#8220;0px&#8220; header_5_text_shadow_blur_strength_tablet=&#8220;1px&#8220; header_6_text_shadow_horizontal_length_tablet=&#8220;0px&#8220; header_6_text_shadow_vertical_length_tablet=&#8220;0px&#8220; header_6_text_shadow_blur_strength_tablet=&#8220;1px&#8220; box_shadow_horizontal_tablet=&#8220;0px&#8220; box_shadow_vertical_tablet=&#8220;0px&#8220; box_shadow_blur_tablet=&#8220;40px&#8220; box_shadow_spread_tablet=&#8220;0px&#8220; global_colors_info=&#8220;{}&#8220;]<\/p>\n<h2 style=\"font-family: Dosis, sans-serif; text-align: center;\">Ticol Sp.<br \/>\nz o.o. <\/h2>\n<p><a style=\"display: block; height: 50px; width: 100%; background: #000; color: #ffffff; text-align: center; font-weight: bold; font-size: 100%; line-height: 50px; font-family: Arial; border-radius: 0px; text-decoration: none;\" href=\"https:\/\/www.google.com\/maps?ll=51.188888,16.598613&amp;z=15&amp;t=m&amp;hl=pl-PL&amp;gl=PL&amp;mapclient=embed&amp;q=Kolejowa+45B+55-300+%C5%9Aroda+%C5%9Al%C4%85ska\">ZUGANG ZUM FIRMENGEL\u00c4NDE<\/a><\/p>\n<div class=\"et_pb_module et_pb_divider et_pb_divider_0 et_pb_divider_position_center et_pb_space\">\n<div class=\"et_pb_divider_internal\"> <\/div>\n<\/div>\n<div><i class=\"fa fa-home\"><\/i>  ul.<br \/>\nKolejowa 67C <\/div>\n<div><i class=\"fa fa-location-arrow\"><\/i>  55-300 \u015aroda \u015alaska<\/div>\n<div><i class=\"fa fa-phone\"> <\/i> <a href=\"tel:535-97-88-84\">535-97-88-84<\/a><\/div>\n<div><i class=\"fa fa-phone\"><\/i> <a href=\"tel:696-911-763\">  696-911-763<\/a><\/div>\n<div><i class=\"fas fa-envelope\"><\/i>  <a title=\"Schreiben Sie\" href=\"mailto:biuro@ticol.pl\" target=\"_blank\" rel=\"noopener noreferrer\">biuro@ticol.pl<\/a><\/div>\n<p>[\/et_pb_text][et_pb_text _builder_version=&#8220;3.27.4&#8243; z_index_tablet=&#8220;500&#8243; text_text_shadow_horizontal_length_tablet=&#8220;0px&#8220; text_text_shadow_vertical_length_tablet=&#8220;0px&#8220; text_text_shadow_blur_strength_tablet=&#8220;1px&#8220; link_text_shadow_horizontal_length_tablet=&#8220;0px&#8220; link_text_shadow_vertical_length_tablet=&#8220;0px&#8220; link_text_shadow_blur_strength_tablet=&#8220;1px&#8220; ul_text_shadow_horizontal_length_tablet=&#8220;0px&#8220; ul_text_shadow_vertical_length_tablet=&#8220;0px&#8220; ul_text_shadow_blur_strength_tablet=&#8220;1px&#8220; ol_text_shadow_horizontal_length_tablet=&#8220;0px&#8220; ol_text_shadow_vertical_length_tablet=&#8220;0px&#8220; ol_text_shadow_blur_strength_tablet=&#8220;1px&#8220; quote_text_shadow_horizontal_length_tablet=&#8220;0px&#8220; quote_text_shadow_vertical_length_tablet=&#8220;0px&#8220; quote_text_shadow_blur_strength_tablet=&#8220;1px&#8220; header_text_shadow_horizontal_length_tablet=&#8220;0px&#8220; header_text_shadow_vertical_length_tablet=&#8220;0px&#8220; header_text_shadow_blur_strength_tablet=&#8220;1px&#8220; header_2_text_shadow_horizontal_length_tablet=&#8220;0px&#8220; header_2_text_shadow_vertical_length_tablet=&#8220;0px&#8220; header_2_text_shadow_blur_strength_tablet=&#8220;1px&#8220; header_3_text_shadow_horizontal_length_tablet=&#8220;0px&#8220; header_3_text_shadow_vertical_length_tablet=&#8220;0px&#8220; header_3_text_shadow_blur_strength_tablet=&#8220;1px&#8220; header_4_text_shadow_horizontal_length_tablet=&#8220;0px&#8220; header_4_text_shadow_vertical_length_tablet=&#8220;0px&#8220; header_4_text_shadow_blur_strength_tablet=&#8220;1px&#8220; header_5_text_shadow_horizontal_length_tablet=&#8220;0px&#8220; header_5_text_shadow_vertical_length_tablet=&#8220;0px&#8220; header_5_text_shadow_blur_strength_tablet=&#8220;1px&#8220; header_6_text_shadow_horizontal_length_tablet=&#8220;0px&#8220; header_6_text_shadow_vertical_length_tablet=&#8220;0px&#8220; header_6_text_shadow_blur_strength_tablet=&#8220;1px&#8220; box_shadow_horizontal_tablet=&#8220;0px&#8220; box_shadow_vertical_tablet=&#8220;0px&#8220; box_shadow_blur_tablet=&#8220;40px&#8220; box_shadow_spread_tablet=&#8220;0px&#8220; global_colors_info=&#8220;{}&#8220;]<\/p>\n<p style=\"text-align: center;\">Pr\u00fcfen Sie unsere Datenschutzbestimmungen:<\/p>\n<p><a style=\"display: block; height: 50px; width: 100%; background: #ff650b; color: #ffffff; text-align: center; font-weight: bold; font-size: 100%; line-height: 50px; font-family: Arial; border-radius: 0px; text-decoration: none;\" href=\"https:\/\/www.ticol.pl\/de\/datenschutzbestimmungen\/\">Datenschutzerkl\u00e4rung &#8211; RODO<\/a><br \/>\n[\/et_pb_text][\/et_pb_column][et_pb_column type=&#8220;1_2&#8243; _builder_version=&#8220;3.25&#8243; custom_padding=&#8220;|||&#8220; global_colors_info=&#8220;{}&#8220; custom_padding__hover=&#8220;|||&#8220;][et_pb_contact_form email=&#8220;biuro@ticol.pl, p.ziach@ticol.pl&#8220; _builder_version=&#8220;4.13.1&#8243; _unique_id=&#8220;e25a2bd6-744e-4b9e-9010-a59f75468fbf&#8220; custom_button=&#8220;on&#8220; button_text_size=&#8220;17px&#8220; button_text_color=&#8220;#ffffff&#8220; button_bg_color=&#8220;#000000&#8243; button_border_color=&#8220;#000000&#8243; button_use_icon=&#8220;off&#8220; z_index_tablet=&#8220;500&#8243; title_text_shadow_horizontal_length_tablet=&#8220;0px&#8220; title_text_shadow_vertical_length_tablet=&#8220;0px&#8220; title_text_shadow_blur_strength_tablet=&#8220;1px&#8220; captcha_text_shadow_horizontal_length_tablet=&#8220;0px&#8220; captcha_text_shadow_vertical_length_tablet=&#8220;0px&#8220; captcha_text_shadow_blur_strength_tablet=&#8220;1px&#8220; form_field_text_shadow_horizontal_length_tablet=&#8220;0px&#8220; form_field_text_shadow_vertical_length_tablet=&#8220;0px&#8220; form_field_text_shadow_blur_strength_tablet=&#8220;1px&#8220; button_text_shadow_horizontal_length_tablet=&#8220;0px&#8220; button_text_shadow_vertical_length_tablet=&#8220;0px&#8220; button_text_shadow_blur_strength_tablet=&#8220;1px&#8220; box_shadow_horizontal_tablet=&#8220;0px&#8220; box_shadow_vertical_tablet=&#8220;0px&#8220; box_shadow_blur_tablet=&#8220;40px&#8220; box_shadow_spread_tablet=&#8220;0px&#8220; box_shadow_horizontal_button_tablet=&#8220;0px&#8220; box_shadow_vertical_button_tablet=&#8220;0px&#8220; box_shadow_blur_button_tablet=&#8220;40px&#8220; box_shadow_spread_button_tablet=&#8220;0px&#8220; text_shadow_horizontal_length_tablet=&#8220;0px&#8220; text_shadow_vertical_length_tablet=&#8220;0px&#8220; text_shadow_blur_strength_tablet=&#8220;1px&#8220; global_colors_info=&#8220;{}&#8220;][et_pb_contact_field field_id=&#8220;Name&#8220; field_title=&#8220;Name&#8220; _builder_version=&#8220;3.24.1&#8243; form_field_background_color=&#8220;rgba(236,236,236,0.43)&#8220; field_background_color=&#8220;rgba(236,236,236,0.43)&#8220; global_colors_info=&#8220;{}&#8220; button_text_size__hover_enabled=&#8220;off&#8220; button_one_text_size__hover_enabled=&#8220;off&#8220; button_two_text_size__hover_enabled=&#8220;off&#8220; button_text_color__hover_enabled=&#8220;off&#8220; button_one_text_color__hover_enabled=&#8220;off&#8220; button_two_text_color__hover_enabled=&#8220;off&#8220; button_border_width__hover_enabled=&#8220;off&#8220; button_one_border_width__hover_enabled=&#8220;off&#8220; button_two_border_width__hover_enabled=&#8220;off&#8220; button_border_color__hover_enabled=&#8220;off&#8220; button_one_border_color__hover_enabled=&#8220;off&#8220; button_two_border_color__hover_enabled=&#8220;off&#8220; button_border_radius__hover_enabled=&#8220;off&#8220; button_one_border_radius__hover_enabled=&#8220;off&#8220; button_two_border_radius__hover_enabled=&#8220;off&#8220; button_letter_spacing__hover_enabled=&#8220;off&#8220; button_one_letter_spacing__hover_enabled=&#8220;off&#8220; button_two_letter_spacing__hover_enabled=&#8220;off&#8220; button_bg_color__hover_enabled=&#8220;off&#8220; button_one_bg_color__hover_enabled=&#8220;off&#8220; button_two_bg_color__hover_enabled=&#8220;off&#8220;][\/et_pb_contact_field][et_pb_contact_field field_id=&#8220;Name_2&#8243; field_title=&#8220;Name&#8220; _builder_version=&#8220;3.24.1&#8243; form_field_background_color=&#8220;rgba(236,236,236,0.43)&#8220; field_background_color=&#8220;rgba(236,236,236,0.43)&#8220; global_colors_info=&#8220;{}&#8220; button_text_size__hover_enabled=&#8220;off&#8220; button_one_text_size__hover_enabled=&#8220;off&#8220; button_two_text_size__hover_enabled=&#8220;off&#8220; button_text_color__hover_enabled=&#8220;off&#8220; button_one_text_color__hover_enabled=&#8220;off&#8220; button_two_text_color__hover_enabled=&#8220;off&#8220; button_border_width__hover_enabled=&#8220;off&#8220; button_one_border_width__hover_enabled=&#8220;off&#8220; button_two_border_width__hover_enabled=&#8220;off&#8220; button_border_color__hover_enabled=&#8220;off&#8220; button_one_border_color__hover_enabled=&#8220;off&#8220; button_two_border_color__hover_enabled=&#8220;off&#8220; button_border_radius__hover_enabled=&#8220;off&#8220; button_one_border_radius__hover_enabled=&#8220;off&#8220; button_two_border_radius__hover_enabled=&#8220;off&#8220; button_letter_spacing__hover_enabled=&#8220;off&#8220; button_one_letter_spacing__hover_enabled=&#8220;off&#8220; button_two_letter_spacing__hover_enabled=&#8220;off&#8220; button_bg_color__hover_enabled=&#8220;off&#8220; button_one_bg_color__hover_enabled=&#8220;off&#8220; button_two_bg_color__hover_enabled=&#8220;off&#8220;][\/et_pb_contact_field][et_pb_contact_field field_id=&#8220;Email&#8220; field_title=&#8220;E-Mail&#8220; field_type=&#8220;email&#8220; fullwidth_field=&#8220;on&#8220; _builder_version=&#8220;3.24.1&#8243; form_field_background_color=&#8220;rgba(236,236,236,0.43)&#8220; field_background_color=&#8220;rgba(236,236,236,0.43)&#8220; global_colors_info=&#8220;{}&#8220; button_text_size__hover_enabled=&#8220;off&#8220; button_one_text_size__hover_enabled=&#8220;off&#8220; button_two_text_size__hover_enabled=&#8220;off&#8220; button_text_color__hover_enabled=&#8220;off&#8220; button_one_text_color__hover_enabled=&#8220;off&#8220; button_two_text_color__hover_enabled=&#8220;off&#8220; button_border_width__hover_enabled=&#8220;off&#8220; button_one_border_width__hover_enabled=&#8220;off&#8220; button_two_border_width__hover_enabled=&#8220;off&#8220; button_border_color__hover_enabled=&#8220;off&#8220; button_one_border_color__hover_enabled=&#8220;off&#8220; button_two_border_color__hover_enabled=&#8220;off&#8220; button_border_radius__hover_enabled=&#8220;off&#8220; button_one_border_radius__hover_enabled=&#8220;off&#8220; button_two_border_radius__hover_enabled=&#8220;off&#8220; button_letter_spacing__hover_enabled=&#8220;off&#8220; button_one_letter_spacing__hover_enabled=&#8220;off&#8220; button_two_letter_spacing__hover_enabled=&#8220;off&#8220; button_bg_color__hover_enabled=&#8220;off&#8220; button_one_bg_color__hover_enabled=&#8220;off&#8220; button_two_bg_color__hover_enabled=&#8220;off&#8220;][\/et_pb_contact_field][et_pb_contact_field field_id=&#8220;Field_5&#8243; field_title=&#8220;Name des Unternehmens&#8220; required_mark=&#8220;off&#8220; fullwidth_field=&#8220;on&#8220; _builder_version=&#8220;3.24.1&#8243; background_color_gradient_direction_tablet=&#8220;180deg&#8220; background_color_gradient_direction_phone=&#8220;180deg&#8220; background_color_gradient_start_position_tablet=&#8220;0%&#8220; background_color_gradient_start_position_phone=&#8220;0%&#8220; background_color_gradient_end_position_tablet=&#8220;100%&#8220; background_color_gradient_end_position_phone=&#8220;100%&#8220; hover_transition_duration_tablet=&#8220;300ms&#8220; hover_transition_duration_phone=&#8220;300ms&#8220; hover_transition_delay_tablet=&#8220;0ms&#8220; hover_transition_delay_phone=&#8220;0ms&#8220; form_field_text_shadow_horizontal_length_tablet=&#8220;0px&#8220; form_field_text_shadow_horizontal_length_phone=&#8220;0px&#8220; form_field_text_shadow_vertical_length_tablet=&#8220;0px&#8220; form_field_text_shadow_vertical_length_phone=&#8220;0px&#8220; form_field_text_shadow_blur_strength_tablet=&#8220;1px&#8220; form_field_text_shadow_blur_strength_phone=&#8220;1px&#8220; box_shadow_horizontal_tablet=&#8220;0px&#8220; box_shadow_horizontal_phone=&#8220;0px&#8220; box_shadow_vertical_tablet=&#8220;0px&#8220; box_shadow_vertical_phone=&#8220;0px&#8220; box_shadow_blur_tablet=&#8220;40px&#8220; box_shadow_blur_phone=&#8220;40px&#8220; box_shadow_spread_tablet=&#8220;0px&#8220; box_shadow_spread_phone=&#8220;0px&#8220; global_colors_info=&#8220;{}&#8220;][\/et_pb_contact_field][et_pb_contact_field field_id=&#8220;Message&#8220; field_title=&#8220;Inhalt der Nachricht&#8220; field_type=&#8220;text&#8220; fullwidth_field=&#8220;on&#8220; _builder_version=&#8220;3.24.1&#8243; form_field_background_color=&#8220;rgba(236,236,236,0.43)&#8220; field_background_color=&#8220;rgba(236,236,236,0.43)&#8220; global_colors_info=&#8220;{}&#8220; button_text_size__hover_enabled=&#8220;off&#8220; button_one_text_size__hover_enabled=&#8220;off&#8220; button_two_text_size__hover_enabled=&#8220;off&#8220; button_text_color__hover_enabled=&#8220;off&#8220; button_one_text_color__hover_enabled=&#8220;off&#8220; button_two_text_color__hover_enabled=&#8220;off&#8220; button_border_width__hover_enabled=&#8220;off&#8220; button_one_border_width__hover_enabled=&#8220;off&#8220; button_two_border_width__hover_enabled=&#8220;off&#8220; button_border_color__hover_enabled=&#8220;off&#8220; button_one_border_color__hover_enabled=&#8220;off&#8220; button_two_border_color__hover_enabled=&#8220;off&#8220; button_border_radius__hover_enabled=&#8220;off&#8220; button_one_border_radius__hover_enabled=&#8220;off&#8220; button_two_border_radius__hover_enabled=&#8220;off&#8220; button_letter_spacing__hover_enabled=&#8220;off&#8220; button_one_letter_spacing__hover_enabled=&#8220;off&#8220; button_two_letter_spacing__hover_enabled=&#8220;off&#8220; button_bg_color__hover_enabled=&#8220;off&#8220; button_one_bg_color__hover_enabled=&#8220;off&#8220; button_two_bg_color__hover_enabled=&#8220;off&#8220;][\/et_pb_contact_field][\/et_pb_contact_form][\/et_pb_column][\/et_pb_row][et_pb_row _builder_version=&#8220;4.14.4&#8243; _module_preset=&#8220;default&#8220; global_colors_info=&#8220;{}&#8220;][et_pb_column type=&#8220;4_4&#8243; _builder_version=&#8220;4.14.4&#8243; _module_preset=&#8220;default&#8220; global_colors_info=&#8220;{}&#8220;][et_pb_text _builder_version=&#8220;4.14.4&#8243; _module_preset=&#8220;default&#8220; hover_enabled=&#8220;0&#8243; global_colors_info=&#8220;{}&#8220; sticky_enabled=&#8220;0&#8243;]<\/p>\n<h2>CNC-Schaumstoffschneiden \u015aroda \u015al\u0105ska &#8211; Wroc\u0142aw<\/h2>\n<p>Polyethylenschaum ist in Bl\u00f6cken und Platten erh\u00e4ltlich, die in Dicke, Dichte und Farbe variieren k\u00f6nnen.<br \/>\nWir bieten das <strong>CNC-Schaumstoffschneiden in \u015aroda \u015al\u0105ska &#8211; Wroc\u0142aw<\/strong> an, eine Dienstleistung, die sich an kleine, gro\u00dfe und mittlere Unternehmen sowie an Privatkunden richtet.<br \/>\nDas Fr\u00e4sen und Schneiden von CNC-Schaumstoff erfolgt mit gr\u00f6\u00dfter Aufmerksamkeit f\u00fcr Details und mit der Auswahl von L\u00f6sungen und Technologien, die den Erwartungen eines jeden unserer Kunden entsprechen.  <\/p>\n<p>Unser Angebot umfasst auch den <a href=\"https:\/\/www.ticol.pl\/de\/schneiden-von-polystyrolschaum\/\">Zuschnitt von Polystyrol<\/a>, der es uns erm\u00f6glicht, die Formgebung an die Bed\u00fcrfnisse unserer Kunden anzupassen.<\/p>\n<p>[\/et_pb_text][\/et_pb_column][\/et_pb_row][\/et_pb_section]<\/p>\n","protected":false},"excerpt":{"rendered":"<p>Fr\u00e4sen von Polystyrolschaum Polystyrolfr\u00e4sen ist eine fortschrittliche Bearbeitungstechnologie, die das pr\u00e4zise Schneiden und Formen von Komponenten aus diesem leichten und starken Material erm\u00f6glicht. Mit diesem Verfahren k\u00f6nnen ma\u00dfgeschneiderte Verpackungsformen und -gr\u00f6\u00dfen erstellt werden, die den Bed\u00fcrfnissen der einzelnen Unternehmen entsprechen. Das Formen von Styropor erm\u00f6glicht eine glatte und pr\u00e4zise Oberfl\u00e4che, die den Verpackungen ein elegantes [&hellip;]<\/p>\n","protected":false},"author":1,"featured_media":0,"parent":0,"menu_order":0,"comment_status":"closed","ping_status":"closed","template":"","meta":{"_et_pb_use_builder":"on","_et_pb_old_content":"","_et_gb_content_width":"","om_disable_all_campaigns":false,"_monsterinsights_skip_tracking":false,"_monsterinsights_sitenote_active":false,"_monsterinsights_sitenote_note":"","_monsterinsights_sitenote_category":0,"footnotes":""},"class_list":["post-2904","page","type-page","status-publish","hentry"],"aioseo_notices":[],"_links":{"self":[{"href":"https:\/\/www.ticol.pl\/de\/wp-json\/wp\/v2\/pages\/2904","targetHints":{"allow":["GET"]}}],"collection":[{"href":"https:\/\/www.ticol.pl\/de\/wp-json\/wp\/v2\/pages"}],"about":[{"href":"https:\/\/www.ticol.pl\/de\/wp-json\/wp\/v2\/types\/page"}],"author":[{"embeddable":true,"href":"https:\/\/www.ticol.pl\/de\/wp-json\/wp\/v2\/users\/1"}],"replies":[{"embeddable":true,"href":"https:\/\/www.ticol.pl\/de\/wp-json\/wp\/v2\/comments?post=2904"}],"version-history":[{"count":2,"href":"https:\/\/www.ticol.pl\/de\/wp-json\/wp\/v2\/pages\/2904\/revisions"}],"predecessor-version":[{"id":2909,"href":"https:\/\/www.ticol.pl\/de\/wp-json\/wp\/v2\/pages\/2904\/revisions\/2909"}],"wp:attachment":[{"href":"https:\/\/www.ticol.pl\/de\/wp-json\/wp\/v2\/media?parent=2904"}],"curies":[{"name":"wp","href":"https:\/\/api.w.org\/{rel}","templated":true}]}}