{"id":2804,"date":"2024-07-30T18:42:01","date_gmt":"2024-07-30T18:42:01","guid":{"rendered":"https:\/\/www.ticol.pl\/datenschutzbestimmungen\/"},"modified":"2024-07-30T18:42:04","modified_gmt":"2024-07-30T18:42:04","slug":"datenschutzbestimmungen","status":"publish","type":"page","link":"https:\/\/www.ticol.pl\/de\/datenschutzbestimmungen\/","title":{"rendered":"Datenschutzbestimmungen"},"content":{"rendered":"<p>[et_pb_section fb_built=&#8220;1&#8243; _builder_version=&#8220;3.22&#8243; global_colors_info=&#8220;{}&#8220;][et_pb_row _builder_version=&#8220;3.25&#8243; background_size=&#8220;initial&#8220; background_position=&#8220;top_left&#8220; background_repeat=&#8220;repeat&#8220; global_colors_info=&#8220;{}&#8220;][et_pb_column type=&#8220;4_4&#8243; _builder_version=&#8220;3.0.47&#8243; custom_padding=&#8220;|||&#8220; global_colors_info=&#8220;{}&#8220; custom_padding__hover=&#8220;|||&#8220;][et_pb_text _builder_version=&#8220;4.2.2&#8243; header_2_text_color=&#8220;#000000&#8243; header_2_font_size=&#8220;33px&#8220; text_orientation=&#8220;justify&#8220; z_index_tablet=&#8220;500&#8243; text_text_shadow_horizontal_length_tablet=&#8220;0px&#8220; text_text_shadow_vertical_length_tablet=&#8220;0px&#8220; text_text_shadow_blur_strength_tablet=&#8220;1px&#8220; link_text_shadow_horizontal_length_tablet=&#8220;0px&#8220; link_text_shadow_vertical_length_tablet=&#8220;0px&#8220; link_text_shadow_blur_strength_tablet=&#8220;1px&#8220; ul_text_shadow_horizontal_length_tablet=&#8220;0px&#8220; ul_text_shadow_vertical_length_tablet=&#8220;0px&#8220; ul_text_shadow_blur_strength_tablet=&#8220;1px&#8220; ol_text_shadow_horizontal_length_tablet=&#8220;0px&#8220; ol_text_shadow_vertical_length_tablet=&#8220;0px&#8220; ol_text_shadow_blur_strength_tablet=&#8220;1px&#8220; quote_text_shadow_horizontal_length_tablet=&#8220;0px&#8220; quote_text_shadow_vertical_length_tablet=&#8220;0px&#8220; quote_text_shadow_blur_strength_tablet=&#8220;1px&#8220; header_text_shadow_horizontal_length_tablet=&#8220;0px&#8220; header_text_shadow_vertical_length_tablet=&#8220;0px&#8220; header_text_shadow_blur_strength_tablet=&#8220;1px&#8220; header_2_text_shadow_horizontal_length_tablet=&#8220;0px&#8220; header_2_text_shadow_vertical_length_tablet=&#8220;0px&#8220; header_2_text_shadow_blur_strength_tablet=&#8220;1px&#8220; header_3_text_shadow_horizontal_length_tablet=&#8220;0px&#8220; header_3_text_shadow_vertical_length_tablet=&#8220;0px&#8220; header_3_text_shadow_blur_strength_tablet=&#8220;1px&#8220; header_4_text_shadow_horizontal_length_tablet=&#8220;0px&#8220; header_4_text_shadow_vertical_length_tablet=&#8220;0px&#8220; header_4_text_shadow_blur_strength_tablet=&#8220;1px&#8220; header_5_text_shadow_horizontal_length_tablet=&#8220;0px&#8220; header_5_text_shadow_vertical_length_tablet=&#8220;0px&#8220; header_5_text_shadow_blur_strength_tablet=&#8220;1px&#8220; header_6_text_shadow_horizontal_length_tablet=&#8220;0px&#8220; header_6_text_shadow_vertical_length_tablet=&#8220;0px&#8220; header_6_text_shadow_blur_strength_tablet=&#8220;1px&#8220; box_shadow_horizontal_tablet=&#8220;0px&#8220; box_shadow_vertical_tablet=&#8220;0px&#8220; box_shadow_blur_tablet=&#8220;40px&#8220; box_shadow_spread_tablet=&#8220;0px&#8220; text_text_align=&#8220;justify&#8220; global_colors_info=&#8220;{}&#8220;]<\/p>\n<div class=\"col-xs-12 col-sm-12 col-md-12 col-lg-12 people-description\">\n<div>\n<h2 class=\"text-center\" style=\"text-align: center;\">DATENSCHUTZPOLITIK<\/h2>\n<div class=\"et_pb_module et_pb_divider et_pb_divider_0 et_pb_divider_position_center et_pb_space\">\n<div class=\"et_pb_divider_internal\"> <\/div>\n<\/div>\n<div class=\"text-read\"> <\/div>\n<\/div>\n<div class=\"text-read\">\n<p>Wir m\u00f6chten Ihnen versichern, dass wir, um die Privatsph\u00e4re unserer Kunden zu respektieren, f\u00fcr die Sicherheit in \u00dcbereinstimmung mit dem Datenschutzgesetz sorgen.<\/p>\n<p>Indem Sie sich f\u00fcr die Nutzung von www.ticol.pl entscheiden, erkl\u00e4ren Sie sich mit den Datenschutzbestimmungen einverstanden, die Sie unten in der Informationspflicht des Administrators finden. Die personenbezogenen Daten der Nutzer des Dienstes werden nur zu dem Zweck und in dem Umfang verarbeitet, der f\u00fcr den Betrieb des Dienstes erforderlich ist, und in \u00dcbereinstimmung mit den vom Nutzer erteilten Anweisungen. Der Dienstleistungsnutzer hat das Recht, auf seine Daten zuzugreifen und sie zu berichtigen, und er hat das Recht, einen schriftlichen Antrag zu stellen, um die Verarbeitung seiner Daten zu stoppen, sowie in den gesetzlich vorgesehenen F\u00e4llen Widerspruch gegen die Verarbeitung seiner Daten einzulegen.<\/p>\n<\/div>\n<\/div>\n<div class=\"clear\"> <\/div>\n<div class=\"col-xs-6 col-sm-4 col-md-4 col-lg-4\">\n<div class=\"people-item\"> <\/div>\n<\/div>\n<p>[\/et_pb_text][et_pb_text _builder_version=&#8220;4.14.4&#8243; header_2_text_color=&#8220;#000000&#8243; header_2_font_size=&#8220;33px&#8220; text_orientation=&#8220;justify&#8220; z_index_tablet=&#8220;500&#8243; text_text_shadow_horizontal_length_tablet=&#8220;0px&#8220; text_text_shadow_vertical_length_tablet=&#8220;0px&#8220; text_text_shadow_blur_strength_tablet=&#8220;1px&#8220; link_text_shadow_horizontal_length_tablet=&#8220;0px&#8220; link_text_shadow_vertical_length_tablet=&#8220;0px&#8220; link_text_shadow_blur_strength_tablet=&#8220;1px&#8220; ul_text_shadow_horizontal_length_tablet=&#8220;0px&#8220; ul_text_shadow_vertical_length_tablet=&#8220;0px&#8220; ul_text_shadow_blur_strength_tablet=&#8220;1px&#8220; ol_text_shadow_horizontal_length_tablet=&#8220;0px&#8220; ol_text_shadow_vertical_length_tablet=&#8220;0px&#8220; ol_text_shadow_blur_strength_tablet=&#8220;1px&#8220; quote_text_shadow_horizontal_length_tablet=&#8220;0px&#8220; quote_text_shadow_vertical_length_tablet=&#8220;0px&#8220; quote_text_shadow_blur_strength_tablet=&#8220;1px&#8220; header_text_shadow_horizontal_length_tablet=&#8220;0px&#8220; header_text_shadow_vertical_length_tablet=&#8220;0px&#8220; header_text_shadow_blur_strength_tablet=&#8220;1px&#8220; header_2_text_shadow_horizontal_length_tablet=&#8220;0px&#8220; header_2_text_shadow_vertical_length_tablet=&#8220;0px&#8220; header_2_text_shadow_blur_strength_tablet=&#8220;1px&#8220; header_3_text_shadow_horizontal_length_tablet=&#8220;0px&#8220; header_3_text_shadow_vertical_length_tablet=&#8220;0px&#8220; header_3_text_shadow_blur_strength_tablet=&#8220;1px&#8220; header_4_text_shadow_horizontal_length_tablet=&#8220;0px&#8220; header_4_text_shadow_vertical_length_tablet=&#8220;0px&#8220; header_4_text_shadow_blur_strength_tablet=&#8220;1px&#8220; header_5_text_shadow_horizontal_length_tablet=&#8220;0px&#8220; header_5_text_shadow_vertical_length_tablet=&#8220;0px&#8220; header_5_text_shadow_blur_strength_tablet=&#8220;1px&#8220; header_6_text_shadow_horizontal_length_tablet=&#8220;0px&#8220; header_6_text_shadow_vertical_length_tablet=&#8220;0px&#8220; header_6_text_shadow_blur_strength_tablet=&#8220;1px&#8220; box_shadow_horizontal_tablet=&#8220;0px&#8220; box_shadow_vertical_tablet=&#8220;0px&#8220; box_shadow_blur_tablet=&#8220;40px&#8220; box_shadow_spread_tablet=&#8220;0px&#8220; text_text_align=&#8220;justify&#8220; global_colors_info=&#8220;{}&#8220;]<\/p>\n<div class=\"col-xs-12 col-sm-12 col-md-12 col-lg-12 people-description\">\n<div>\n<div>\n<h2 class=\"text-center\" style=\"text-align: center;\">INFORMATIONSPFLICHT DES F\u00dcR DIE VERARBEITUNG VERANTWORTLICHEN<\/h2>\n<div class=\"text-read\"> <\/div>\n<div class=\"et_pb_module et_pb_divider et_pb_divider_0 et_pb_divider_position_center et_pb_space\">\n<div class=\"et_pb_divider_internal\"> <\/div>\n<\/div>\n<div class=\"text-read\"> <\/div>\n<\/div>\n<div class=\"text-read\">\n<p>Der Verwalter der personenbezogenen Daten, die im Rahmen und zu den Zwecken verarbeitet werden, die der Verwalter angibt, ist: TICOL Sp. <br \/>z o.o. ul. <\/p>\n<p>Kolejowa 67C, 55-300 \u015aroda \u015al\u0105ska NIP 9131611312, REGON 021519160 Der f\u00fcr die Verarbeitung Verantwortliche verarbeitet die Daten rechtm\u00e4\u00dfig, erhebt sie f\u00fcr festgelegte, rechtm\u00e4\u00dfige Zwecke und unterwirft sie keiner mit diesen Zwecken unvereinbaren Weiterverarbeitung. Daten werden nur in dem Umfang erhoben, der im Hinblick auf die Zwecke, f\u00fcr die sie verarbeitet werden, angemessen, notwendig und wesentlich ist. Im Rahmen seiner T\u00e4tigkeit verarbeitet der Verwalter personenbezogene Daten, insbesondere, um:<br \/><strong>1.<\/strong> um Ma\u00dfnahmen zu ergreifen, die dem Abschluss eines Vertrags vorausgehen, oder um einen Vertrag zu erf\u00fcllen, an dem die betroffene Person beteiligt ist (Art. 6(1)(b) RODO);<br \/><strong>2.<\/strong> die Erf\u00fcllung einer dem Verwalter obliegenden gesetzlichen Verpflichtung, insbesondere die Ausstellung von Rechnungen und Buchhaltungs- und Steuerunterlagen (6(1)(c) der DSGVO) Die zu diesem Zweck erhobenen Daten werden f\u00fcr den Zeitraum gespeichert, der sich aus dem Gesetz ergibt, insbesondere aus dem Rechnungslegungsgesetz und den Steuervorschriften.<br \/><strong>3.<\/strong> auf der Grundlage des berechtigten Interesses des Verwalters, d.h. die Vermarktung unserer eigenen Dienstleistungen, die Geltendmachung oder Wahrung von Anspr\u00fcchen, die Erstellung von Zusammenstellungen, statistische Auswertungen f\u00fcr unsere internen Zwecke (Art. 6(1), Buchstabe f RODO); Die zu diesem Zweck erhobenen Daten werden f\u00fcr den Zeitraum gespeichert, in dem uns rechtliche Konsequenzen drohen oder bis der Betroffene Widerspruch einlegt;<br \/><strong>4.<\/strong> auf der Grundlage einer Einwilligung, insbesondere um die Erlaubnis zu erhalten, die betroffene Person zu kontaktieren (Art. 6(1)(a) RODO): Die auf diese Weise erhobenen Daten werden so lange gespeichert, bis die Einwilligung zur\u00fcckgezogen wird oder bis der f\u00fcr die Verarbeitung Verantwortliche sie f\u00fcr unn\u00f6tig h\u00e4lt.<\/p>\n<p>&nbsp;<\/p>\n<\/div>\n<\/div>\n<\/div>\n<p>[\/et_pb_text][et_pb_text _builder_version=&#8220;4.2.2&#8243; header_2_text_color=&#8220;#000000&#8243; header_2_font_size=&#8220;33px&#8220; text_orientation=&#8220;justify&#8220; z_index_tablet=&#8220;500&#8243; text_text_shadow_horizontal_length_tablet=&#8220;0px&#8220; text_text_shadow_vertical_length_tablet=&#8220;0px&#8220; text_text_shadow_blur_strength_tablet=&#8220;1px&#8220; link_text_shadow_horizontal_length_tablet=&#8220;0px&#8220; link_text_shadow_vertical_length_tablet=&#8220;0px&#8220; link_text_shadow_blur_strength_tablet=&#8220;1px&#8220; ul_text_shadow_horizontal_length_tablet=&#8220;0px&#8220; ul_text_shadow_vertical_length_tablet=&#8220;0px&#8220; ul_text_shadow_blur_strength_tablet=&#8220;1px&#8220; ol_text_shadow_horizontal_length_tablet=&#8220;0px&#8220; ol_text_shadow_vertical_length_tablet=&#8220;0px&#8220; ol_text_shadow_blur_strength_tablet=&#8220;1px&#8220; quote_text_shadow_horizontal_length_tablet=&#8220;0px&#8220; quote_text_shadow_vertical_length_tablet=&#8220;0px&#8220; quote_text_shadow_blur_strength_tablet=&#8220;1px&#8220; header_text_shadow_horizontal_length_tablet=&#8220;0px&#8220; header_text_shadow_vertical_length_tablet=&#8220;0px&#8220; header_text_shadow_blur_strength_tablet=&#8220;1px&#8220; header_2_text_shadow_horizontal_length_tablet=&#8220;0px&#8220; header_2_text_shadow_vertical_length_tablet=&#8220;0px&#8220; header_2_text_shadow_blur_strength_tablet=&#8220;1px&#8220; header_3_text_shadow_horizontal_length_tablet=&#8220;0px&#8220; header_3_text_shadow_vertical_length_tablet=&#8220;0px&#8220; header_3_text_shadow_blur_strength_tablet=&#8220;1px&#8220; header_4_text_shadow_horizontal_length_tablet=&#8220;0px&#8220; header_4_text_shadow_vertical_length_tablet=&#8220;0px&#8220; header_4_text_shadow_blur_strength_tablet=&#8220;1px&#8220; header_5_text_shadow_horizontal_length_tablet=&#8220;0px&#8220; header_5_text_shadow_vertical_length_tablet=&#8220;0px&#8220; header_5_text_shadow_blur_strength_tablet=&#8220;1px&#8220; header_6_text_shadow_horizontal_length_tablet=&#8220;0px&#8220; header_6_text_shadow_vertical_length_tablet=&#8220;0px&#8220; header_6_text_shadow_blur_strength_tablet=&#8220;1px&#8220; box_shadow_horizontal_tablet=&#8220;0px&#8220; box_shadow_vertical_tablet=&#8220;0px&#8220; box_shadow_blur_tablet=&#8220;40px&#8220; box_shadow_spread_tablet=&#8220;0px&#8220; text_text_align=&#8220;justify&#8220; global_colors_info=&#8220;{}&#8220;]<\/p>\n<div class=\"col-xs-12 col-sm-12 col-md-12 col-lg-12 people-description\">\n<p>Gleichzeitig erkl\u00e4rt der Verwalter, dass: &#8211; er alle Anstrengungen unternimmt, um die verarbeiteten personenbezogenen Daten vor dem unbefugten Zugriff Dritter zu sch\u00fctzen, und in dieser Hinsicht organisatorische und technische Sicherheitsma\u00dfnahmen auf hohem Niveau anwendet. &#8211; die Daten nur den Stellen zug\u00e4nglich gemacht werden d\u00fcrfen, die nach zwingenden gesetzlichen Bestimmungen zum Empfang berechtigt sind. &#8211; der Verwalter die Verarbeitung personenbezogener Daten mittels einer im Namen des Verwalters geschlossenen schriftlichen Vereinbarung einer anderen Stelle \u00fcbertragen darf. &#8211; die personenbezogenen Daten nicht an Drittl\u00e4nder oder internationale Organisationen weitergegeben werden d\u00fcrfen.<\/p>\n<p> Der Verwalter kann mittels einer schriftlichen Vereinbarung eine andere Stelle mit der Verarbeitung personenbezogener Daten im Namen des Verwalters betrauen. &#8211; Die personenbezogenen Daten werden nicht an Drittl\u00e4nder oder internationale Organisationen weitergegeben. &#8211; Die Bereitstellung von Daten zur Erf\u00fcllung gesetzlicher Verpflichtungen ist obligatorisch. In allen anderen F\u00e4llen ist die Angabe personenbezogener Daten freiwillig; die Nichtbereitstellung der als notwendig gekennzeichneten Daten verhindert jedoch die Nutzung der Dienste des Administrators. Ist die Verarbeitung f\u00fcr die Erf\u00fcllung eines Vertrages, dessen Vertragspartei die betroffene Person ist, oder f\u00fcr die Durchf\u00fchrung von Ma\u00dfnahmen auf Antrag der betroffenen Person vor Abschluss eines Vertrages erforderlich, sind die erforderlichen und spezifizierten Daten zu \u00fcbermitteln.<br \/>&#8211; Hat die betroffene Person in die Verarbeitung ihrer personenbezogenen Daten f\u00fcr einen oder mehrere bestimmte Zwecke eingewilligt, so hat sie das Recht, diese Einwilligung jederzeit zu widerrufen, ohne dass die Rechtm\u00e4\u00dfigkeit der aufgrund der Einwilligung bis zum Widerruf erfolgten Verarbeitung dieser Daten ber\u00fchrt wird.<br \/>&#8211; Die betroffene Person hat das Recht auf Auskunft \u00fcber den Inhalt ihrer personenbezogenen Daten, das Recht auf Berichtigung und Erg\u00e4nzung.<br \/>&#8211; Der f\u00fcr die Verarbeitung Verantwortliche verwendet kein &#8222;Profiling&#8220;, d.h. eine Form der automatisierten Verarbeitung personenbezogener Daten, bei der personenbezogene Daten verwendet werden, um bestimmte pers\u00f6nliche Faktoren einer Person zu bewerten, insbesondere um Aspekte bez\u00fcglich pers\u00f6nlicher Vorlieben und Interessen zu analysieren oder vorherzusagen. Der f\u00fcr die Verarbeitung Verantwortliche trifft keine automatisierten Einzelfallentscheidungen, die auf einem Profiling beruhen, und trifft keine Entscheidung, die ausschlie\u00dflich auf einer automatisierten Verarbeitung, einschlie\u00dflich Profiling, beruhen kann und die betroffene Person erheblich beeintr\u00e4chtigen w\u00fcrde.<br \/>&#8211; Der f\u00fcr die Verarbeitung Verantwortliche ergreift geeignete Ma\u00dfnahmen zum Schutz der Rechte, Freiheiten und berechtigten Interessen der betroffenen Person.<br \/>&#8211; Wenn eine betroffene Person vermutet oder feststellt, dass die Verarbeitung personenbezogener Daten gegen das Gesetz verst\u00f6\u00dft, hat sie das Recht, eine Beschwerde bei der Aufsichtsbeh\u00f6rde, dem Amt f\u00fcr den Schutz personenbezogener Daten, einzureichen.<br \/>&#8211; F\u00fcr weitere Informationen zu den Grunds\u00e4tzen der Verarbeitung und des Schutzes personenbezogener Daten bei der verantwortlichen Stelle wenden Sie sich bitte an den Data Controller:<br \/><strong>E-Mail Adresse: <a href=\"mailto:p.ziach@ticol.pl\">p.ziach@ticol.pl <\/a> <\/strong><\/p>\n<p>&nbsp;<\/p>\n<\/div>\n<p>[\/et_pb_text][et_pb_text _builder_version=&#8220;4.2.2&#8243; header_2_text_color=&#8220;#000000&#8243; header_2_font_size=&#8220;33px&#8220; text_orientation=&#8220;justify&#8220; z_index_tablet=&#8220;500&#8243; text_text_shadow_horizontal_length_tablet=&#8220;0px&#8220; text_text_shadow_vertical_length_tablet=&#8220;0px&#8220; text_text_shadow_blur_strength_tablet=&#8220;1px&#8220; link_text_shadow_horizontal_length_tablet=&#8220;0px&#8220; link_text_shadow_vertical_length_tablet=&#8220;0px&#8220; link_text_shadow_blur_strength_tablet=&#8220;1px&#8220; ul_text_shadow_horizontal_length_tablet=&#8220;0px&#8220; ul_text_shadow_vertical_length_tablet=&#8220;0px&#8220; ul_text_shadow_blur_strength_tablet=&#8220;1px&#8220; ol_text_shadow_horizontal_length_tablet=&#8220;0px&#8220; ol_text_shadow_vertical_length_tablet=&#8220;0px&#8220; ol_text_shadow_blur_strength_tablet=&#8220;1px&#8220; quote_text_shadow_horizontal_length_tablet=&#8220;0px&#8220; quote_text_shadow_vertical_length_tablet=&#8220;0px&#8220; quote_text_shadow_blur_strength_tablet=&#8220;1px&#8220; header_text_shadow_horizontal_length_tablet=&#8220;0px&#8220; header_text_shadow_vertical_length_tablet=&#8220;0px&#8220; header_text_shadow_blur_strength_tablet=&#8220;1px&#8220; header_2_text_shadow_horizontal_length_tablet=&#8220;0px&#8220; header_2_text_shadow_vertical_length_tablet=&#8220;0px&#8220; header_2_text_shadow_blur_strength_tablet=&#8220;1px&#8220; header_3_text_shadow_horizontal_length_tablet=&#8220;0px&#8220; header_3_text_shadow_vertical_length_tablet=&#8220;0px&#8220; header_3_text_shadow_blur_strength_tablet=&#8220;1px&#8220; header_4_text_shadow_horizontal_length_tablet=&#8220;0px&#8220; header_4_text_shadow_vertical_length_tablet=&#8220;0px&#8220; header_4_text_shadow_blur_strength_tablet=&#8220;1px&#8220; header_5_text_shadow_horizontal_length_tablet=&#8220;0px&#8220; header_5_text_shadow_vertical_length_tablet=&#8220;0px&#8220; header_5_text_shadow_blur_strength_tablet=&#8220;1px&#8220; header_6_text_shadow_horizontal_length_tablet=&#8220;0px&#8220; header_6_text_shadow_vertical_length_tablet=&#8220;0px&#8220; header_6_text_shadow_blur_strength_tablet=&#8220;1px&#8220; box_shadow_horizontal_tablet=&#8220;0px&#8220; box_shadow_vertical_tablet=&#8220;0px&#8220; box_shadow_blur_tablet=&#8220;40px&#8220; box_shadow_spread_tablet=&#8220;0px&#8220; text_text_align=&#8220;justify&#8220; global_colors_info=&#8220;{}&#8220;]<\/p>\n<div class=\"col-xs-12 col-sm-12 col-md-12 col-lg-12 people-description\">\n<p>RODO: Verordnung (EU) 2016\/679 des Europ\u00e4ischen Parlaments und des Rates vom 27. April 2016 zum Schutz nat\u00fcrlicher Personen bei der Verarbeitung personenbezogener Daten und zum<\/p>\n<p>&nbsp;<\/p>\n<\/div>\n<p>[\/et_pb_text][\/et_pb_column][\/et_pb_row][\/et_pb_section]<\/p>\n","protected":false},"excerpt":{"rendered":"<p>DATENSCHUTZPOLITIK Wir m\u00f6chten Ihnen versichern, dass wir, um die Privatsph\u00e4re unserer Kunden zu respektieren, f\u00fcr die Sicherheit in \u00dcbereinstimmung mit dem Datenschutzgesetz sorgen. Indem Sie sich f\u00fcr die Nutzung von www.ticol.pl entscheiden, erkl\u00e4ren Sie sich mit den Datenschutzbestimmungen einverstanden, die Sie unten in der Informationspflicht des Administrators finden. Die personenbezogenen Daten der Nutzer des Dienstes [&hellip;]<\/p>\n","protected":false},"author":1,"featured_media":0,"parent":0,"menu_order":0,"comment_status":"closed","ping_status":"closed","template":"","meta":{"_et_pb_use_builder":"on","_et_pb_old_content":"","_et_gb_content_width":"","om_disable_all_campaigns":false,"_monsterinsights_skip_tracking":false,"_monsterinsights_sitenote_active":false,"_monsterinsights_sitenote_note":"","_monsterinsights_sitenote_category":0,"footnotes":""},"class_list":["post-2804","page","type-page","status-publish","hentry"],"aioseo_notices":[],"_links":{"self":[{"href":"https:\/\/www.ticol.pl\/de\/wp-json\/wp\/v2\/pages\/2804","targetHints":{"allow":["GET"]}}],"collection":[{"href":"https:\/\/www.ticol.pl\/de\/wp-json\/wp\/v2\/pages"}],"about":[{"href":"https:\/\/www.ticol.pl\/de\/wp-json\/wp\/v2\/types\/page"}],"author":[{"embeddable":true,"href":"https:\/\/www.ticol.pl\/de\/wp-json\/wp\/v2\/users\/1"}],"replies":[{"embeddable":true,"href":"https:\/\/www.ticol.pl\/de\/wp-json\/wp\/v2\/comments?post=2804"}],"version-history":[{"count":2,"href":"https:\/\/www.ticol.pl\/de\/wp-json\/wp\/v2\/pages\/2804\/revisions"}],"predecessor-version":[{"id":2813,"href":"https:\/\/www.ticol.pl\/de\/wp-json\/wp\/v2\/pages\/2804\/revisions\/2813"}],"wp:attachment":[{"href":"https:\/\/www.ticol.pl\/de\/wp-json\/wp\/v2\/media?parent=2804"}],"curies":[{"name":"wp","href":"https:\/\/api.w.org\/{rel}","templated":true}]}}